{"id":988,"date":"2023-11-30T15:06:04","date_gmt":"2023-11-30T14:06:04","guid":{"rendered":"https:\/\/bellaryon.com\/?post_type=product&#038;p=988"},"modified":"2025-06-17T21:29:40","modified_gmt":"2025-06-17T19:29:40","slug":"poney-au-crochet","status":"publish","type":"product","link":"https:\/\/bellaryon.com\/index.php\/product\/poney-au-crochet\/","title":{"rendered":"Poneys personnalis\u00e9s au crochet"},"content":{"rendered":"<p style=\"text-align: center;\"><strong>Poneys au crochet fait main disponible avec de nombreux crins et de nombreuses robes diff\u00e9rentes \u00e0 choisir depuis le menu de s\u00e9lection.<\/strong><\/p>\n<p style=\"text-align: center;\"><strong>Pour avoir votre poney personnalis\u00e9<\/strong>, il vous suffit de choisir l&rsquo;option \u00ab\u00a0Personnalis\u00e9\u00a0\u00bb dans le menu de s\u00e9lection et de nous envoyer les d\u00e9tails de votre commande. S&rsquo;il s&rsquo;agit d&rsquo;un cheval existant, communiquez nous aussi des photos de celui-ci sous tous ses angles pour avoir une r\u00e9plique la plus pr\u00e9cise possible.<br \/>\nUne fois la commande pass\u00e9e et les d\u00e9tails communiqu\u00e9s, nous vous notifieront par mail ou par les r\u00e9seaux sociaux de la date de d\u00e9but de fabrication ainsi qu&rsquo;une estimation d&rsquo;envoi de votre commande.<\/p>\n<p style=\"text-align: center;\"><strong>Nous ferons notre possible pour garantir une r\u00e9plique la plus pr\u00e9cise techniquement atteignable, mais des facteurs tel que le choix limit\u00e9 des couleurs de pelote de laines, la pr\u00e9cision limit\u00e9 propre au crochet ainsi que la complexit\u00e9 de certaines robes peuvent interf\u00e9rer avec le rendu.<\/strong><\/p>\n<p style=\"text-align: left;\">\n","protected":false},"excerpt":{"rendered":"<h5 style=\"text-align: left;\">Poneys faits main au crochet<\/h5>\n<p style=\"text-align: center;\"><strong>Personnalisables \u00e0 souhait<\/strong><br \/>\nPour plus d&rsquo;informations je vous invite \u00e0 lire la description ci-dessous<\/p>\n","protected":false},"featured_media":2973,"comment_status":"open","ping_status":"closed","template":"","meta":{"om_disable_all_campaigns":false,"_monsterinsights_skip_tracking":false,"_monsterinsights_sitenote_active":false,"_monsterinsights_sitenote_note":"","_monsterinsights_sitenote_category":0,"jetpack_post_was_ever_published":false},"product_brand":[],"product_cat":[64],"product_tag":[],"class_list":{"0":"post-988","1":"product","2":"type-product","3":"status-publish","4":"has-post-thumbnail","6":"product_cat-poneys","8":"first","9":"instock","10":"shipping-taxable","11":"purchasable","12":"product-type-variable"},"aioseo_notices":[],"jetpack_sharing_enabled":true,"_links":{"self":[{"href":"https:\/\/bellaryon.com\/index.php\/wp-json\/wp\/v2\/product\/988","targetHints":{"allow":["GET"]}}],"collection":[{"href":"https:\/\/bellaryon.com\/index.php\/wp-json\/wp\/v2\/product"}],"about":[{"href":"https:\/\/bellaryon.com\/index.php\/wp-json\/wp\/v2\/types\/product"}],"replies":[{"embeddable":true,"href":"https:\/\/bellaryon.com\/index.php\/wp-json\/wp\/v2\/comments?post=988"}],"wp:featuredmedia":[{"embeddable":true,"href":"https:\/\/bellaryon.com\/index.php\/wp-json\/wp\/v2\/media\/2973"}],"wp:attachment":[{"href":"https:\/\/bellaryon.com\/index.php\/wp-json\/wp\/v2\/media?parent=988"}],"wp:term":[{"taxonomy":"product_brand","embeddable":true,"href":"https:\/\/bellaryon.com\/index.php\/wp-json\/wp\/v2\/product_brand?post=988"},{"taxonomy":"product_cat","embeddable":true,"href":"https:\/\/bellaryon.com\/index.php\/wp-json\/wp\/v2\/product_cat?post=988"},{"taxonomy":"product_tag","embeddable":true,"href":"https:\/\/bellaryon.com\/index.php\/wp-json\/wp\/v2\/product_tag?post=988"}],"curies":[{"name":"wp","href":"https:\/\/api.w.org\/{rel}","templated":true}]}}