{"id":871,"date":"2023-10-23T22:14:12","date_gmt":"2023-10-23T20:14:12","guid":{"rendered":"https:\/\/bellaryon.com\/?post_type=product&#038;p=871"},"modified":"2025-06-23T15:14:18","modified_gmt":"2025-06-23T13:14:18","slug":"friandise-au-fenugrec","status":"publish","type":"product","link":"https:\/\/bellaryon.com\/index.php\/product\/friandise-au-fenugrec\/","title":{"rendered":"Friandise au fenugrec"},"content":{"rendered":"<h2>Pourquoi ces ingr\u00e9dients<\/h2>\n<ul>\n<li><span style=\"color: #ffffff;\"><span style=\"color: #800080;\"><strong><span style=\"color: #339966;\">Le fenugrec<\/span><\/strong><span style=\"color: #303a32;\"> stimule le m\u00e9tabolisme g\u00e9n\u00e9ral et permet d&rsquo;augmenter naturellement sa masse musculaire en cas d&rsquo;amaigrissement et gr\u00e2ce \u00e0 sa haute teneur en prot\u00e9ine. I<\/span><\/span><\/span><span style=\"color: #ffffff;\"><span style=\"color: #800080;\"><span style=\"color: #303a32;\">l contribue \u00e9galement a une prise de poids rapide tout en \u00e9vitant le surplus de gras.<\/span><\/span><\/span><\/li>\n<li><span style=\"color: #303a32;\"><span style=\"color: #800080;\"><span style=\"color: #303a32;\">Il permet \u00e9galement d&rsquo;aider a la lactation de la poulini\u00e8re.<\/span><\/span><\/span><\/li>\n<\/ul>\n<p>&nbsp;<\/p>\n<ul>\n<li><span style=\"color: #ffcc00;\"><strong>L\u2019orge<\/strong><\/span> est une tr\u00e8s bonne source de prot\u00e9ines pour votre cheval mais aide \u00e9galement l\u2019appareil digestif gr\u00e2ce \u00e0 son action \u00e9molliente et sa grande digestibilit\u00e9.<\/li>\n<li>Il poss\u00e8de aussi de la vitamine B9 en grande quantit\u00e9 qui contribue au bon fonctionnement du syst\u00e8me immunitaire. Il poss\u00e8de \u00e9galement une multitude de min\u00e9raux tel que du s\u00e9l\u00e9nium et du magn\u00e9sium.<\/li>\n<li>\u00a0Toutes ces qualit\u00e9s en font une c\u00e9r\u00e9ale excellente pour la sant\u00e9 de votre cheval.<\/li>\n<\/ul>\n","protected":false},"excerpt":{"rendered":"<p>La friandise au fenugrec contribue \u00e0 la prise de masse de votre cheval.<\/p>\n<p>&nbsp;<\/p>\n<p>Offrez \u00e0 votre cheval des friandises naturelles et artisanales avec les bonbons pour chevaux Bellaryon, fabriqu\u00e9s en France \u00e0 partir d\u2019ingr\u00e9dients sains et sans additifs.<\/p>\n","protected":false},"featured_media":2753,"comment_status":"open","ping_status":"closed","template":"","meta":{"om_disable_all_campaigns":false,"_monsterinsights_skip_tracking":false,"_monsterinsights_sitenote_active":false,"_monsterinsights_sitenote_note":"","_monsterinsights_sitenote_category":0,"jetpack_post_was_ever_published":false},"product_brand":[],"product_cat":[75],"product_tag":[32,34,31,33],"class_list":{"0":"post-871","1":"product","2":"type-product","3":"status-publish","4":"has-post-thumbnail","6":"product_cat-les-classiques","7":"product_tag-bonbon","8":"product_tag-cheval","9":"product_tag-friandise","10":"product_tag-plaisir","12":"first","13":"instock","14":"shipping-taxable","15":"purchasable","16":"product-type-variable"},"aioseo_notices":[],"jetpack_sharing_enabled":true,"_links":{"self":[{"href":"https:\/\/bellaryon.com\/index.php\/wp-json\/wp\/v2\/product\/871","targetHints":{"allow":["GET"]}}],"collection":[{"href":"https:\/\/bellaryon.com\/index.php\/wp-json\/wp\/v2\/product"}],"about":[{"href":"https:\/\/bellaryon.com\/index.php\/wp-json\/wp\/v2\/types\/product"}],"replies":[{"embeddable":true,"href":"https:\/\/bellaryon.com\/index.php\/wp-json\/wp\/v2\/comments?post=871"}],"wp:featuredmedia":[{"embeddable":true,"href":"https:\/\/bellaryon.com\/index.php\/wp-json\/wp\/v2\/media\/2753"}],"wp:attachment":[{"href":"https:\/\/bellaryon.com\/index.php\/wp-json\/wp\/v2\/media?parent=871"}],"wp:term":[{"taxonomy":"product_brand","embeddable":true,"href":"https:\/\/bellaryon.com\/index.php\/wp-json\/wp\/v2\/product_brand?post=871"},{"taxonomy":"product_cat","embeddable":true,"href":"https:\/\/bellaryon.com\/index.php\/wp-json\/wp\/v2\/product_cat?post=871"},{"taxonomy":"product_tag","embeddable":true,"href":"https:\/\/bellaryon.com\/index.php\/wp-json\/wp\/v2\/product_tag?post=871"}],"curies":[{"name":"wp","href":"https:\/\/api.w.org\/{rel}","templated":true}]}}