{"id":820,"date":"2023-10-12T22:41:57","date_gmt":"2023-10-12T20:41:57","guid":{"rendered":"https:\/\/bellaryon.com\/?post_type=product&#038;p=820"},"modified":"2024-10-24T19:27:39","modified_gmt":"2024-10-24T17:27:39","slug":"box-surprise","status":"publish","type":"product","link":"https:\/\/bellaryon.com\/index.php\/product\/box-surprise\/","title":{"rendered":"Box surprise"},"content":{"rendered":"<p>Box contenant 3 paquets de 200g avec des go\u00fbts que vous d\u00e9couvrirez en recevant votre colis.<\/p>\n<p>Et nous suivons les saisons&#8230;.. Halloween, No\u00ebl, St Valentin&#8230;..<\/p>\n<p>Surprise, surprise&#8230;<\/p>\n","protected":false},"excerpt":{"rendered":"<p>Box contenant 3 paquets de 200g avec des go\u00fbts que vous d\u00e9couvrirez en recevant votre colis. Et nous suivons les saisons&#8230;.. Halloween, No\u00ebl, St Valentin&#8230;.. Surprise, surprise&#8230;<\/p>\n","protected":false},"featured_media":3195,"comment_status":"open","ping_status":"closed","template":"","meta":{"om_disable_all_campaigns":false,"_monsterinsights_skip_tracking":false,"_monsterinsights_sitenote_active":false,"_monsterinsights_sitenote_note":"","_monsterinsights_sitenote_category":0,"jetpack_post_was_ever_published":false},"product_brand":[],"product_cat":[52],"product_tag":[],"class_list":{"0":"post-820","1":"product","2":"type-product","3":"status-publish","4":"has-post-thumbnail","6":"product_cat-friandises-evenementielles","8":"first","9":"instock","10":"shipping-taxable","11":"purchasable","12":"product-type-simple"},"aioseo_notices":[],"jetpack_sharing_enabled":true,"_links":{"self":[{"href":"https:\/\/bellaryon.com\/index.php\/wp-json\/wp\/v2\/product\/820","targetHints":{"allow":["GET"]}}],"collection":[{"href":"https:\/\/bellaryon.com\/index.php\/wp-json\/wp\/v2\/product"}],"about":[{"href":"https:\/\/bellaryon.com\/index.php\/wp-json\/wp\/v2\/types\/product"}],"replies":[{"embeddable":true,"href":"https:\/\/bellaryon.com\/index.php\/wp-json\/wp\/v2\/comments?post=820"}],"wp:featuredmedia":[{"embeddable":true,"href":"https:\/\/bellaryon.com\/index.php\/wp-json\/wp\/v2\/media\/3195"}],"wp:attachment":[{"href":"https:\/\/bellaryon.com\/index.php\/wp-json\/wp\/v2\/media?parent=820"}],"wp:term":[{"taxonomy":"product_brand","embeddable":true,"href":"https:\/\/bellaryon.com\/index.php\/wp-json\/wp\/v2\/product_brand?post=820"},{"taxonomy":"product_cat","embeddable":true,"href":"https:\/\/bellaryon.com\/index.php\/wp-json\/wp\/v2\/product_cat?post=820"},{"taxonomy":"product_tag","embeddable":true,"href":"https:\/\/bellaryon.com\/index.php\/wp-json\/wp\/v2\/product_tag?post=820"}],"curies":[{"name":"wp","href":"https:\/\/api.w.org\/{rel}","templated":true}]}}