{"id":79,"date":"2023-06-02T21:02:47","date_gmt":"2023-06-02T19:02:47","guid":{"rendered":"https:\/\/bellaryon.com\/?post_type=product&#038;p=79"},"modified":"2025-06-23T22:08:24","modified_gmt":"2025-06-23T20:08:24","slug":"friandise-a-la-betterave","status":"publish","type":"product","link":"https:\/\/bellaryon.com\/index.php\/product\/friandise-a-la-betterave\/","title":{"rendered":"Friandise \u00e0 la betterave"},"content":{"rendered":"<h2>Pourquoi ces ingr\u00e9dients<\/h2>\n<p>&nbsp;<\/p>\n<ul>\n<li><strong><span style=\"color: #993366;\">La betterave<\/span><\/strong> est riche en vitamine C et B9, en min\u00e9raux tel que le fer, le cuivre, le zinc et le mangan\u00e8se, en fibre et en prot\u00e9ines.<\/li>\n<li>C\u2019est un anti colique, elle influe sur le syst\u00e8me cardiovasculaire et \u00e0 une action antioxydante.<\/li>\n<li>Elle am\u00e9liore le poil, la peau et les sabots du cheval.<\/li>\n<\/ul>\n<p>&nbsp;<\/p>\n<ul>\n<li><strong>Le lin<\/strong> soulage l\u2019appareil digestif en ayant une action protectrice sur les muqueuses lui permettant de pr\u00e9venir l\u2019apparition d\u2019ulc\u00e8re.<\/li>\n<li>Le lin est riche en vitamine B1, B2, B3, B5, B6, B9, vitamine C, E, K ainsi que du fer, du zinc et du calcium qui permettent de faire briller le poil et am\u00e9liore la sant\u00e9 de la peau.<\/li>\n<\/ul>\n<p>&nbsp;<\/p>\n<ul>\n<li><span style=\"color: #339966;\"><strong>La coriandre<\/strong><\/span> stimule l\u2019app\u00e9tit.<\/li>\n<li>C\u2019est une source de vitamines K.<\/li>\n<li>Elle a des vertus digestives, antibact\u00e9rienne, antioxydante et tonifiante gr\u00e2ce \u00e0 sa vitamine C.<\/li>\n<\/ul>\n<p>&nbsp;<\/p>\n<ul>\n<li><span style=\"color: #ffcc00;\"><strong>L\u2019orge<\/strong><\/span> est une tr\u00e8s bonne source de prot\u00e9ines pour votre cheval mais aide \u00e9galement l\u2019appareil digestif gr\u00e2ce \u00e0 son action \u00e9molliente et sa grande digestibilit\u00e9.<\/li>\n<li>Il poss\u00e8de aussi de la vitamine B9 en grande quantit\u00e9 qui contribue au bon fonctionnement du syst\u00e8me immunitaire.<\/li>\n<li>Il a aussi une multitude de min\u00e9raux tel que du s\u00e9l\u00e9nium et du magn\u00e9sium, ce qui en fait une c\u00e9r\u00e9ale excellente pour la sant\u00e9 de votre cheval.<\/li>\n<\/ul>\n","protected":false},"excerpt":{"rendered":"<p>La friandise \u00e0 la betterave am\u00e9liorera les crins de votre cheval.<\/p>\n<p>&nbsp;<\/p>\n<p>Offrez \u00e0 votre cheval des friandises naturelles et artisanales avec les bonbons pour chevaux Bellaryon, fabriqu\u00e9s en France \u00e0 partir d\u2019ingr\u00e9dients sains et sans additifs.<\/p>\n","protected":false},"featured_media":2957,"comment_status":"open","ping_status":"closed","template":"","meta":{"om_disable_all_campaigns":false,"_monsterinsights_skip_tracking":false,"_monsterinsights_sitenote_active":false,"_monsterinsights_sitenote_note":"","_monsterinsights_sitenote_category":0,"jetpack_post_was_ever_published":false},"product_brand":[],"product_cat":[75],"product_tag":[115,32,34,116,31,114,33],"class_list":{"0":"post-79","1":"product","2":"type-product","3":"status-publish","4":"has-post-thumbnail","6":"product_cat-les-classiques","7":"product_tag-betterave","8":"product_tag-bonbon","9":"product_tag-cheval","10":"product_tag-coriandre","11":"product_tag-friandise","12":"product_tag-lin","13":"product_tag-plaisir","15":"first","16":"instock","17":"shipping-taxable","18":"purchasable","19":"product-type-variable"},"aioseo_notices":[],"jetpack_sharing_enabled":true,"_links":{"self":[{"href":"https:\/\/bellaryon.com\/index.php\/wp-json\/wp\/v2\/product\/79","targetHints":{"allow":["GET"]}}],"collection":[{"href":"https:\/\/bellaryon.com\/index.php\/wp-json\/wp\/v2\/product"}],"about":[{"href":"https:\/\/bellaryon.com\/index.php\/wp-json\/wp\/v2\/types\/product"}],"replies":[{"embeddable":true,"href":"https:\/\/bellaryon.com\/index.php\/wp-json\/wp\/v2\/comments?post=79"}],"wp:featuredmedia":[{"embeddable":true,"href":"https:\/\/bellaryon.com\/index.php\/wp-json\/wp\/v2\/media\/2957"}],"wp:attachment":[{"href":"https:\/\/bellaryon.com\/index.php\/wp-json\/wp\/v2\/media?parent=79"}],"wp:term":[{"taxonomy":"product_brand","embeddable":true,"href":"https:\/\/bellaryon.com\/index.php\/wp-json\/wp\/v2\/product_brand?post=79"},{"taxonomy":"product_cat","embeddable":true,"href":"https:\/\/bellaryon.com\/index.php\/wp-json\/wp\/v2\/product_cat?post=79"},{"taxonomy":"product_tag","embeddable":true,"href":"https:\/\/bellaryon.com\/index.php\/wp-json\/wp\/v2\/product_tag?post=79"}],"curies":[{"name":"wp","href":"https:\/\/api.w.org\/{rel}","templated":true}]}}