{"id":617,"date":"2023-07-17T22:19:10","date_gmt":"2023-07-17T20:19:10","guid":{"rendered":"https:\/\/bellaryon.com\/?post_type=product&#038;p=617"},"modified":"2025-06-23T15:48:05","modified_gmt":"2025-06-23T13:48:05","slug":"friandise-a-lortie","status":"publish","type":"product","link":"https:\/\/bellaryon.com\/index.php\/product\/friandise-a-lortie\/","title":{"rendered":"Friandise \u00e0 l&rsquo;ortie"},"content":{"rendered":"<h2>Pourquoi ces ingr\u00e9dients<\/h2>\n<p>&nbsp;<\/p>\n<ul>\n<li><span style=\"color: #008000;\"><strong>L&rsquo;ortie<\/strong><\/span> est riche en prot\u00e9ines, sels min\u00e9raux, oligo\u00e9l\u00e9ments, vitamines, silice, chlorophylle, tanin et s\u00e9cr\u00e9tine ce qui lui conf\u00e8re de nombreuses vertus.<\/li>\n<li>Elle est utile en cas de faiblesse articulaire, est un antian\u00e9mique et anti-inflammatoire.<\/li>\n<li>De plus, elle est un tr\u00e8s bon tonique sanguin, remin\u00e9ralisante et stimule les fonctions digestives.<\/li>\n<li>Et c&rsquo;est un bon draineur h\u00e9patique, diur\u00e9tique, antiarthritique, anti rhumatismes qui lutte contre l&rsquo;anxi\u00e9t\u00e9 et la d\u00e9pression.<\/li>\n<\/ul>\n<p>&nbsp;<\/p>\n<ul>\n<li><span style=\"color: #ffcc00;\"><strong>L\u2019orge<\/strong><\/span> est une tr\u00e8s bonne source de prot\u00e9ines pour votre cheval mais aide \u00e9galement l\u2019appareil digestif gr\u00e2ce \u00e0 son action \u00e9molliente et sa grande digestibilit\u00e9.<\/li>\n<li>Il poss\u00e8de aussi de la vitamine B9 en grande quantit\u00e9 qui contribue au bon fonctionnement du syst\u00e8me immunitaire.<\/li>\n<li>Il a aussi une multitude de min\u00e9raux tel que du s\u00e9l\u00e9nium et du magn\u00e9sium, ce qui en fait une c\u00e9r\u00e9ale excellente pour la sant\u00e9 de votre cheval.<\/li>\n<\/ul>\n","protected":false},"excerpt":{"rendered":"<p>Pour tous les probl\u00e8mes, la friandises \u00e0 l&rsquo;ortie est l\u00e0.<\/p>\n<p>&nbsp;<\/p>\n<p>Offrez \u00e0 votre cheval des friandises naturelles et artisanales avec les bonbons pour chevaux Bellaryon, fabriqu\u00e9s en France \u00e0 partir d\u2019ingr\u00e9dients sains et sans additifs.<\/p>\n","protected":false},"featured_media":3993,"comment_status":"open","ping_status":"closed","template":"","meta":{"om_disable_all_campaigns":false,"_monsterinsights_skip_tracking":false,"_monsterinsights_sitenote_active":false,"_monsterinsights_sitenote_note":"","_monsterinsights_sitenote_category":0,"jetpack_post_was_ever_published":false},"product_brand":[],"product_cat":[75],"product_tag":[32,34,31,33,30],"class_list":{"0":"post-617","1":"product","2":"type-product","3":"status-publish","4":"has-post-thumbnail","6":"product_cat-les-classiques","7":"product_tag-bonbon","8":"product_tag-cheval","9":"product_tag-friandise","10":"product_tag-plaisir","11":"product_tag-pomme","13":"first","14":"instock","15":"shipping-taxable","16":"purchasable","17":"product-type-variable"},"aioseo_notices":[],"jetpack_sharing_enabled":true,"_links":{"self":[{"href":"https:\/\/bellaryon.com\/index.php\/wp-json\/wp\/v2\/product\/617","targetHints":{"allow":["GET"]}}],"collection":[{"href":"https:\/\/bellaryon.com\/index.php\/wp-json\/wp\/v2\/product"}],"about":[{"href":"https:\/\/bellaryon.com\/index.php\/wp-json\/wp\/v2\/types\/product"}],"replies":[{"embeddable":true,"href":"https:\/\/bellaryon.com\/index.php\/wp-json\/wp\/v2\/comments?post=617"}],"wp:featuredmedia":[{"embeddable":true,"href":"https:\/\/bellaryon.com\/index.php\/wp-json\/wp\/v2\/media\/3993"}],"wp:attachment":[{"href":"https:\/\/bellaryon.com\/index.php\/wp-json\/wp\/v2\/media?parent=617"}],"wp:term":[{"taxonomy":"product_brand","embeddable":true,"href":"https:\/\/bellaryon.com\/index.php\/wp-json\/wp\/v2\/product_brand?post=617"},{"taxonomy":"product_cat","embeddable":true,"href":"https:\/\/bellaryon.com\/index.php\/wp-json\/wp\/v2\/product_cat?post=617"},{"taxonomy":"product_tag","embeddable":true,"href":"https:\/\/bellaryon.com\/index.php\/wp-json\/wp\/v2\/product_tag?post=617"}],"curies":[{"name":"wp","href":"https:\/\/api.w.org\/{rel}","templated":true}]}}