{"id":4704,"date":"2025-08-15T22:04:35","date_gmt":"2025-08-15T20:04:35","guid":{"rendered":"https:\/\/bellaryon.com\/?post_type=product&#038;p=4704"},"modified":"2025-08-19T10:42:32","modified_gmt":"2025-08-19T08:42:32","slug":"les-gourmandises","status":"publish","type":"product","link":"https:\/\/bellaryon.com\/index.php\/product\/les-gourmandises\/","title":{"rendered":"Les gourmandises"},"content":{"rendered":"<p>Dans <span style=\"color: #cc99ff;\">les gourmandises<\/span> vous y retrouverez toutes nos nouveaut\u00e9s, une explosion de saveurs et de d\u00e9lices pour vos moiti\u00e9s \u00e0 4 sabots !<\/p>\n<p><span style=\"color: #ff9900;\">Des macarons<\/span> : offrez \u00e0 votre cheval une friandise aussi \u00e9l\u00e9gante que savoureuse avec nos <span style=\"color: #ff9900;\"><strong data-start=\"401\" data-end=\"450\">macarons <\/strong>\u00a0<\/span>! Ces douceurs uniques sont id\u00e9ales pour r\u00e9compenser votre cheval tout en prenant soin de sa sant\u00e9.<\/p>\n<p><span style=\"color: #ff9900;\">Nos macarons<\/span> pour chevaux sont non seulement d\u00e9licieux, mais aussi irr\u00e9sistiblement jolis \u2013 parfaits pour les concours, les s\u00e9ances photo, ou simplement pour chouchouter votre fid\u00e8le compagnon.<\/p>\n<p><span style=\"color: #99cc00;\">Des cookies<\/span> : Nos <span style=\"color: #99cc00;\">cookies<\/span> sont croquants \u00e0 l\u2019ext\u00e9rieur et pleins de bonnes choses \u00e0 l\u2019int\u00e9rieur \u2013 de quoi faire saliver n\u2019importe quel poney ! Une friandise saine, id\u00e9ale pour renforcer la complicit\u00e9 entre vous et votre cheval.<\/p>\n<p><span style=\"color: #ff00ff;\">Les tartelettes : <\/span>Faites fondre le c\u0153ur (et les papilles) de votre cheval avec nos <strong data-start=\"295\" data-end=\"326\"><span style=\"color: #ff00ff;\">tartelettes<\/span><\/strong> 100% naturelles, inspir\u00e9es des vraies douceurs de la p\u00e2tisserie\u2026 mais adapt\u00e9es aux besoins des \u00e9quid\u00e9s !<\/p>\n<p data-start=\"417\" data-end=\"617\">Chaque <span style=\"color: #ff00ff;\">tartelette<\/span> est faite \u00e0 la main avec des ingr\u00e9dients simples, sains et savoureux : un fond croustillant \u00e0 base d&rsquo;orge, garni de pur\u00e9e de fruits ou de l\u00e9gumes selon la recette.<\/p>\n<p data-start=\"417\" data-end=\"617\"><span style=\"color: #ff6600;\">Les tablette :<\/span> Faites d\u00e9couvrir \u00e0 votre cheval une friandise aussi \u00e9l\u00e9gante qu\u2019amusante avec notre <strong data-start=\"383\" data-end=\"410\"><span style=\"color: #ff6600;\">tablette <\/span><\/strong><span style=\"color: #ff6600;\"><span style=\"color: #000000;\">f<\/span><\/span>a\u00e7on chocolat, sp\u00e9cialement formul\u00e9e pour les \u00e9quid\u00e9s. Pas de cacao ici, mais un m\u00e9lange savoureux de c\u00e9r\u00e9ales, fruits s\u00e9ch\u00e9s et l\u00e9gumes naturels, press\u00e9s et moul\u00e9s en tablette\u2026 pour une exp\u00e9rience gourmande unique !<\/p>\n<p data-start=\"417\" data-end=\"617\"><span style=\"color: #000000;\">Pr\u00e9sent\u00e9e comme une v\u00e9ritable tablette de chocolat, cette friandise allie plaisir, originalit\u00e9 et nutrition, tout en respectant la sant\u00e9 digestive de votre cheval.<\/span><\/p>\n<p data-start=\"417\" data-end=\"617\"><span style=\"color: #00ccff;\">Les donut : <\/span>Offrez \u00e0 votre cheval un moment de pur plaisir avec notre <strong data-start=\"262\" data-end=\"280\"><span style=\"color: #00ffff;\">donut<\/span> <\/strong>gourmand, une friandise originale et irr\u00e9sistible, pens\u00e9e pour r\u00e9compenser en beaut\u00e9\u2026 sans compromis sur la sant\u00e9.<\/p>\n<p data-start=\"388\" data-end=\"580\">Visuellement aussi app\u00e9tissant qu\u2019un vrai <span style=\"color: #00ffff;\">donut,<\/span> mais <strong data-start=\"442\" data-end=\"465\">1<\/strong>00% \u00e9quin friendly : pas de sucre, pas de friture, seulement des ingr\u00e9dients naturels, riches en fibres et parfaitement digestes.<\/p>\n<p data-start=\"1333\" data-end=\"1530\">Inspir\u00e9 de la p\u00e2tisserie artisanale, notre <strong data-start=\"1376\" data-end=\"1398\"><span style=\"color: #00ffff;\">donut<\/span> <\/strong>pour chevaux est une friandise haut de gamme, pens\u00e9e pour offrir un moment de plaisir raffin\u00e9 \u00e0 votre cheval, sans jamais compromettre sa sant\u00e9.<\/p>\n<p data-start=\"1532\" data-end=\"1724\">Confectionn\u00e9 \u00e0 la main avec des ingr\u00e9dients naturels, ce <span style=\"color: #00ffff;\">donut<\/span> se distingue par sa base tendre \u00e0 l\u2019orge et son gla\u00e7age v\u00e9g\u00e9tal d\u00e9licat \u00e0 base de fruits ou de l\u00e9gumes s\u00e9ch\u00e9s.<\/p>\n","protected":false},"excerpt":{"rendered":"<p>Nos gourmandises pour chevaux, macaron, cookie, donut, tartelette et tablette, sont 100% naturelles et sans sucre ajout\u00e9, faites \u00e0 la main.<\/p>\n<p>&nbsp;<\/p>\n","protected":false},"featured_media":4739,"comment_status":"open","ping_status":"closed","template":"","meta":{"om_disable_all_campaigns":false,"_monsterinsights_skip_tracking":false,"_monsterinsights_sitenote_active":false,"_monsterinsights_sitenote_note":"","_monsterinsights_sitenote_category":0,"jetpack_post_was_ever_published":false},"product_brand":[],"product_cat":[52],"product_tag":[],"class_list":{"0":"post-4704","1":"product","2":"type-product","3":"status-publish","4":"has-post-thumbnail","6":"product_cat-friandises-evenementielles","8":"first","9":"instock","10":"featured","11":"shipping-taxable","12":"purchasable","13":"product-type-variable"},"aioseo_notices":[],"jetpack_sharing_enabled":true,"_links":{"self":[{"href":"https:\/\/bellaryon.com\/index.php\/wp-json\/wp\/v2\/product\/4704","targetHints":{"allow":["GET"]}}],"collection":[{"href":"https:\/\/bellaryon.com\/index.php\/wp-json\/wp\/v2\/product"}],"about":[{"href":"https:\/\/bellaryon.com\/index.php\/wp-json\/wp\/v2\/types\/product"}],"replies":[{"embeddable":true,"href":"https:\/\/bellaryon.com\/index.php\/wp-json\/wp\/v2\/comments?post=4704"}],"wp:featuredmedia":[{"embeddable":true,"href":"https:\/\/bellaryon.com\/index.php\/wp-json\/wp\/v2\/media\/4739"}],"wp:attachment":[{"href":"https:\/\/bellaryon.com\/index.php\/wp-json\/wp\/v2\/media?parent=4704"}],"wp:term":[{"taxonomy":"product_brand","embeddable":true,"href":"https:\/\/bellaryon.com\/index.php\/wp-json\/wp\/v2\/product_brand?post=4704"},{"taxonomy":"product_cat","embeddable":true,"href":"https:\/\/bellaryon.com\/index.php\/wp-json\/wp\/v2\/product_cat?post=4704"},{"taxonomy":"product_tag","embeddable":true,"href":"https:\/\/bellaryon.com\/index.php\/wp-json\/wp\/v2\/product_tag?post=4704"}],"curies":[{"name":"wp","href":"https:\/\/api.w.org\/{rel}","templated":true}]}}