{"id":4692,"date":"2025-08-19T10:01:41","date_gmt":"2025-08-19T08:01:41","guid":{"rendered":"https:\/\/bellaryon.com\/?post_type=product&#038;p=4692"},"modified":"2025-09-19T09:15:47","modified_gmt":"2025-09-19T07:15:47","slug":"la-biscuiterie","status":"publish","type":"product","link":"https:\/\/bellaryon.com\/index.php\/product\/la-biscuiterie\/","title":{"rendered":"La biscuiterie"},"content":{"rendered":"<p>Quoi de mieux pour votre poney que de nombreuses sortes de friandises aux formes et go\u00fbt in\u00e9dits ? Ces sortes de friandises avec des ingr\u00e9dients sains, toute une biscuiterie \u00e0 votre disposition.<\/p>\n<p>Vous retrouverez dans cette cat\u00e9gorie nos Bellabilles, nos Bellakubs, nos Crakers, nos sticks et nos p&rsquo;tites bouch\u00e9es&#8230; de quoi vous donner le choix pour r\u00e9galer votre cheval.<\/p>\n<p>Les<span style=\"color: #99cc00;\"> bellabilles<\/span> : Des billes de friandises naturelles et nutritives, con\u00e7ues pour stimuler le cheval tout en apportant un compl\u00e9ment sain et savoureux. Leur forme de billes les rend faciles \u00e0 distribuer \u00e0 la main ou \u00e0 placer dans des jouets alimentaires pour enrichissement.<\/p>\n<p>&nbsp;<\/p>\n<p>Les <span style=\"color: #ff6600;\">bellakubs<\/span> : Des friandises en forme de cubes compacts, 100 % naturelles, faciles \u00e0 manipuler, \u00e0 doser et \u00e0 stocker. Parfaites pour le travail \u00e0 pied ou comme simple r\u00e9compense apr\u00e8s l\u2019effort. Leur forme cubique permet aussi de les empiler, de les ins\u00e9rer dans des jouets d\u2019enrichissement ou de les emporter dans la poche sans qu\u2019ils s\u2019effritent.<\/p>\n<p>Les <span style=\"color: #00ccff;\">crackers<\/span> : Des crackers croquants et naturels pour chevaux, faciles \u00e0 casser \u00e0 la main, \u00e0 glisser dans une poche ou \u00e0 utiliser en friandise de r\u00e9compense. Fins, digestes et savoureux, les crackers\u00a0allient plaisir, nutrition et praticit\u00e9.<\/p>\n<p>&nbsp;<\/p>\n<p>Les <span style=\"color: #ffcc99;\">sticks<\/span> : Les sticks sont des friandises naturelles en forme de b\u00e2tonnets croquants, con\u00e7ues pour une distribution facile \u00e0 la main. Ils peuvent \u00e9galement \u00eatre cass\u00e9s en morceaux pour s\u2019adapter \u00e0 toutes les tailles de chevaux ou poneys.<\/p>\n<hr data-start=\"578\" data-end=\"581\" \/>\n","protected":false},"excerpt":{"rendered":"<p>Toute une biscuiterie pour votre loulou, les bellabilles, les bellakubs, les sticks, les crackers et les p&rsquo;tites bouch\u00e9es<\/p>\n","protected":false},"featured_media":4740,"comment_status":"open","ping_status":"closed","template":"","meta":{"om_disable_all_campaigns":false,"_monsterinsights_skip_tracking":false,"_monsterinsights_sitenote_active":false,"_monsterinsights_sitenote_note":"","_monsterinsights_sitenote_category":0,"jetpack_post_was_ever_published":false},"product_brand":[],"product_cat":[52],"product_tag":[],"class_list":{"0":"post-4692","1":"product","2":"type-product","3":"status-publish","4":"has-post-thumbnail","6":"product_cat-friandises-evenementielles","8":"first","9":"instock","10":"shipping-taxable","11":"purchasable","12":"product-type-variable"},"aioseo_notices":[],"jetpack_sharing_enabled":true,"_links":{"self":[{"href":"https:\/\/bellaryon.com\/index.php\/wp-json\/wp\/v2\/product\/4692","targetHints":{"allow":["GET"]}}],"collection":[{"href":"https:\/\/bellaryon.com\/index.php\/wp-json\/wp\/v2\/product"}],"about":[{"href":"https:\/\/bellaryon.com\/index.php\/wp-json\/wp\/v2\/types\/product"}],"replies":[{"embeddable":true,"href":"https:\/\/bellaryon.com\/index.php\/wp-json\/wp\/v2\/comments?post=4692"}],"wp:featuredmedia":[{"embeddable":true,"href":"https:\/\/bellaryon.com\/index.php\/wp-json\/wp\/v2\/media\/4740"}],"wp:attachment":[{"href":"https:\/\/bellaryon.com\/index.php\/wp-json\/wp\/v2\/media?parent=4692"}],"wp:term":[{"taxonomy":"product_brand","embeddable":true,"href":"https:\/\/bellaryon.com\/index.php\/wp-json\/wp\/v2\/product_brand?post=4692"},{"taxonomy":"product_cat","embeddable":true,"href":"https:\/\/bellaryon.com\/index.php\/wp-json\/wp\/v2\/product_cat?post=4692"},{"taxonomy":"product_tag","embeddable":true,"href":"https:\/\/bellaryon.com\/index.php\/wp-json\/wp\/v2\/product_tag?post=4692"}],"curies":[{"name":"wp","href":"https:\/\/api.w.org\/{rel}","templated":true}]}}