{"id":4658,"date":"2025-07-23T21:58:40","date_gmt":"2025-07-23T19:58:40","guid":{"rendered":"https:\/\/bellaryon.com\/?post_type=product&#038;p=4658"},"modified":"2025-07-31T10:45:59","modified_gmt":"2025-07-31T08:45:59","slug":"box-artisanale-de-rentree-bellaryon-x-calesthiel-la-classique","status":"publish","type":"product","link":"https:\/\/bellaryon.com\/index.php\/product\/box-artisanale-de-rentree-bellaryon-x-calesthiel-la-classique\/","title":{"rendered":"Box artisanale de rentr\u00e9e Bellaryon x Calesthiel &#8211; La Classique"},"content":{"rendered":"<h3 data-start=\"353\" data-end=\"435\">\ud83c\udf1f Une box artisanale unique, pour les amoureux du naturel et de l\u2019authentique<\/h3>\n<p data-start=\"437\" data-end=\"739\">Offrez-vous ou offrez \u00e0 un proche une exp\u00e9rience sensorielle et artisanale in\u00e9dite avec la <strong data-start=\"528\" data-end=\"565\">Box Classique Bellaryon x Calesthiel<\/strong>. Pens\u00e9e avec amour et cr\u00e9\u00e9e \u00e0 la main, cette box est le fruit d\u2019un partenariat entre deux marques fran\u00e7aises engag\u00e9es, passionn\u00e9es par la nature, l\u2019artisanat et les animaux.<\/p>\n<h3 data-start=\"746\" data-end=\"772\">\ud83c\udf81 Contenu de la box :<\/h3>\n<p data-start=\"777\" data-end=\"832\">\ud83c\udf6c <strong data-start=\"780\" data-end=\"830\">Un sachet de bonbons naturels Bellaryon \u2013 200g<\/strong><\/p>\n<ul>\n<li data-start=\"838\" data-end=\"916\">Bonbons fabriqu\u00e9s avec des ingr\u00e9dients naturels, sans colorants, sans sucre ajout\u00e9.<\/li>\n<li data-start=\"922\" data-end=\"976\">Saveurs fruit\u00e9es et florales inspir\u00e9es de la nature.<\/li>\n<li data-start=\"982\" data-end=\"1033\">Une douceur saine pour petits et grands gourmands poneys !<\/li>\n<\/ul>\n<p>\ud83e\uddf6 <strong data-start=\"1041\" data-end=\"1087\">Un bijou de licol au crochet \u2013 Poulpy<\/strong><\/p>\n<ul>\n<li data-start=\"1095\" data-end=\"1127\">Fabriqu\u00e9e \u00e0 la main par Bellaryon avec soin.<\/li>\n<li data-start=\"1133\" data-end=\"1211\">Chaque poulpy est unique : plusieurs couleurs possibles (selon les stocks).<\/li>\n<li data-start=\"1217\" data-end=\"1286\">Un clin d\u2019\u0153il po\u00e9tique \u00e0 la nature et \u00e0 la pr\u00e9servation des esp\u00e8ces marines<\/li>\n<\/ul>\n<p data-start=\"1291\" data-end=\"1353\">\ud83d\udc34 <strong data-start=\"1294\" data-end=\"1351\">Un charme anti-tiques sign\u00e9 Calesthiel \u2013 Cr\u00e9ation artisanale<\/strong><\/p>\n<ul>\n<li data-start=\"1359\" data-end=\"1401\">Fait main avec des mat\u00e9riaux de qualit\u00e9.<\/li>\n<li data-start=\"1478\" data-end=\"1537\">Design \u00e9l\u00e9gant, il permettra une tranquillit\u00e9 au pr\u00e9 et dans n&rsquo;importe quel autre environnement.<\/li>\n<\/ul>\n<p>&nbsp;<\/p>\n<h3 data-start=\"1544\" data-end=\"1579\">\ud83c\udf31 Pourquoi choisir cette box ?<\/h3>\n<ul>\n<li data-start=\"1583\" data-end=\"1617\">\u2705 <strong data-start=\"1585\" data-end=\"1615\">100 % artisanale &amp; \u00e9thique<\/strong><\/li>\n<li data-start=\"1620\" data-end=\"1649\">\u2705 <strong data-start=\"1622\" data-end=\"1647\">Fabrication fran\u00e7aise<\/strong><\/li>\n<li data-start=\"1652\" data-end=\"1705\">\u2705 <strong data-start=\"1654\" data-end=\"1703\">Id\u00e9ale pour un cadeau original &amp; personnalis\u00e9<\/strong><\/li>\n<li data-start=\"1708\" data-end=\"1755\">\u2705 <strong data-start=\"1710\" data-end=\"1755\">Soutient deux petites entreprises locales<\/strong><\/li>\n<\/ul>\n<p>&nbsp;<\/p>\n<h3 data-start=\"1762\" data-end=\"1810\">\ud83d\udccfCouleurs disponibles pour le poulpy :<\/h3>\n<ul>\n<li>Bleu<\/li>\n<li>Vert<\/li>\n<li>Rouge<\/li>\n<li>Blanc<\/li>\n<li>Rose<\/li>\n<li>Violet<\/li>\n<li>Jaune<\/li>\n<li>Orange<\/li>\n<\/ul>\n<p>Merci d&rsquo;indiquer la couleur souhait\u00e9e.<\/p>\n<p>&nbsp;<\/p>\n<p>&nbsp;<\/p>\n<h3 data-start=\"1916\" data-end=\"1947\">\ud83d\udce6 Informations pratiques :<\/h3>\n<ul>\n<li data-start=\"1950\" data-end=\"1978\"><strong data-start=\"1950\" data-end=\"1976\">Box en \u00e9dition limit\u00e9e<\/strong><\/li>\n<li data-start=\"1981\" data-end=\"2016\">Box en pr\u00e9commande, exp\u00e9dition faite le 15 septembre 2025.<\/li>\n<li data-start=\"2019\" data-end=\"2071\">Emballage soign\u00e9 et respectueux de l\u2019environnement.<\/li>\n<\/ul>\n","protected":false},"excerpt":{"rendered":"<p>Offrez une box unique avec bonbons naturels, poulpy crochet\u00e9e &amp; charme anti-tiques artisanal. Cadeau \u00e9thique et fait main pour les amoureux du naturel et du cheval.<\/p>\n","protected":false},"featured_media":4668,"comment_status":"open","ping_status":"closed","template":"","meta":{"om_disable_all_campaigns":false,"_monsterinsights_skip_tracking":false,"_monsterinsights_sitenote_active":false,"_monsterinsights_sitenote_note":"","_monsterinsights_sitenote_category":0,"jetpack_post_was_ever_published":false},"product_brand":[],"product_cat":[136],"product_tag":[126,124,131,129,133,127,135,134,132],"class_list":{"0":"post-4658","1":"product","2":"type-product","3":"status-publish","4":"has-post-thumbnail","6":"product_cat-box","7":"product_tag-bonbons-naturels-francais","8":"product_tag-box-artisanale","9":"product_tag-box-cadeau-eco-responsable","10":"product_tag-box-cheval","11":"product_tag-cadeau-nature-ethique","12":"product_tag-cadeau-original-equitation","13":"product_tag-charme-anti-tiques","14":"product_tag-creation-poulpy","15":"product_tag-produits-artisanaux-francais","17":"first","18":"instock","19":"sale","20":"featured","21":"shipping-taxable","22":"purchasable","23":"product-type-variable"},"aioseo_notices":[],"jetpack_sharing_enabled":true,"_links":{"self":[{"href":"https:\/\/bellaryon.com\/index.php\/wp-json\/wp\/v2\/product\/4658","targetHints":{"allow":["GET"]}}],"collection":[{"href":"https:\/\/bellaryon.com\/index.php\/wp-json\/wp\/v2\/product"}],"about":[{"href":"https:\/\/bellaryon.com\/index.php\/wp-json\/wp\/v2\/types\/product"}],"replies":[{"embeddable":true,"href":"https:\/\/bellaryon.com\/index.php\/wp-json\/wp\/v2\/comments?post=4658"}],"wp:featuredmedia":[{"embeddable":true,"href":"https:\/\/bellaryon.com\/index.php\/wp-json\/wp\/v2\/media\/4668"}],"wp:attachment":[{"href":"https:\/\/bellaryon.com\/index.php\/wp-json\/wp\/v2\/media?parent=4658"}],"wp:term":[{"taxonomy":"product_brand","embeddable":true,"href":"https:\/\/bellaryon.com\/index.php\/wp-json\/wp\/v2\/product_brand?post=4658"},{"taxonomy":"product_cat","embeddable":true,"href":"https:\/\/bellaryon.com\/index.php\/wp-json\/wp\/v2\/product_cat?post=4658"},{"taxonomy":"product_tag","embeddable":true,"href":"https:\/\/bellaryon.com\/index.php\/wp-json\/wp\/v2\/product_tag?post=4658"}],"curies":[{"name":"wp","href":"https:\/\/api.w.org\/{rel}","templated":true}]}}