{"id":4558,"date":"2025-07-01T00:21:18","date_gmt":"2025-06-30T22:21:18","guid":{"rendered":"https:\/\/bellaryon.com\/?post_type=product&#038;p=4558"},"modified":"2025-07-04T10:39:35","modified_gmt":"2025-07-04T08:39:35","slug":"__trashed","status":"publish","type":"product","link":"https:\/\/bellaryon.com\/index.php\/product\/__trashed\/","title":{"rendered":"Mix musculaire"},"content":{"rendered":"<h1><strong>Pourquoi ces ingr\u00e9dients<\/strong><\/h1>\n<ul>\n<li><span style=\"color: #339966;\"><strong>La spiruline<\/strong><\/span> est une grande source de vitamines : B1 pour les muscles et le syst\u00e8me nerveux, B2 pour transformer les nutriments en \u00e9nergie, B3 et B12 pour une bon d\u00e9veloppement des globules rouges, E pour stimuler les d\u00e9fenses immunitaires.<\/li>\n<li>Elle poss\u00e8de \u00e9galement des prot\u00e9ines pour assurer une bonne sant\u00e9, des glucides pour l\u2019apport d\u2019\u00e9nergie, des lipides et om\u00e9ga pour le cerveau.<\/li>\n<li>Mais elle a aussi des pigments de chlorophylle qui est un bon nettoyant, purifiant, ainsi que beaucoup de min\u00e9raux et oligo \u00e9l\u00e9ments pour un bon fonctionnement m\u00e9tabolique du cheval.<\/li>\n<\/ul>\n<p>&nbsp;<\/p>\n<ul>\n<li><span style=\"color: #008000;\"><strong>L\u2019ascophylum<\/strong><\/span> est riche en vitamines, min\u00e9raux et oligo-\u00e9l\u00e9ments.<\/li>\n<li>Elle permet une meilleure assimilation des aliments, une meilleure activit\u00e9 de la flore intestinale, une \u00e9limination des toxines et permet de r\u00e9sister aux infections.<\/li>\n<li>Elle est \u00e9galement bonne pour le foie, le poils, la corne, les muscles et la diminution du stress.<\/li>\n<\/ul>\n<p>&nbsp;<\/p>\n<ul>\n<li><span style=\"color: #ffff00;\"><strong>Le fenugrec<\/strong><\/span> stimule le m\u00e9tabolisme g\u00e9n\u00e9ral et permet d\u2019augmenter naturellement sa masse musculaire en cas d\u2019amaigrissement et gr\u00e2ce \u00e0 sa haute teneur en prot\u00e9ine. Il contribue \u00e9galement a une prise de poids rapide tout en \u00e9vitant le surplus de gras.<\/li>\n<li>Il permet \u00e9galement d\u2019aider a la lactation de la poulini\u00e8re.<\/li>\n<\/ul>\n<p>&nbsp;<\/p>\n<ul>\n<li><span style=\"color: #ff00ff;\"><strong>La lavande<\/strong><\/span>, cette plante aromatique, apaise votre cheval.<\/li>\n<li>Concours, box, tonte, environnement inconnu\u2026 toutes ces choses parfois anodines peuvent g\u00e9n\u00e9rer du stress \u00e0 votre cheval. Animal fuyard et prudent de nature, il est souvent confront\u00e9 \u00e0 des situations qui l\u2019inqui\u00e8tent et l\u2019angoissent.<\/li>\n<li>Elle r\u00e9duit son stress.<\/li>\n<li>Elle est particuli\u00e8rement recommand\u00e9e en cas de contracture musculaire, de crampes et d\u2019irritations cutan\u00e9es<\/li>\n<\/ul>\n<p>&nbsp;<\/p>\n<ul>\n<li><span style=\"color: #ff0000;\"><strong>L\u2019aub\u00e9pine<\/strong><\/span> calme le stress et la nervosit\u00e9 et dilate les vaisseaux sanguins ce qui agit sur les courbatures et crampes musculaires suite \u00e0 un effort successif.<\/li>\n<\/ul>\n<p>&nbsp;<\/p>\n<ul>\n<li><span style=\"color: #999999;\"><strong>Les graines de chia<\/strong><\/span> sont excellentes pour le c\u0153ur, facilitent le transit, hydratent la peau, renforcent les os et les dents et apportent une meilleure endurance.<\/li>\n<\/ul>\n<p>&nbsp;<\/p>\n<ul>\n<li><span style=\"color: #ffcc00;\"><strong>L\u2019orge<\/strong><\/span> est une tr\u00e8s bonne source de prot\u00e9ines pour votre cheval mais aide \u00e9galement l\u2019appareil digestif gr\u00e2ce \u00e0 son action \u00e9molliente et sa grande digestibilit\u00e9.<\/li>\n<li>Il poss\u00e8de aussi de la vitamine B9 en grande quantit\u00e9 qui contribue au bon fonctionnement du syst\u00e8me immunitaire, ainsi qu\u2019une multitude de min\u00e9raux tel que du s\u00e9l\u00e9nium et du magn\u00e9sium, ce qui en fait une c\u00e9r\u00e9ale excellente pour la sant\u00e9 de votre cheval.<\/li>\n<\/ul>\n","protected":false},"excerpt":{"rendered":"<p>Un m\u00e9lange qui aidera votre cheval \u00e0 reprendre de l&rsquo;\u00e9tat et de la masse musculaire.<\/p>\n","protected":false},"featured_media":2753,"comment_status":"open","ping_status":"closed","template":"","meta":{"om_disable_all_campaigns":false,"_monsterinsights_skip_tracking":false,"_monsterinsights_sitenote_active":false,"_monsterinsights_sitenote_note":"","_monsterinsights_sitenote_category":0,"jetpack_post_was_ever_published":false},"product_brand":[],"product_cat":[118],"product_tag":[],"class_list":{"0":"post-4558","1":"product","2":"type-product","3":"status-publish","4":"has-post-thumbnail","6":"product_cat-mix","8":"first","9":"instock","10":"shipping-taxable","11":"purchasable","12":"product-type-variable"},"aioseo_notices":[],"jetpack_sharing_enabled":true,"_links":{"self":[{"href":"https:\/\/bellaryon.com\/index.php\/wp-json\/wp\/v2\/product\/4558","targetHints":{"allow":["GET"]}}],"collection":[{"href":"https:\/\/bellaryon.com\/index.php\/wp-json\/wp\/v2\/product"}],"about":[{"href":"https:\/\/bellaryon.com\/index.php\/wp-json\/wp\/v2\/types\/product"}],"replies":[{"embeddable":true,"href":"https:\/\/bellaryon.com\/index.php\/wp-json\/wp\/v2\/comments?post=4558"}],"wp:featuredmedia":[{"embeddable":true,"href":"https:\/\/bellaryon.com\/index.php\/wp-json\/wp\/v2\/media\/2753"}],"wp:attachment":[{"href":"https:\/\/bellaryon.com\/index.php\/wp-json\/wp\/v2\/media?parent=4558"}],"wp:term":[{"taxonomy":"product_brand","embeddable":true,"href":"https:\/\/bellaryon.com\/index.php\/wp-json\/wp\/v2\/product_brand?post=4558"},{"taxonomy":"product_cat","embeddable":true,"href":"https:\/\/bellaryon.com\/index.php\/wp-json\/wp\/v2\/product_cat?post=4558"},{"taxonomy":"product_tag","embeddable":true,"href":"https:\/\/bellaryon.com\/index.php\/wp-json\/wp\/v2\/product_tag?post=4558"}],"curies":[{"name":"wp","href":"https:\/\/api.w.org\/{rel}","templated":true}]}}