{"id":4554,"date":"2025-07-01T00:05:43","date_gmt":"2025-06-30T22:05:43","guid":{"rendered":"https:\/\/bellaryon.com\/?post_type=product&#038;p=4554"},"modified":"2025-07-01T00:18:33","modified_gmt":"2025-06-30T22:18:33","slug":"mix-derme-et-epiderme","status":"publish","type":"product","link":"https:\/\/bellaryon.com\/index.php\/product\/mix-derme-et-epiderme\/","title":{"rendered":"Mix derme et \u00e9piderme"},"content":{"rendered":"<h1>Pourquoi ces ingr\u00e9dients<\/h1>\n<ul>\n<li><span style=\"color: #008000;\"><strong>L\u2019ascophylum<\/strong><\/span> est riche en vitamines, min\u00e9raux et oligo-\u00e9l\u00e9ments.<\/li>\n<li>Elle permet une meilleure assimilation des aliments, une meilleure activit\u00e9 de la flore intestinale, une \u00e9limination des toxines et permet de r\u00e9sister aux infections.<\/li>\n<li>Elle est \u00e9galement bonne pour le foie, le poils, la corne, les muscles et la diminution du stress.<\/li>\n<\/ul>\n<p>&nbsp;<\/p>\n<ul>\n<li><span style=\"color: #ffcc00;\"><strong>Le sel m\u00e9diterran\u00e9en combin\u00e9 au zinc<\/strong><\/span> participe activement \u00e0 l\u2019\u00e9limination des toxines et des substances nocives et soutient l\u2019\u00e9tat de sant\u00e9 g\u00e9n\u00e9ral.<\/li>\n<li>Ce sel et riche en sel, zinc et s\u00e9l\u00e9nium pour une pr\u00e9vention des troubles m\u00e9taboliques, des probl\u00e8mes de peau, de robe et de corne cassante.<\/li>\n<\/ul>\n<p>&nbsp;<\/p>\n<ul>\n<li><span style=\"color: #ff9900;\"><strong>La carotte<\/strong><\/span> est une grande source de b\u00eata-carot\u00e8ne, de fibres douces, de vitamine B et de sels min\u00e9raux.<\/li>\n<li>Elle augmente la r\u00e9sistance des d\u00e9fense naturelles.<\/li>\n<li>Elle poss\u00e8de des propri\u00e9t\u00e9s antian\u00e9miques, digestives, diur\u00e9tiques, antioxydant.<\/li>\n<li>Elle am\u00e9liore la sant\u00e9 oculaire et dermique de votre animal.<\/li>\n<li>Elle favorise aussi la s\u00e9cr\u00e9tion de lait pour les juments.<\/li>\n<li>La carotte \u00e0 alors des b\u00e9n\u00e9fices sur l\u2019ensemble de l\u2019organisme.<\/li>\n<\/ul>\n<p>&nbsp;<\/p>\n<ul>\n<li><span style=\"color: #800000;\"><strong>La bardane<\/strong><\/span> prot\u00e8ge le bon fonctionnement du foie, soulage les d\u00e9mangeaisons, poss\u00e8de une action drainante de l\u2019organisme et est utile pour l\u2019engorgement des membres, elle est aussi riche en probiotiques et une bonne source de min\u00e9raux tel que du potassium.<\/li>\n<\/ul>\n<p>&nbsp;<\/p>\n<ul>\n<li><span style=\"color: #00ff00;\"><strong>Le plantain <\/strong><\/span>est une friandise qui pr\u00e9serve le confort respiratoire et soutient le cheval dans la lutte contre les inflammations chroniques de la sph\u00e8re respiratoire.<\/li>\n<li>De plus, il renforce l\u2019organisme face aux allergies.<\/li>\n<li>Associ\u00e9 par exemple \u00e0 la bardane il soulagera votre compagnon des d\u00e9mangeaisons et dermites estival.<\/li>\n<\/ul>\n<p>&nbsp;<\/p>\n<ul>\n<li><span style=\"color: #993366;\"><strong>La betterave<\/strong><\/span> est riche en vitamine C et B9, en min\u00e9raux tel que le fer, le cuivre, le zinc et le mangan\u00e8se, en fibre et en prot\u00e9ines.<\/li>\n<li>C\u2019est un anti colique, elle influe sur le syst\u00e8me cardiovasculaire et \u00e0 une action antioxydante.<\/li>\n<li>Elle am\u00e9liore le poil, la peau et les sabots du cheval.<\/li>\n<\/ul>\n<p>&nbsp;<\/p>\n<ul>\n<li><span style=\"color: #999999;\"><strong>Les graines de chia<\/strong> <\/span>sont excellentes pour le c\u0153ur, facilitent le transit, hydratent la peau, renforcent les os et les dents et apportent une meilleure endurance.<\/li>\n<\/ul>\n<p>&nbsp;<\/p>\n<ul>\n<li><span style=\"color: #339966;\"><strong>Le romarin<\/strong><\/span> apaise le stress, lutte contre la fatigue, les troubles h\u00e9patiques et les infections respiratoires.<\/li>\n<li>C\u2019est un antioxydant et un anti inflammatoire.<\/li>\n<li>Il acc\u00e9l\u00e8re la pousse des crins et des poils.<\/li>\n<\/ul>\n<p>&nbsp;<\/p>\n<ul>\n<li><span style=\"color: #00ff00;\"><strong>L\u2019ortie<\/strong><\/span> est riche en prot\u00e9ines, sels min\u00e9raux, oligo\u00e9l\u00e9ments, vitamines, silice, chlorophylle, tanin et s\u00e9cr\u00e9tine ce qui lui conf\u00e8re de nombreuses vertus.<\/li>\n<li>Elle est utile en cas de faiblesse articulaire, est un antian\u00e9mique et anti-inflammatoire.<\/li>\n<li>De plus, elle est un tr\u00e8s bon tonique sanguin, remin\u00e9ralisante et stimule les fonctions digestives.<\/li>\n<li>Et c\u2019est un bon draineur h\u00e9patique, diur\u00e9tique, antiarthritique, anti rhumatismes qui lutte contre l\u2019anxi\u00e9t\u00e9 et la d\u00e9pression.<\/li>\n<\/ul>\n<p>&nbsp;<\/p>\n<ul>\n<li><span style=\"color: #ffff00;\"><strong>La camomille matricaire<\/strong><\/span> att\u00e9nue le stress.<\/li>\n<li>Elle facilite la digestion en soulageant les maux d&rsquo;estomac et les ballonnements.<\/li>\n<li>Elle est apaisante et r\u00e9duit l&rsquo;anxi\u00e9t\u00e9.<\/li>\n<\/ul>\n<p>&nbsp;<\/p>\n<ul>\n<li><span style=\"color: #ffcc00;\"><strong>L\u2019orge<\/strong><\/span> est une tr\u00e8s bonne source de prot\u00e9ines pour votre cheval mais aide \u00e9galement l\u2019appareil digestif gr\u00e2ce \u00e0 son action \u00e9molliente et sa grande digestibilit\u00e9.<\/li>\n<li>Il poss\u00e8de aussi de la vitamine B9 en grande quantit\u00e9 qui contribue au bon fonctionnement du syst\u00e8me immunitaire, ainsi qu\u2019une multitude de min\u00e9raux tel que du s\u00e9l\u00e9nium et du magn\u00e9sium, ce qui en fait une c\u00e9r\u00e9ale excellente pour la sant\u00e9 de votre cheval.<\/li>\n<\/ul>\n","protected":false},"excerpt":{"rendered":"<p>Ce mix derme et \u00e9piderme am\u00e9liorera la qualit\u00e9 de crins, de poils, et de corne de votre cheval.<\/p>\n","protected":false},"featured_media":2957,"comment_status":"open","ping_status":"closed","template":"","meta":{"om_disable_all_campaigns":false,"_monsterinsights_skip_tracking":false,"_monsterinsights_sitenote_active":false,"_monsterinsights_sitenote_note":"","_monsterinsights_sitenote_category":0,"jetpack_post_was_ever_published":false},"product_brand":[],"product_cat":[118],"product_tag":[],"class_list":{"0":"post-4554","1":"product","2":"type-product","3":"status-publish","4":"has-post-thumbnail","6":"product_cat-mix","8":"first","9":"instock","10":"shipping-taxable","11":"purchasable","12":"product-type-variable"},"aioseo_notices":[],"jetpack_sharing_enabled":true,"_links":{"self":[{"href":"https:\/\/bellaryon.com\/index.php\/wp-json\/wp\/v2\/product\/4554","targetHints":{"allow":["GET"]}}],"collection":[{"href":"https:\/\/bellaryon.com\/index.php\/wp-json\/wp\/v2\/product"}],"about":[{"href":"https:\/\/bellaryon.com\/index.php\/wp-json\/wp\/v2\/types\/product"}],"replies":[{"embeddable":true,"href":"https:\/\/bellaryon.com\/index.php\/wp-json\/wp\/v2\/comments?post=4554"}],"wp:featuredmedia":[{"embeddable":true,"href":"https:\/\/bellaryon.com\/index.php\/wp-json\/wp\/v2\/media\/2957"}],"wp:attachment":[{"href":"https:\/\/bellaryon.com\/index.php\/wp-json\/wp\/v2\/media?parent=4554"}],"wp:term":[{"taxonomy":"product_brand","embeddable":true,"href":"https:\/\/bellaryon.com\/index.php\/wp-json\/wp\/v2\/product_brand?post=4554"},{"taxonomy":"product_cat","embeddable":true,"href":"https:\/\/bellaryon.com\/index.php\/wp-json\/wp\/v2\/product_cat?post=4554"},{"taxonomy":"product_tag","embeddable":true,"href":"https:\/\/bellaryon.com\/index.php\/wp-json\/wp\/v2\/product_tag?post=4554"}],"curies":[{"name":"wp","href":"https:\/\/api.w.org\/{rel}","templated":true}]}}