{"id":4546,"date":"2025-06-30T23:39:42","date_gmt":"2025-06-30T21:39:42","guid":{"rendered":"https:\/\/bellaryon.com\/?post_type=product&#038;p=4546"},"modified":"2025-06-30T23:47:10","modified_gmt":"2025-06-30T21:47:10","slug":"mix-foie-et-reins","status":"publish","type":"product","link":"https:\/\/bellaryon.com\/index.php\/product\/mix-foie-et-reins\/","title":{"rendered":"Mix foie et reins"},"content":{"rendered":"<h1>Pourquoi ces ingr\u00e9dients<\/h1>\n<ul>\n<li><span style=\"color: #ff9900;\"><strong>Le curcuma<\/strong><\/span> a des effets b\u00e9n\u00e9fiques sur le syst\u00e8me digestif en r\u00e9duisant les ulc\u00e8res et les inflammations de l\u2019estomac ainsi qu\u2019en aidant le foie et les reins \u00e0 \u00e9vacuer les toxines Son action anti-inflammatoire permet de r\u00e9duire les risques d\u2019apparition du syndrome naviculaire.<\/li>\n<\/ul>\n<p>&nbsp;<\/p>\n<ul>\n<li><span style=\"color: #808000;\"><strong>Le romarin<\/strong><\/span> apaise le stress, lutte contre la fatigue, les troubles h\u00e9patiques et les infections respiratoires.<\/li>\n<li>C\u2019est un antioxydant et un anti inflammatoire.<\/li>\n<li>Il acc\u00e9l\u00e8re la pousse des crins et des poils.<\/li>\n<\/ul>\n<p>&nbsp;<\/p>\n<ul>\n<li><span style=\"color: #800000;\"><strong>La bardane<\/strong><\/span> prot\u00e8ge le bon fonctionnement du foie, soulage les d\u00e9mangeaisons, poss\u00e8de une action drainante de l\u2019organisme et est utile pour l\u2019engorgement des membres, elle est aussi riche en probiotiques et une bonne source de min\u00e9raux tel que du potassium.<\/li>\n<\/ul>\n<p>&nbsp;<\/p>\n<ul>\n<li><span style=\"color: #ffff00;\"><strong>Le pissenlit<\/strong><\/span> active le travail du foie et contribue au bon fonctionnement des reins.<\/li>\n<li>Il est riche en antioxydants, fer, calcium et mangan\u00e8se.<\/li>\n<li>Il est aussi riche en vitamines C et D.<\/li>\n<li><span style=\"color: #ffff00;\"><strong>Le pissenlit<\/strong><\/span> poss\u00e8de une action d\u00e9purative gr\u00e2ce au soutien de la fonction h\u00e9pato-biliaire.<\/li>\n<\/ul>\n<p>&nbsp;<\/p>\n<ul>\n<li><span style=\"color: #ff00ff;\"><strong>Le chardon Marie <\/strong><\/span>est un excellent h\u00e9pato protecteur gr\u00e2ce \u00e0 sa richesse en silymarine.<\/li>\n<li>Il peut \u00eatre b\u00e9n\u00e9fique apr\u00e8s un traitement anti-infectieux ou une prise prolong\u00e9e de m\u00e9dicaments. Ses propri\u00e9t\u00e9s h\u00e9pato protectrices sont b\u00e9n\u00e9fiques dans le traitement des infections h\u00e9patiques du cheval \u00e2g\u00e9.<\/li>\n<\/ul>\n<p>&nbsp;<\/p>\n<ul>\n<li><span style=\"color: #008000;\"><strong>L\u2019ascophylum<\/strong><\/span> est riche en vitamines, min\u00e9raux et oligo-\u00e9l\u00e9ments.<\/li>\n<li>Elle permet une meilleure assimilation des aliments, une meilleure activit\u00e9 de la flore intestinale, une \u00e9limination des toxines et permet de r\u00e9sister aux infections.<\/li>\n<li>Elle est \u00e9galement bonne pour le foie, le poils, la corne, les muscles et la diminution du stress.<\/li>\n<\/ul>\n<p>&nbsp;<\/p>\n<ul>\n<li><span style=\"color: #ffcc00;\"><strong>L\u2019orge<\/strong><\/span> est une tr\u00e8s bonne source de prot\u00e9ines pour votre cheval mais aide \u00e9galement l\u2019appareil digestif gr\u00e2ce \u00e0 son action \u00e9molliente et sa grande digestibilit\u00e9.<\/li>\n<li>Il poss\u00e8de aussi de la vitamine B9 en grande quantit\u00e9 qui contribue au bon fonctionnement du syst\u00e8me immunitaire.<\/li>\n<li>Il a aussi une multitude de min\u00e9raux tel que du s\u00e9l\u00e9nium et du magn\u00e9sium, ce qui en fait une c\u00e9r\u00e9ale excellente pour la sant\u00e9 de votre cheval.<\/li>\n<\/ul>\n","protected":false},"excerpt":{"rendered":"<p>Ce Mix foie et reins aidera votre cheval.<\/p>\n","protected":false},"featured_media":3984,"comment_status":"open","ping_status":"closed","template":"","meta":{"om_disable_all_campaigns":false,"_monsterinsights_skip_tracking":false,"_monsterinsights_sitenote_active":false,"_monsterinsights_sitenote_note":"","_monsterinsights_sitenote_category":0,"jetpack_post_was_ever_published":false},"product_brand":[],"product_cat":[118],"product_tag":[],"class_list":{"0":"post-4546","1":"product","2":"type-product","3":"status-publish","4":"has-post-thumbnail","6":"product_cat-mix","8":"first","9":"instock","10":"shipping-taxable","11":"purchasable","12":"product-type-variable"},"aioseo_notices":[],"jetpack_sharing_enabled":true,"_links":{"self":[{"href":"https:\/\/bellaryon.com\/index.php\/wp-json\/wp\/v2\/product\/4546","targetHints":{"allow":["GET"]}}],"collection":[{"href":"https:\/\/bellaryon.com\/index.php\/wp-json\/wp\/v2\/product"}],"about":[{"href":"https:\/\/bellaryon.com\/index.php\/wp-json\/wp\/v2\/types\/product"}],"replies":[{"embeddable":true,"href":"https:\/\/bellaryon.com\/index.php\/wp-json\/wp\/v2\/comments?post=4546"}],"wp:featuredmedia":[{"embeddable":true,"href":"https:\/\/bellaryon.com\/index.php\/wp-json\/wp\/v2\/media\/3984"}],"wp:attachment":[{"href":"https:\/\/bellaryon.com\/index.php\/wp-json\/wp\/v2\/media?parent=4546"}],"wp:term":[{"taxonomy":"product_brand","embeddable":true,"href":"https:\/\/bellaryon.com\/index.php\/wp-json\/wp\/v2\/product_brand?post=4546"},{"taxonomy":"product_cat","embeddable":true,"href":"https:\/\/bellaryon.com\/index.php\/wp-json\/wp\/v2\/product_cat?post=4546"},{"taxonomy":"product_tag","embeddable":true,"href":"https:\/\/bellaryon.com\/index.php\/wp-json\/wp\/v2\/product_tag?post=4546"}],"curies":[{"name":"wp","href":"https:\/\/api.w.org\/{rel}","templated":true}]}}