{"id":4535,"date":"2025-06-30T23:15:51","date_gmt":"2025-06-30T21:15:51","guid":{"rendered":"https:\/\/bellaryon.com\/?post_type=product&#038;p=4535"},"modified":"2025-06-30T23:31:37","modified_gmt":"2025-06-30T21:31:37","slug":"mix-digestion","status":"publish","type":"product","link":"https:\/\/bellaryon.com\/index.php\/product\/mix-digestion\/","title":{"rendered":"Mix digestion"},"content":{"rendered":"<h1><strong>Pourquoi ces ingr\u00e9dients<\/strong><\/h1>\n<ul>\n<li><span style=\"color: #339966;\"><strong>Le fenouil<\/strong><\/span> lutte contre les troubles intestinaux des poulains.<\/li>\n<li>Il soulage les chaleurs des juments.<\/li>\n<li>Cette plante stimule la lactation.<\/li>\n<li>C\u2019est un anti-spasmodique : il stimule la digestion et traite l\u2019inflammation des voies respiratoire comme la toux, le rhume.<\/li>\n<li>Il lutte contre les affections oculaire: conjonctivite, gonflement, irritation ou inflammation des yeux.<\/li>\n<\/ul>\n<p>&nbsp;<\/p>\n<div class=\"x11i5rnm xat24cr x1mh8g0r x1vvkbs xtlvy1s x126k92a\">\n<div class=\"x11i5rnm xat24cr x1mh8g0r x1vvkbs xtlvy1s x126k92a\">\n<ul>\n<li dir=\"auto\"><span style=\"color: #00ff00;\"><strong>La menthe<\/strong><\/span> poss\u00e8de des vertus apaisantes en cas de sensibilit\u00e9 de l\u2019estomac ou de spasme digestif.<\/li>\n<li dir=\"auto\">Elle stimule \u00e9galement la s\u00e9cr\u00e9tion de la bile.<\/li>\n<li dir=\"auto\">Tr\u00e8s appr\u00e9ci\u00e9e des chevaux, elle stimule l\u2019app\u00e9tit et facilite la prise de ration.<\/li>\n<\/ul>\n<p>&nbsp;<\/p>\n<\/div>\n<ul>\n<li><span style=\"color: #99cc00;\"><strong>Le sel m\u00e9diterran\u00e9en combin\u00e9 aux herbes am\u00e8res<\/strong><\/span> \u00e9liminent les toxines et am\u00e9liorent le m\u00e9tabolisme.<\/li>\n<li>Les herbes am\u00e8res favorisent un milieu intestinal sain et hostile aux parasites de par leur haute teneur en amertume et en tanins et renforcent donc le milieu intestinal.<\/li>\n<\/ul>\n<p>&nbsp;<\/p>\n<ul>\n<li><span style=\"color: #999999;\"><strong>Le sel m\u00e9diterran\u00e9en combin\u00e9 aux oligo \u00e9l\u00e9ment<\/strong><\/span> relancent le m\u00e9tabolisme, r\u00e9tablissent l\u2019\u00e9quilibre intestinal et remin\u00e9ralisent l\u2019organisme. Ils peuvent aussi neutraliser les toxines et renforcer le syst\u00e8me immunitaire.<\/li>\n<\/ul>\n<p>&nbsp;<\/p>\n<\/div>\n<div class=\"x11i5rnm xat24cr x1mh8g0r x1vvkbs xtlvy1s x126k92a\">\n<div class=\"x11i5rnm xat24cr x1mh8g0r x1vvkbs xtlvy1s x126k92a\">\n<div class=\"x11i5rnm xat24cr x1mh8g0r x1vvkbs xtlvy1s x126k92a\">\n<div class=\"x11i5rnm xat24cr x1mh8g0r x1vvkbs xtlvy1s x126k92a\">\n<ul>\n<li><span style=\"color: #ff9900;\"><strong>La carotte<\/strong><\/span> est une grande source de b\u00eata-carot\u00e8ne, de fibres douces, de vitamine B et de sels min\u00e9raux.<\/li>\n<li>Elle augmente la r\u00e9sistance des d\u00e9fense naturelles.<\/li>\n<li>Elle poss\u00e8de des propri\u00e9t\u00e9s antian\u00e9miques, digestives, diur\u00e9tiques, antioxydant.<\/li>\n<li>Elle am\u00e9liore la sant\u00e9 oculaire et dermique de votre animal.<\/li>\n<li>Elle favorise aussi la s\u00e9cr\u00e9tion de lait pour les juments.<\/li>\n<li>La carotte \u00e0 alors des b\u00e9n\u00e9fices sur l\u2019ensemble de l\u2019organisme.<\/li>\n<\/ul>\n<p>&nbsp;<\/p>\n<ul>\n<li><span style=\"color: #800000;\"><strong>Le lin<\/strong><\/span> soulage l\u2019appareil digestif en ayant une action protectrice sur les muqueuses lui permettant de pr\u00e9venir l\u2019apparition d\u2019ulc\u00e8re.<\/li>\n<li>Le lin est riche en vitamine B1, B2, B3, B5, B6, B9, vitamine C, E, K ainsi que du fer, du zinc et du calcium qui permettent de faire briller le poil et am\u00e9liore la sant\u00e9 de la peau.<\/li>\n<\/ul>\n<p>&nbsp;<\/p>\n<ul>\n<li><span style=\"color: #ff6600;\"><strong>Le curcuma<\/strong><\/span> a des effets b\u00e9n\u00e9fiques sur le syst\u00e8me digestif en r\u00e9duisant les ulc\u00e8res et les inflammations de l\u2019estomac ainsi qu\u2019en aidant le foie et les reins \u00e0 \u00e9vacuer les toxines Son action anti-inflammatoire permet de r\u00e9duire les risques d\u2019apparition du syndrome naviculaire.<\/li>\n<\/ul>\n<\/div>\n<\/div>\n<\/div>\n<\/div>\n<p>&nbsp;<\/p>\n<ul>\n<li><span style=\"color: #ff00ff;\"><strong>Le chardon Marie <\/strong><\/span>est un excellent h\u00e9pato protecteur gr\u00e2ce \u00e0 sa richesse en silymarine.<\/li>\n<li>Il peut \u00eatre b\u00e9n\u00e9fique apr\u00e8s un traitement anti-infectieux ou une prise prolong\u00e9e de m\u00e9dicaments. Ses propri\u00e9t\u00e9s h\u00e9pato protectrices sont b\u00e9n\u00e9fiques dans le traitement des infections h\u00e9patiques du cheval \u00e2g\u00e9.<\/li>\n<\/ul>\n<p>&nbsp;<\/p>\n<ul>\n<li><span style=\"color: #00ff00;\"><strong>La pomme<\/strong><\/span> riche en fibres et vitamine C, elle facilite la digestion et r\u00e9duit les allergies.<\/li>\n<li>Elle est recommand\u00e9e pour les chevaux diab\u00e9tiques.<\/li>\n<\/ul>\n<p>&nbsp;<\/p>\n<ul>\n<li><span style=\"color: #ffff00;\"><strong>La camomille matricaire<\/strong><\/span> att\u00e9nue le stress.<\/li>\n<li>Elle facilite la digestion en soulageant les maux d\u2019estomac et les ballonnements.<\/li>\n<li>Elle est apaisante et r\u00e9duit l\u2019anxi\u00e9t\u00e9.<\/li>\n<\/ul>\n<p>&nbsp;<\/p>\n<ul>\n<li><span style=\"color: #008000;\"><strong>L\u2019ortie<\/strong><\/span> est riche en prot\u00e9ines, sels min\u00e9raux, oligo\u00e9l\u00e9ments, vitamines, silice, chlorophylle, tanin et s\u00e9cr\u00e9tine ce qui lui conf\u00e8re de nombreuses vertus.<\/li>\n<li>Elle est utile en cas de faiblesse articulaire, est un antian\u00e9mique et anti-inflammatoire.<\/li>\n<li>De plus, elle est un tr\u00e8s bon tonique sanguin, remin\u00e9ralisante et stimule les fonctions digestives.<\/li>\n<li>Et c\u2019est un bon draineur h\u00e9patique, diur\u00e9tique, antiarthritique, anti rhumatismes qui lutte contre l\u2019anxi\u00e9t\u00e9 et la d\u00e9pression.<\/li>\n<\/ul>\n<p>&nbsp;<\/p>\n<ul>\n<li><span style=\"color: #800000;\"><strong>La cannelle<\/strong><\/span> est riche en fibres.<\/li>\n<li>Elle booste le syst\u00e8me immunitaire, am\u00e9liore l\u2019\u00e9tat respiratoire, elle poss\u00e8de des propri\u00e9t\u00e9s antivirales et antioxydant, stimule l\u2019app\u00e9tit et aide \u00e0 la convalescence.<\/li>\n<\/ul>\n<p>&nbsp;<\/p>\n<ul>\n<li dir=\"auto\"><span style=\"color: #ffcc00;\"><strong>La patate douce<\/strong><\/span> regorge de nutriments d\u00e9licieux pour votre cheval.<\/li>\n<li dir=\"auto\">Les patates douces sont un traitement naturel pour les ulc\u00e8res gastriques chez les chevaux.<\/li>\n<\/ul>\n<p>&nbsp;<\/p>\n<ul>\n<li><span style=\"color: #ffcc00;\"><strong>L\u2019orge<\/strong><\/span> est une tr\u00e8s bonne source de prot\u00e9ines pour votre cheval mais aide \u00e9galement l\u2019appareil digestif gr\u00e2ce \u00e0 son action \u00e9molliente et sa grande digestibilit\u00e9.<\/li>\n<li>Il poss\u00e8de aussi de la vitamine B9 en grande quantit\u00e9 qui contribue au bon fonctionnement du syst\u00e8me immunitaire, ainsi qu\u2019une multitude de min\u00e9raux tel que du s\u00e9l\u00e9nium et du magn\u00e9sium, ce qui en fait une c\u00e9r\u00e9ale excellente pour la sant\u00e9 de votre cheval.<\/li>\n<\/ul>\n","protected":false},"excerpt":{"rendered":"<p>Un Mix digestion qui apportera du confort \u00e0 votre cheval.<\/p>\n","protected":false},"featured_media":4458,"comment_status":"open","ping_status":"closed","template":"","meta":{"om_disable_all_campaigns":false,"_monsterinsights_skip_tracking":false,"_monsterinsights_sitenote_active":false,"_monsterinsights_sitenote_note":"","_monsterinsights_sitenote_category":0,"jetpack_post_was_ever_published":false},"product_brand":[],"product_cat":[118],"product_tag":[],"class_list":{"0":"post-4535","1":"product","2":"type-product","3":"status-publish","4":"has-post-thumbnail","6":"product_cat-mix","8":"first","9":"instock","10":"shipping-taxable","11":"purchasable","12":"product-type-variable"},"aioseo_notices":[],"jetpack_sharing_enabled":true,"_links":{"self":[{"href":"https:\/\/bellaryon.com\/index.php\/wp-json\/wp\/v2\/product\/4535","targetHints":{"allow":["GET"]}}],"collection":[{"href":"https:\/\/bellaryon.com\/index.php\/wp-json\/wp\/v2\/product"}],"about":[{"href":"https:\/\/bellaryon.com\/index.php\/wp-json\/wp\/v2\/types\/product"}],"replies":[{"embeddable":true,"href":"https:\/\/bellaryon.com\/index.php\/wp-json\/wp\/v2\/comments?post=4535"}],"wp:featuredmedia":[{"embeddable":true,"href":"https:\/\/bellaryon.com\/index.php\/wp-json\/wp\/v2\/media\/4458"}],"wp:attachment":[{"href":"https:\/\/bellaryon.com\/index.php\/wp-json\/wp\/v2\/media?parent=4535"}],"wp:term":[{"taxonomy":"product_brand","embeddable":true,"href":"https:\/\/bellaryon.com\/index.php\/wp-json\/wp\/v2\/product_brand?post=4535"},{"taxonomy":"product_cat","embeddable":true,"href":"https:\/\/bellaryon.com\/index.php\/wp-json\/wp\/v2\/product_cat?post=4535"},{"taxonomy":"product_tag","embeddable":true,"href":"https:\/\/bellaryon.com\/index.php\/wp-json\/wp\/v2\/product_tag?post=4535"}],"curies":[{"name":"wp","href":"https:\/\/api.w.org\/{rel}","templated":true}]}}