{"id":4531,"date":"2025-06-30T22:48:19","date_gmt":"2025-06-30T20:48:19","guid":{"rendered":"https:\/\/bellaryon.com\/?post_type=product&#038;p=4531"},"modified":"2025-06-30T23:15:01","modified_gmt":"2025-06-30T21:15:01","slug":"mix-respiration","status":"publish","type":"product","link":"https:\/\/bellaryon.com\/index.php\/product\/mix-respiration\/","title":{"rendered":"Mix respiration"},"content":{"rendered":"<h1><strong>Pourquoi ces ingr\u00e9dients<\/strong><\/h1>\n<ul>\n<li><span style=\"color: #008000;\"><strong>Le thym<\/strong><\/span> est riche en vitamine C.<\/li>\n<li>C\u2019est un excellent antiseptique et antifongique c\u2019est \u00e0 dire qu\u2019il \u00e9vite les surinfections des voies respiratoires.<\/li>\n<li>C\u2019est aussi un expectorant qui \u00e9vacue le mucus et d\u00e9gage les bronches, un spasmolytique qui apaise la toux.<\/li>\n<li>Le thym stimule le syst\u00e8me immunitaire et c\u2019est en plus un excellent anti coagulant.<\/li>\n<\/ul>\n<p>&nbsp;<\/p>\n<ul>\n<li><span style=\"color: #00ff00;\"><strong>Le plantain <\/strong><\/span>est une friandise qui pr\u00e9serve le confort respiratoire et soutient le cheval dans la lutte contre les inflammations chroniques de la sph\u00e8re respiratoire.<\/li>\n<li>De plus, il renforce l\u2019organisme face aux allergies.<\/li>\n<li>Associ\u00e9 par exemple \u00e0 la bardane il soulagera votre compagnon des d\u00e9mangeaisons et dermites estival.<\/li>\n<\/ul>\n<p>&nbsp;<\/p>\n<ul>\n<li><span style=\"color: #999999;\"><strong>L\u2019ail<\/strong><\/span> est un excellent antibact\u00e9rien et antiseptique.<\/li>\n<li>Il contribue au bon fonctionnement des voies respiratoires.<\/li>\n<li>Il fluidifie le sang en \u00e9liminant certains m\u00e9taux lourds et toxines de l\u2019organisme.<\/li>\n<li>Il contient de la vitamine A, B1 et B2.<\/li>\n<\/ul>\n<p>&nbsp;<\/p>\n<ul>\n<li><span style=\"color: #339966;\"><strong>Le fenouil<\/strong><\/span> lutte contre les troubles intestinaux des poulains.<\/li>\n<li>Il soulage les chaleurs des juments.<\/li>\n<li>Cette plante stimule la lactation.<\/li>\n<li>C\u2019est un anti-spasmodique : il stimule la digestion et traite l\u2019inflammation des voies respiratoire comme la toux, le rhume.<\/li>\n<li>Il lutte contre les affections oculaire: conjonctivite, gonflement, irritation ou inflammation des yeux.<\/li>\n<\/ul>\n<p>&nbsp;<\/p>\n<ul>\n<li><span style=\"color: #008000;\"><strong>Le romarin<\/strong><\/span> apaise le stress, lutte contre la fatigue, les troubles h\u00e9patiques et les infections respiratoires.<\/li>\n<li>C\u2019est un antioxydant et un anti inflammatoire.<\/li>\n<li>Il acc\u00e9l\u00e8re la pousse des crins et des poils.<\/li>\n<\/ul>\n<p>&nbsp;<\/p>\n<div class=\"x11i5rnm xat24cr x1mh8g0r x1vvkbs xtlvy1s x126k92a\">\n<div class=\"x11i5rnm xat24cr x1mh8g0r x1vvkbs xtlvy1s x126k92a\">\n<ul>\n<li dir=\"auto\"><span style=\"color: #99cc00;\"><strong>L\u2019eucalyptus<\/strong><\/span> est traditionnellement utilis\u00e9 en cas de g\u00eane respiratoire, notamment lors de coup de froid.<\/li>\n<li dir=\"auto\">Cette plantes est dot\u00e9e de multiples bienfaits.<\/li>\n<li dir=\"auto\">L\u2019eucalyptus globulus poss\u00e8de des vertus respiratoires et est connue pour ses propri\u00e9t\u00e9s purifiantes notamment pendant l\u2019hiver.<\/li>\n<\/ul>\n<\/div>\n<\/div>\n<p>&nbsp;<\/p>\n<ul>\n<li><span style=\"color: #800000;\"><strong>La cannelle<\/strong><\/span> est riche en fibres.<\/li>\n<li>Elle booste le syst\u00e8me immunitaire, am\u00e9liore l\u2019\u00e9tat respiratoire, elle poss\u00e8de des propri\u00e9t\u00e9s antivirales et antioxydant, stimule l\u2019app\u00e9tit et aide \u00e0 la convalescence.<\/li>\n<\/ul>\n<p>&nbsp;<\/p>\n<ul>\n<li><span style=\"color: #ffcc00;\"><strong>L\u2019orge<\/strong><\/span> est une tr\u00e8s bonne source de prot\u00e9ines pour votre cheval mais aide \u00e9galement l\u2019appareil digestif gr\u00e2ce \u00e0 son action \u00e9molliente et sa grande digestibilit\u00e9.<\/li>\n<li>Il poss\u00e8de aussi de la vitamine B9 en grande quantit\u00e9 qui contribue au bon fonctionnement du syst\u00e8me immunitaire, ainsi qu\u2019une multitude de min\u00e9raux tel que du s\u00e9l\u00e9nium et du magn\u00e9sium, ce qui en fait une c\u00e9r\u00e9ale excellente pour la sant\u00e9 de votre cheval.<\/li>\n<\/ul>\n","protected":false},"excerpt":{"rendered":"<p>Un Mix respiration qui aidera votre cheval \u00e0 respirer.<\/p>\n","protected":false},"featured_media":4443,"comment_status":"open","ping_status":"closed","template":"","meta":{"om_disable_all_campaigns":false,"_monsterinsights_skip_tracking":false,"_monsterinsights_sitenote_active":false,"_monsterinsights_sitenote_note":"","_monsterinsights_sitenote_category":0,"jetpack_post_was_ever_published":false},"product_brand":[],"product_cat":[118],"product_tag":[],"class_list":{"0":"post-4531","1":"product","2":"type-product","3":"status-publish","4":"has-post-thumbnail","6":"product_cat-mix","8":"first","9":"instock","10":"shipping-taxable","11":"purchasable","12":"product-type-variable"},"aioseo_notices":[],"jetpack_sharing_enabled":true,"_links":{"self":[{"href":"https:\/\/bellaryon.com\/index.php\/wp-json\/wp\/v2\/product\/4531","targetHints":{"allow":["GET"]}}],"collection":[{"href":"https:\/\/bellaryon.com\/index.php\/wp-json\/wp\/v2\/product"}],"about":[{"href":"https:\/\/bellaryon.com\/index.php\/wp-json\/wp\/v2\/types\/product"}],"replies":[{"embeddable":true,"href":"https:\/\/bellaryon.com\/index.php\/wp-json\/wp\/v2\/comments?post=4531"}],"wp:featuredmedia":[{"embeddable":true,"href":"https:\/\/bellaryon.com\/index.php\/wp-json\/wp\/v2\/media\/4443"}],"wp:attachment":[{"href":"https:\/\/bellaryon.com\/index.php\/wp-json\/wp\/v2\/media?parent=4531"}],"wp:term":[{"taxonomy":"product_brand","embeddable":true,"href":"https:\/\/bellaryon.com\/index.php\/wp-json\/wp\/v2\/product_brand?post=4531"},{"taxonomy":"product_cat","embeddable":true,"href":"https:\/\/bellaryon.com\/index.php\/wp-json\/wp\/v2\/product_cat?post=4531"},{"taxonomy":"product_tag","embeddable":true,"href":"https:\/\/bellaryon.com\/index.php\/wp-json\/wp\/v2\/product_tag?post=4531"}],"curies":[{"name":"wp","href":"https:\/\/api.w.org\/{rel}","templated":true}]}}