{"id":4521,"date":"2025-06-30T21:44:42","date_gmt":"2025-06-30T19:44:42","guid":{"rendered":"https:\/\/bellaryon.com\/?post_type=product&#038;p=4521"},"modified":"2025-06-30T22:06:58","modified_gmt":"2025-06-30T20:06:58","slug":"mix-immunite-et-performance","status":"publish","type":"product","link":"https:\/\/bellaryon.com\/index.php\/product\/mix-immunite-et-performance\/","title":{"rendered":"Mix immunit\u00e9 et performance"},"content":{"rendered":"<h1><strong>Pourquoi ces ingr\u00e9dients<\/strong><\/h1>\n<ul>\n<li><span style=\"color: #339966;\"><strong>La spiruline<\/strong><\/span> est une grande source de vitamines : B1 pour les muscles et le syst\u00e8me nerveux, B2 pour transformer les nutriments en \u00e9nergie, B3 et B12 pour une bon d\u00e9veloppement des globules rouges, E pour stimuler les d\u00e9fenses immunitaires.<\/li>\n<li>Elle poss\u00e8de \u00e9galement des prot\u00e9ines pour assurer une bonne sant\u00e9, des glucides pour l\u2019apport d\u2019\u00e9nergie, des lipides et om\u00e9ga pour le cerveau.<\/li>\n<li>Mais elle a aussi des pigments de chlorophylle qui est un bon nettoyant, purifiant, ainsi que beaucoup de min\u00e9raux et oligo \u00e9l\u00e9ments pour un bon fonctionnement m\u00e9tabolique du cheval.<\/li>\n<\/ul>\n<p>&nbsp;<\/p>\n<ul>\n<li><span style=\"color: #008000;\"><strong>L\u2019ascophylum<\/strong><\/span> est riche en vitamines, min\u00e9raux et oligo-\u00e9l\u00e9ments.<\/li>\n<li>Elle permet une meilleure assimilation des aliments, une meilleure activit\u00e9 de la flore intestinale, une \u00e9limination des toxines et permet de r\u00e9sister aux infections.<\/li>\n<li>Elle est \u00e9galement bonne pour le foie, le poils, la corne, les muscles et la diminution du stress.<\/li>\n<\/ul>\n<p>&nbsp;<\/p>\n<ul>\n<li><span style=\"color: #ffff00;\"><strong>Le fenugrec<\/strong><\/span> stimule le m\u00e9tabolisme g\u00e9n\u00e9ral et permet d\u2019augmenter naturellement sa masse musculaire en cas d\u2019amaigrissement et gr\u00e2ce \u00e0 sa haute teneur en prot\u00e9ine. Il contribue \u00e9galement a une prise de poids rapide tout en \u00e9vitant le surplus de gras.<\/li>\n<li>Il permet \u00e9galement d\u2019aider a la lactation de la poulini\u00e8re.<\/li>\n<\/ul>\n<p>&nbsp;<\/p>\n<div class=\"x11i5rnm xat24cr x1mh8g0r x1vvkbs xtlvy1s x126k92a\">\n<div class=\"x11i5rnm xat24cr x1mh8g0r x1vvkbs xtlvy1s x126k92a\">\n<div class=\"x11i5rnm xat24cr x1mh8g0r x1vvkbs xtlvy1s x126k92a\">\n<div class=\"x11i5rnm xat24cr x1mh8g0r x1vvkbs xtlvy1s x126k92a\">\n<div class=\"x11i5rnm xat24cr x1mh8g0r x1vvkbs xtlvy1s x126k92a\">\n<ul>\n<li dir=\"auto\"><span style=\"color: #ff99cc;\"><strong>Le gingembre<\/strong><\/span> agit en tant qu\u2019anti inflammatoire, ce qui aide \u00e0 r\u00e9duire l\u2019inflammation et la douleur dans les articulations des chevaux.<\/li>\n<li dir=\"auto\">Il peut \u00e9galement am\u00e9liorer la circulation sanguine et renforcer le syst\u00e8me immunitaire contribuant ainsi \u00e0 la gu\u00e9rison des tissus endommag\u00e9s dans les articulations.<\/li>\n<li dir=\"auto\">Les chevaux souffrant de troubles digestifs peuvent pr\u00e9senter des sympt\u00f4mes tels que des ballonnements, des coliques, une constipation ou une diarrh\u00e9e.<\/li>\n<li dir=\"auto\">Le gingembre agit en stimulant la production de sucs gastriques, ce qui aide \u00e0 faciliter la digestion des aliments.<\/li>\n<li dir=\"auto\">Il peut \u00e9galement r\u00e9duire l\u2019inflammation de l\u2019estomac et de l\u2019intestin.<\/li>\n<\/ul>\n<p>&nbsp;<\/p>\n<\/div>\n<\/div>\n<\/div>\n<\/div>\n<\/div>\n<ul>\n<li><span style=\"color: #ffff00;\"><strong>La banane<\/strong><\/span> est riche en vitamine C qui renforce le syst\u00e8me immunitaire, r\u00e9pare les cellules et les tissus endommag\u00e9s et aide \u00e0 r\u00e9guler le transit intestinal.<\/li>\n<li>Elle est riche en vitamine D, en magn\u00e9sium, en potassium qui sont essentiels au fonctionnement cardiaque des muscles et des nerfs.<\/li>\n<li>La banane est \u00e9galement riche en antioxidant, vitamine B6 qui transforment les glucides et les graisses en \u00e9nergies.<\/li>\n<li>Elle est donc une source d\u2019\u00e9nergie inestimable.<\/li>\n<\/ul>\n<p>&nbsp;<\/p>\n<ul>\n<li><span style=\"color: #999999;\"><strong>Le sel m\u00e9diterran\u00e9en combin\u00e9 aux oligo \u00e9l\u00e9ment<\/strong><\/span> relance le m\u00e9tabolisme, r\u00e9tablit l\u2019\u00e9quilibre intestinal et remin\u00e9ralise l\u2019organisme.<\/li>\n<li>Il peut aussi neutraliser les toxines et renforcer le syst\u00e8me immunitaire.<\/li>\n<\/ul>\n<p>&nbsp;<\/p>\n<ul>\n<li><span style=\"color: #008000;\"><strong>Le thym<\/strong><\/span> est riche en vitamine C.<\/li>\n<li>C\u2019est un excellent antiseptique et antifongique c\u2019est \u00e0 dire qu\u2019il \u00e9vite les surinfections des voies respiratoires.<\/li>\n<li>C\u2019est aussi un expectorant qui \u00e9vacue le mucus et d\u00e9gage les bronches, un spasmolytique qui apaise la toux.<\/li>\n<li>Le thym stimule le syst\u00e8me immunitaire et c\u2019est en plus un excellent anti coagulant.<\/li>\n<\/ul>\n<p>&nbsp;<\/p>\n<ul>\n<li><span style=\"color: #800000;\"><strong>La cannelle<\/strong><\/span> est riche en fibres.<\/li>\n<li>Elle booste le syst\u00e8me immunitaire, am\u00e9liore l\u2019\u00e9tat respiratoire, elle poss\u00e8de des propri\u00e9t\u00e9s antivirales et antioxydant, stimule l\u2019app\u00e9tit et aide \u00e0 la convalescence.<\/li>\n<\/ul>\n<p>&nbsp;<\/p>\n<ul>\n<li><span style=\"color: #339966;\"><strong>L\u2019ortie<\/strong><\/span> est riche en prot\u00e9ines, sels min\u00e9raux, oligo\u00e9l\u00e9ments, vitamines, silice, chlorophylle, tanin et s\u00e9cr\u00e9tine ce qui lui conf\u00e8re de nombreuses vertus.<\/li>\n<li>Elle est utile en cas de faiblesse articulaire, est un antian\u00e9mique et anti-inflammatoire.<\/li>\n<li>De plus, elle est un tr\u00e8s bon tonique sanguin, remin\u00e9ralisante et stimule les fonctions digestives.<\/li>\n<li>Et c\u2019est un bon draineur h\u00e9patique, diur\u00e9tique, antiarthritique, anti rhumatismes qui lutte contre l\u2019anxi\u00e9t\u00e9 et la d\u00e9pression.<\/li>\n<\/ul>\n<p>&nbsp;<\/p>\n<ul>\n<li><span style=\"color: #ffff00;\"><strong>Le MSM<\/strong><\/span> est une forme de soufre qui existe naturellement dans les v\u00e9g\u00e9taux et les animaux.<\/li>\n<li>Il favorise le confort articulaire.<\/li>\n<li>Les chevaux peuvent le consommer sans danger.<\/li>\n<li>Le soufre am\u00e9liore l\u2019\u00e9tat des sabots, l\u2019arthrite.<\/li>\n<li>Il ralentit la d\u00e9gradation du cartilage.<\/li>\n<li><span style=\"color: #ffff00;\"><strong>Le MSM<\/strong><\/span> est l\u2019un des compl\u00e9ments \u00e9quins le plus s\u00fbr.<\/li>\n<\/ul>\n<p>&nbsp;<\/p>\n<ul>\n<li><span style=\"color: #ff00ff;\"><strong>Le tr\u00e8fle<\/strong> <strong>des pr\u00e8s<\/strong><\/span> est une plante riche en min\u00e9raux et oligo-\u00e9l\u00e9ments.<\/li>\n<li>Il renferme aussi des vitamines C B E et K, stimule l\u2019immunit\u00e9 des chevaux fatigu\u00e9s et convalescents et am\u00e9liore la sant\u00e9 cardiovasculaire<\/li>\n<\/ul>\n<p>&nbsp;<\/p>\n<ul>\n<li><span style=\"color: #999999;\"><strong>Les graines de chia<\/strong><\/span> sont excellentes pour le c\u0153ur.<\/li>\n<li>Elles facilitent le transit et hydratent la peau<\/li>\n<li>Elles renforcent \u00e9galement les os et les dents.<\/li>\n<li>De plus, elles apportent une meilleure endurance.<\/li>\n<\/ul>\n<p>&nbsp;<\/p>\n<ul>\n<li><span style=\"color: #ffcc00;\"><strong>L\u2019orge<\/strong><\/span> est une tr\u00e8s bonne source de prot\u00e9ines pour votre cheval mais aide \u00e9galement l\u2019appareil digestif gr\u00e2ce \u00e0 son action \u00e9molliente et sa grande digestibilit\u00e9.<\/li>\n<li>Il poss\u00e8de aussi de la vitamine B9 en grande quantit\u00e9 qui contribue au bon fonctionnement du syst\u00e8me immunitaire, ainsi qu\u2019une multitude de min\u00e9raux tel que du s\u00e9l\u00e9nium et du magn\u00e9sium, ce qui en fait une c\u00e9r\u00e9ale excellente pour la sant\u00e9 de votre cheval.<\/li>\n<\/ul>\n","protected":false},"excerpt":{"rendered":"<p>Un Mix immunit\u00e9 et performance pour un cheval au top de sa forme.<\/p>\n","protected":false},"featured_media":3716,"comment_status":"open","ping_status":"closed","template":"","meta":{"om_disable_all_campaigns":false,"_monsterinsights_skip_tracking":false,"_monsterinsights_sitenote_active":false,"_monsterinsights_sitenote_note":"","_monsterinsights_sitenote_category":0,"jetpack_post_was_ever_published":false},"product_brand":[],"product_cat":[118],"product_tag":[],"class_list":{"0":"post-4521","1":"product","2":"type-product","3":"status-publish","4":"has-post-thumbnail","6":"product_cat-mix","8":"first","9":"instock","10":"shipping-taxable","11":"purchasable","12":"product-type-variable"},"aioseo_notices":[],"jetpack_sharing_enabled":true,"_links":{"self":[{"href":"https:\/\/bellaryon.com\/index.php\/wp-json\/wp\/v2\/product\/4521","targetHints":{"allow":["GET"]}}],"collection":[{"href":"https:\/\/bellaryon.com\/index.php\/wp-json\/wp\/v2\/product"}],"about":[{"href":"https:\/\/bellaryon.com\/index.php\/wp-json\/wp\/v2\/types\/product"}],"replies":[{"embeddable":true,"href":"https:\/\/bellaryon.com\/index.php\/wp-json\/wp\/v2\/comments?post=4521"}],"wp:featuredmedia":[{"embeddable":true,"href":"https:\/\/bellaryon.com\/index.php\/wp-json\/wp\/v2\/media\/3716"}],"wp:attachment":[{"href":"https:\/\/bellaryon.com\/index.php\/wp-json\/wp\/v2\/media?parent=4521"}],"wp:term":[{"taxonomy":"product_brand","embeddable":true,"href":"https:\/\/bellaryon.com\/index.php\/wp-json\/wp\/v2\/product_brand?post=4521"},{"taxonomy":"product_cat","embeddable":true,"href":"https:\/\/bellaryon.com\/index.php\/wp-json\/wp\/v2\/product_cat?post=4521"},{"taxonomy":"product_tag","embeddable":true,"href":"https:\/\/bellaryon.com\/index.php\/wp-json\/wp\/v2\/product_tag?post=4521"}],"curies":[{"name":"wp","href":"https:\/\/api.w.org\/{rel}","templated":true}]}}