{"id":4512,"date":"2025-06-29T21:29:43","date_gmt":"2025-06-29T19:29:43","guid":{"rendered":"https:\/\/bellaryon.com\/?post_type=product&#038;p=4512"},"modified":"2025-06-29T21:42:00","modified_gmt":"2025-06-29T19:42:00","slug":"friandise-sans-cereales","status":"publish","type":"product","link":"https:\/\/bellaryon.com\/index.php\/product\/friandise-sans-cereales\/","title":{"rendered":"Friandise sans c\u00e9r\u00e9ales"},"content":{"rendered":"<h1>Pourquoi ces ingr\u00e9dients<\/h1>\n<ul>\n<li>La banane est riche en vitamine C qui renforce le syst\u00e8me immunitaire, r\u00e9pare les cellules et les tissus endommag\u00e9s et aide \u00e0 r\u00e9guler le transit intestinal.<\/li>\n<li>Elle est riche en vitamine D, en magn\u00e9sium, en potassium qui sont essentiels au fonctionnement cardiaque des muscles et des nerfs.<\/li>\n<li>La banane est \u00e9galement riche en antioxidant, vitamine B6 qui transforment les glucides et les graisses en \u00e9nergies.<\/li>\n<li>Elle est donc une source d\u2019\u00e9nergie inestimable.<\/li>\n<\/ul>\n<ul>\n<li>Le lin soulage l\u2019appareil digestif en ayant une action protectrice sur les muqueuses lui permettant de pr\u00e9venir l\u2019apparition d\u2019ulc\u00e8re.<\/li>\n<\/ul>\n<ul>\n<li>Le lin est riche en vitamine B1, B2, B3, B5, B6, B9, vitamine C, E, K ainsi que du fer, du zinc et du calcium qui permettent de faire briller le poil et am\u00e9liore la sant\u00e9 de la peau.<\/li>\n<\/ul>\n","protected":false},"excerpt":{"rendered":"<p>Pourquoi ces ingr\u00e9dients La banane est riche en vitamine C qui renforce le syst\u00e8me immunitaire, r\u00e9pare les cellules et les tissus endommag\u00e9s et aide \u00e0 r\u00e9guler le transit intestinal. Elle est riche en vitamine D, en magn\u00e9sium, en potassium qui sont essentiels au fonctionnement cardiaque des muscles et des nerfs. La banane est \u00e9galement riche [&hellip;]<\/p>\n","protected":false},"featured_media":4513,"comment_status":"open","ping_status":"closed","template":"","meta":{"om_disable_all_campaigns":false,"_monsterinsights_skip_tracking":false,"_monsterinsights_sitenote_active":false,"_monsterinsights_sitenote_note":"","_monsterinsights_sitenote_category":0,"jetpack_post_was_ever_published":false},"product_brand":[],"product_cat":[52],"product_tag":[],"class_list":{"0":"post-4512","1":"product","2":"type-product","3":"status-publish","4":"has-post-thumbnail","6":"product_cat-friandises-evenementielles","8":"first","9":"instock","10":"shipping-taxable","11":"purchasable","12":"product-type-variable"},"aioseo_notices":[],"jetpack_sharing_enabled":true,"_links":{"self":[{"href":"https:\/\/bellaryon.com\/index.php\/wp-json\/wp\/v2\/product\/4512","targetHints":{"allow":["GET"]}}],"collection":[{"href":"https:\/\/bellaryon.com\/index.php\/wp-json\/wp\/v2\/product"}],"about":[{"href":"https:\/\/bellaryon.com\/index.php\/wp-json\/wp\/v2\/types\/product"}],"replies":[{"embeddable":true,"href":"https:\/\/bellaryon.com\/index.php\/wp-json\/wp\/v2\/comments?post=4512"}],"wp:featuredmedia":[{"embeddable":true,"href":"https:\/\/bellaryon.com\/index.php\/wp-json\/wp\/v2\/media\/4513"}],"wp:attachment":[{"href":"https:\/\/bellaryon.com\/index.php\/wp-json\/wp\/v2\/media?parent=4512"}],"wp:term":[{"taxonomy":"product_brand","embeddable":true,"href":"https:\/\/bellaryon.com\/index.php\/wp-json\/wp\/v2\/product_brand?post=4512"},{"taxonomy":"product_cat","embeddable":true,"href":"https:\/\/bellaryon.com\/index.php\/wp-json\/wp\/v2\/product_cat?post=4512"},{"taxonomy":"product_tag","embeddable":true,"href":"https:\/\/bellaryon.com\/index.php\/wp-json\/wp\/v2\/product_tag?post=4512"}],"curies":[{"name":"wp","href":"https:\/\/api.w.org\/{rel}","templated":true}]}}