{"id":4353,"date":"2025-06-19T18:40:15","date_gmt":"2025-06-19T16:40:15","guid":{"rendered":"https:\/\/bellaryon.com\/?post_type=product&#038;p=4353"},"modified":"2025-07-01T00:44:44","modified_gmt":"2025-06-30T22:44:44","slug":"mix-tendons-et-ligaments","status":"publish","type":"product","link":"https:\/\/bellaryon.com\/index.php\/product\/mix-tendons-et-ligaments\/","title":{"rendered":"Mix lactation"},"content":{"rendered":"<h1><strong>Pourquoi ces ingr\u00e9dients<\/strong><\/h1>\n<ul>\n<li><span style=\"color: #ff9900;\"><strong>Le curcuma<\/strong><\/span> a des effets b\u00e9n\u00e9fiques sur le syst\u00e8me digestif en r\u00e9duisant les ulc\u00e8res et les inflammations de l\u2019estomac ainsi qu\u2019en aidant le foie et les reins \u00e0 \u00e9vacuer les toxines. Son action anti-inflammatoire permet de r\u00e9duire les risques d\u2019apparition du syndrome naviculaire.<\/li>\n<\/ul>\n<p>&nbsp;<\/p>\n<ul>\n<li><span style=\"color: #99cc00;\"><strong>Le fenugrec<\/strong><\/span> stimule le m\u00e9tabolisme g\u00e9n\u00e9ral et permet d\u2019augmenter naturellement sa masse musculaire en cas d\u2019amaigrissement et gr\u00e2ce \u00e0 sa haute teneur en prot\u00e9ine. Il contribue \u00e9galement a une prise de poids rapide tout en \u00e9vitant le surplus de gras.<\/li>\n<li>Il permet \u00e9galement d\u2019aider a la lactation de la poulini\u00e8re.<\/li>\n<\/ul>\n<p>&nbsp;<\/p>\n<ul>\n<li><span style=\"color: #800000;\"><strong>La bardane<\/strong><\/span> prot\u00e8ge le bon fonctionnement du foie, soulage les d\u00e9mangeaisons, poss\u00e8de une action drainante de l\u2019organisme et est utile pour l\u2019engorgement des membres, elle est aussi riche en probiotiques et une bonne source de min\u00e9raux tel que du potassium.<\/li>\n<\/ul>\n<p>&nbsp;<\/p>\n<ul>\n<li><span style=\"color: #ff6600;\"><strong>La carotte<\/strong><\/span> est une grande source de b\u00eata-carot\u00e8ne, de fibres douces, de vitamine B et de sels min\u00e9raux.<\/li>\n<li>Elle augmente la r\u00e9sistance des d\u00e9fense naturelles.<\/li>\n<li>Elle poss\u00e8de des propri\u00e9t\u00e9s antian\u00e9miques, digestives, diur\u00e9tiques, antioxydant.<\/li>\n<li>Elle am\u00e9liore la sant\u00e9 oculaire et dermique de votre animal.<\/li>\n<li>Elle favorise aussi la s\u00e9cr\u00e9tion de lait pour les juments.<\/li>\n<li>La carotte \u00e0 alors des b\u00e9n\u00e9fices sur l\u2019ensemble de l\u2019organisme.<\/li>\n<\/ul>\n<p>&nbsp;<\/p>\n<ul>\n<li><span style=\"color: #ffcc00;\"><strong>L\u2019orge<\/strong><\/span> est une tr\u00e8s bonne source de prot\u00e9ines pour votre cheval mais aide \u00e9galement l\u2019appareil digestif gr\u00e2ce \u00e0 son action \u00e9molliente et sa grande digestibilit\u00e9.<\/li>\n<li>Il poss\u00e8de aussi de la vitamine B9 en grande quantit\u00e9 qui contribue au bon fonctionnement du syst\u00e8me immunitaire, ainsi qu\u2019une multitude de min\u00e9raux tel que du s\u00e9l\u00e9nium et du magn\u00e9sium, ce qui en fait une c\u00e9r\u00e9ale excellente pour la sant\u00e9 de votre cheval.<\/li>\n<\/ul>\n","protected":false},"excerpt":{"rendered":"<p>Ce mix lactation sera appr\u00e9ci\u00e9 de vos juments.<\/p>\n","protected":false},"featured_media":242,"comment_status":"open","ping_status":"closed","template":"","meta":{"om_disable_all_campaigns":false,"_monsterinsights_skip_tracking":false,"_monsterinsights_sitenote_active":false,"_monsterinsights_sitenote_note":"","_monsterinsights_sitenote_category":0,"jetpack_post_was_ever_published":false},"product_brand":[],"product_cat":[118],"product_tag":[],"class_list":{"0":"post-4353","1":"product","2":"type-product","3":"status-publish","4":"has-post-thumbnail","6":"product_cat-mix","8":"first","9":"instock","10":"shipping-taxable","11":"purchasable","12":"product-type-variable"},"aioseo_notices":[],"jetpack_sharing_enabled":true,"_links":{"self":[{"href":"https:\/\/bellaryon.com\/index.php\/wp-json\/wp\/v2\/product\/4353","targetHints":{"allow":["GET"]}}],"collection":[{"href":"https:\/\/bellaryon.com\/index.php\/wp-json\/wp\/v2\/product"}],"about":[{"href":"https:\/\/bellaryon.com\/index.php\/wp-json\/wp\/v2\/types\/product"}],"replies":[{"embeddable":true,"href":"https:\/\/bellaryon.com\/index.php\/wp-json\/wp\/v2\/comments?post=4353"}],"wp:featuredmedia":[{"embeddable":true,"href":"https:\/\/bellaryon.com\/index.php\/wp-json\/wp\/v2\/media\/242"}],"wp:attachment":[{"href":"https:\/\/bellaryon.com\/index.php\/wp-json\/wp\/v2\/media?parent=4353"}],"wp:term":[{"taxonomy":"product_brand","embeddable":true,"href":"https:\/\/bellaryon.com\/index.php\/wp-json\/wp\/v2\/product_brand?post=4353"},{"taxonomy":"product_cat","embeddable":true,"href":"https:\/\/bellaryon.com\/index.php\/wp-json\/wp\/v2\/product_cat?post=4353"},{"taxonomy":"product_tag","embeddable":true,"href":"https:\/\/bellaryon.com\/index.php\/wp-json\/wp\/v2\/product_tag?post=4353"}],"curies":[{"name":"wp","href":"https:\/\/api.w.org\/{rel}","templated":true}]}}