{"id":4352,"date":"2025-06-19T19:04:52","date_gmt":"2025-06-19T17:04:52","guid":{"rendered":"https:\/\/bellaryon.com\/?post_type=product&#038;p=4352"},"modified":"2025-06-30T21:28:18","modified_gmt":"2025-06-30T19:28:18","slug":"mix-articulation","status":"publish","type":"product","link":"https:\/\/bellaryon.com\/index.php\/product\/mix-articulation\/","title":{"rendered":"Mix articulation"},"content":{"rendered":"<h1>Pourquoi ces ingr\u00e9dients<\/h1>\n<ul>\n<li><span style=\"color: #ff9900;\"><strong>Le curcuma<\/strong><\/span> a des effets b\u00e9n\u00e9fiques sur le syst\u00e8me digestif en r\u00e9duisant les ulc\u00e8res et les inflammations de l\u2019estomac ainsi qu\u2019en aidant le foie et les reins \u00e0 \u00e9vacuer les toxines Son action anti-inflammatoire permet de r\u00e9duire les risques d\u2019apparition du syndrome naviculaire.<\/li>\n<\/ul>\n<p>&nbsp;<\/p>\n<ul>\n<li><span style=\"color: #008000;\"><strong>L\u2019ortie<\/strong><\/span> est riche en prot\u00e9ines, sels min\u00e9raux, oligo\u00e9l\u00e9ments, vitamines, silice, chlorophylle, tanin et s\u00e9cr\u00e9tine ce qui lui conf\u00e8re de nombreuses vertus.<\/li>\n<li>Elle est utile en cas de faiblesse articulaire, est un antian\u00e9mique et anti-inflammatoire.<\/li>\n<li>De plus, elle est un tr\u00e8s bon tonique sanguin, remin\u00e9ralisante et stimule les fonctions digestives.<\/li>\n<li>Et c\u2019est un bon draineur h\u00e9patique, diur\u00e9tique, antiarthritique, anti rhumatismes qui lutte contre l\u2019anxi\u00e9t\u00e9 et la d\u00e9pression.<\/li>\n<\/ul>\n<p>&nbsp;<\/p>\n<ul>\n<li><span style=\"color: #ffff73;\"><strong>Le MSM<\/strong><\/span> est une forme de soufre qui existe naturellement dans les v\u00e9g\u00e9taux et les animaux.<\/li>\n<li>Il favorise le confort articulaire.<\/li>\n<li>Les chevaux peuvent le consommer sans danger.<\/li>\n<li>Le soufre am\u00e9liore l&rsquo;\u00e9tat des sabots, l&rsquo;arthrite.<\/li>\n<li>Il ralentit la d\u00e9gradation du cartilage.<\/li>\n<li><span style=\"color: #ffff73;\"><strong>Le MSM<\/strong><\/span> est l&rsquo;un des compl\u00e9ments \u00e9quins le plus s\u00fbr.<\/li>\n<\/ul>\n<p>&nbsp;<\/p>\n<ul>\n<li><span style=\"color: #ffcc00;\"><strong>L\u2019orge<\/strong><\/span> est une tr\u00e8s bonne source de prot\u00e9ines pour votre cheval mais aide \u00e9galement l\u2019appareil digestif gr\u00e2ce \u00e0 son action \u00e9molliente et sa grande digestibilit\u00e9.<\/li>\n<li>Il poss\u00e8de aussi de la vitamine B9 en grande quantit\u00e9 qui contribue au bon fonctionnement du syst\u00e8me immunitaire.<\/li>\n<li>Il a aussi une multitude de min\u00e9raux tel que du s\u00e9l\u00e9nium et du magn\u00e9sium, ce qui en fait une c\u00e9r\u00e9ale excellente pour la sant\u00e9 de votre cheval.<\/li>\n<\/ul>\n","protected":false},"excerpt":{"rendered":"<p>Ce mix articulation aidera \u00e0 am\u00e9liorer l&rsquo;\u00e9tat des articulations de votre cheval.<\/p>\n","protected":false},"featured_media":3993,"comment_status":"open","ping_status":"closed","template":"","meta":{"om_disable_all_campaigns":false,"_monsterinsights_skip_tracking":false,"_monsterinsights_sitenote_active":false,"_monsterinsights_sitenote_note":"","_monsterinsights_sitenote_category":0,"jetpack_post_was_ever_published":false},"product_brand":[],"product_cat":[118],"product_tag":[],"class_list":{"0":"post-4352","1":"product","2":"type-product","3":"status-publish","4":"has-post-thumbnail","6":"product_cat-mix","8":"first","9":"instock","10":"shipping-taxable","11":"purchasable","12":"product-type-variable"},"aioseo_notices":[],"jetpack_sharing_enabled":true,"_links":{"self":[{"href":"https:\/\/bellaryon.com\/index.php\/wp-json\/wp\/v2\/product\/4352","targetHints":{"allow":["GET"]}}],"collection":[{"href":"https:\/\/bellaryon.com\/index.php\/wp-json\/wp\/v2\/product"}],"about":[{"href":"https:\/\/bellaryon.com\/index.php\/wp-json\/wp\/v2\/types\/product"}],"replies":[{"embeddable":true,"href":"https:\/\/bellaryon.com\/index.php\/wp-json\/wp\/v2\/comments?post=4352"}],"wp:featuredmedia":[{"embeddable":true,"href":"https:\/\/bellaryon.com\/index.php\/wp-json\/wp\/v2\/media\/3993"}],"wp:attachment":[{"href":"https:\/\/bellaryon.com\/index.php\/wp-json\/wp\/v2\/media?parent=4352"}],"wp:term":[{"taxonomy":"product_brand","embeddable":true,"href":"https:\/\/bellaryon.com\/index.php\/wp-json\/wp\/v2\/product_brand?post=4352"},{"taxonomy":"product_cat","embeddable":true,"href":"https:\/\/bellaryon.com\/index.php\/wp-json\/wp\/v2\/product_cat?post=4352"},{"taxonomy":"product_tag","embeddable":true,"href":"https:\/\/bellaryon.com\/index.php\/wp-json\/wp\/v2\/product_tag?post=4352"}],"curies":[{"name":"wp","href":"https:\/\/api.w.org\/{rel}","templated":true}]}}