{"id":4351,"date":"2025-06-19T18:51:55","date_gmt":"2025-06-19T16:51:55","guid":{"rendered":"https:\/\/bellaryon.com\/?post_type=product&#038;p=4351"},"modified":"2025-06-30T21:37:46","modified_gmt":"2025-06-30T19:37:46","slug":"mix-anti-stress","status":"publish","type":"product","link":"https:\/\/bellaryon.com\/index.php\/product\/mix-anti-stress\/","title":{"rendered":"Mix anti-stress"},"content":{"rendered":"<h1>Pourquoi ces ingr\u00e9dients<\/h1>\n<ul>\n<li><span style=\"color: #008000;\"><strong>L\u2019ascophylum<\/strong><\/span> est riche en vitamines, min\u00e9raux et oligo-\u00e9l\u00e9ments.<\/li>\n<li>Elle permet une meilleure assimilation des aliments, une meilleure activit\u00e9 de la flore intestinale, une \u00e9limination des toxines et permet de r\u00e9sister aux infections.<\/li>\n<li>Elle est \u00e9galement bonne pour le foie, le poils, la corne, les muscles et la diminution du stress.<\/li>\n<\/ul>\n<p>&nbsp;<\/p>\n<ul>\n<li><span style=\"color: #ff00ff;\"><strong>La lavande<\/strong><\/span>, cette plante aromatique, apaise votre cheval.<\/li>\n<li>Concours, box, tonte, environnement inconnu\u2026 toutes ces choses parfois anodines peuvent g\u00e9n\u00e9rer du stress \u00e0 votre cheval. Animal fuyard et prudent de nature, il est souvent confront\u00e9 \u00e0 des situations qui l\u2019inqui\u00e8tent et l\u2019angoissent.<\/li>\n<li>Elle r\u00e9duit son stress.<\/li>\n<li>Elle est particuli\u00e8rement recommand\u00e9e en cas de contracture musculaire, de crampes et d\u2019irritations cutan\u00e9es.<\/li>\n<\/ul>\n<p>&nbsp;<\/p>\n<ul>\n<li><span style=\"color: #339966;\"><strong>Le romarin<\/strong><\/span> apaise le stress, lutte contre la fatigue, les troubles h\u00e9patiques et les infections respiratoires.<\/li>\n<li>C\u2019est un antioxydant et un anti inflammatoire.<\/li>\n<li>Il acc\u00e9l\u00e8re la pousse des crins et des poils<\/li>\n<\/ul>\n<p>&nbsp;<\/p>\n<ul>\n<li><span style=\"color: #00ff00;\"><strong>L\u2019ortie<\/strong><\/span> est riche en prot\u00e9ines, sels min\u00e9raux, oligo\u00e9l\u00e9ments, vitamines, silice, chlorophylle, tanin et s\u00e9cr\u00e9tine ce qui lui conf\u00e8re de nombreuses vertus.<\/li>\n<li>Elle est utile en cas de faiblesse articulaire, est un antian\u00e9mique et anti-inflammatoire.<\/li>\n<li>De plus, elle est un tr\u00e8s bon tonique sanguin, remin\u00e9ralisante et stimule les fonctions digestives.<\/li>\n<li>Et c\u2019est un bon draineur h\u00e9patique, diur\u00e9tique, antiarthritique, anti rhumatismes qui lutte contre l\u2019anxi\u00e9t\u00e9 et la d\u00e9pression.<\/li>\n<\/ul>\n<p>&nbsp;<\/p>\n<ul>\n<li><span style=\"color: #ffff00;\"><strong>La camomille matricaire<\/strong><\/span> att\u00e9nue le stress.<\/li>\n<li>Elle facilite la digestion en soulageant les maux d&rsquo;estomac et les ballonnements.<\/li>\n<li>Elle est apaisante et r\u00e9duit l&rsquo;anxi\u00e9t\u00e9.<\/li>\n<\/ul>\n<p>&nbsp;<\/p>\n<ul>\n<li><span style=\"color: #ff6600;\"><strong>l\u2019aub\u00e9pine<\/strong><\/span> calme le stress et la nervosit\u00e9 et dilate les vaisseaux sanguins ce qui agit sur les courbatures et crampes musculaires suite \u00e0 un effort successif.<\/li>\n<\/ul>\n<p>&nbsp;<\/p>\n<ul>\n<li><span style=\"color: #ffcc00;\"><strong>L\u2019orge<\/strong><\/span> est une tr\u00e8s bonne source de prot\u00e9ines pour votre cheval mais aide \u00e9galement l\u2019appareil digestif gr\u00e2ce \u00e0 son action \u00e9molliente et sa grande digestibilit\u00e9.<\/li>\n<li>Il poss\u00e8de aussi de la vitamine B9 en grande quantit\u00e9 qui contribue au bon fonctionnement du syst\u00e8me immunitaire, ainsi qu\u2019une multitude de min\u00e9raux tel que du s\u00e9l\u00e9nium et du magn\u00e9sium, ce qui en fait une c\u00e9r\u00e9ale excellente pour la sant\u00e9 de votre cheval.<\/li>\n<\/ul>\n","protected":false},"excerpt":{"rendered":"<p>Ce mix aidera \u00e0 apaiser le stress de votre cheval.<\/p>\n","protected":false},"featured_media":4459,"comment_status":"open","ping_status":"closed","template":"","meta":{"om_disable_all_campaigns":false,"_monsterinsights_skip_tracking":false,"_monsterinsights_sitenote_active":false,"_monsterinsights_sitenote_note":"","_monsterinsights_sitenote_category":0,"jetpack_post_was_ever_published":false},"product_brand":[],"product_cat":[118],"product_tag":[],"class_list":{"0":"post-4351","1":"product","2":"type-product","3":"status-publish","4":"has-post-thumbnail","6":"product_cat-mix","8":"first","9":"instock","10":"shipping-taxable","11":"purchasable","12":"product-type-variable"},"aioseo_notices":[],"jetpack_sharing_enabled":true,"_links":{"self":[{"href":"https:\/\/bellaryon.com\/index.php\/wp-json\/wp\/v2\/product\/4351","targetHints":{"allow":["GET"]}}],"collection":[{"href":"https:\/\/bellaryon.com\/index.php\/wp-json\/wp\/v2\/product"}],"about":[{"href":"https:\/\/bellaryon.com\/index.php\/wp-json\/wp\/v2\/types\/product"}],"replies":[{"embeddable":true,"href":"https:\/\/bellaryon.com\/index.php\/wp-json\/wp\/v2\/comments?post=4351"}],"wp:featuredmedia":[{"embeddable":true,"href":"https:\/\/bellaryon.com\/index.php\/wp-json\/wp\/v2\/media\/4459"}],"wp:attachment":[{"href":"https:\/\/bellaryon.com\/index.php\/wp-json\/wp\/v2\/media?parent=4351"}],"wp:term":[{"taxonomy":"product_brand","embeddable":true,"href":"https:\/\/bellaryon.com\/index.php\/wp-json\/wp\/v2\/product_brand?post=4351"},{"taxonomy":"product_cat","embeddable":true,"href":"https:\/\/bellaryon.com\/index.php\/wp-json\/wp\/v2\/product_cat?post=4351"},{"taxonomy":"product_tag","embeddable":true,"href":"https:\/\/bellaryon.com\/index.php\/wp-json\/wp\/v2\/product_tag?post=4351"}],"curies":[{"name":"wp","href":"https:\/\/api.w.org\/{rel}","templated":true}]}}