{"id":3618,"date":"2025-02-02T22:11:32","date_gmt":"2025-02-02T21:11:32","guid":{"rendered":"https:\/\/bellaryon.com\/?post_type=product&#038;p=3618"},"modified":"2025-08-19T11:10:27","modified_gmt":"2025-08-19T09:10:27","slug":"sachet-de-minis-friandises","status":"publish","type":"product","link":"https:\/\/bellaryon.com\/index.php\/product\/sachet-de-minis-friandises\/","title":{"rendered":"minis friandises"},"content":{"rendered":"<p>Des minis friandises rassembl\u00e9es dans un petit sachet, id\u00e9al pour le travail \u00e0 pied ou les minis mod\u00e8les.<\/p>\n<p>Vous y trouverez un panach\u00e9 de saveurs, de la carotte \u00e0 la banane, en passant par la m\u00fbre, la spiruline, l&rsquo;orange, la cannelle, la menthe&#8230; et tellement d&rsquo;autres !<\/p>\n","protected":false},"excerpt":{"rendered":"<p>minis friandises aux saveurs diverses et vari\u00e9es<\/p>\n<p>Offrez \u00e0 votre cheval des friandises naturelles et artisanales avec les bonbons pour chevaux Bellaryon, fabriqu\u00e9s en France \u00e0 partir d&rsquo;ingr\u00e9dients sains et sans additifs.<\/p>\n","protected":false},"featured_media":4486,"comment_status":"open","ping_status":"closed","template":"","meta":{"om_disable_all_campaigns":false,"_monsterinsights_skip_tracking":false,"_monsterinsights_sitenote_active":false,"_monsterinsights_sitenote_note":"","_monsterinsights_sitenote_category":0,"jetpack_post_was_ever_published":false},"product_brand":[],"product_cat":[49],"product_tag":[],"class_list":{"0":"post-3618","1":"product","2":"type-product","3":"status-publish","4":"has-post-thumbnail","6":"product_cat-les-minis","8":"first","9":"instock","10":"shipping-taxable","11":"purchasable","12":"product-type-simple"},"aioseo_notices":[],"jetpack_sharing_enabled":true,"_links":{"self":[{"href":"https:\/\/bellaryon.com\/index.php\/wp-json\/wp\/v2\/product\/3618","targetHints":{"allow":["GET"]}}],"collection":[{"href":"https:\/\/bellaryon.com\/index.php\/wp-json\/wp\/v2\/product"}],"about":[{"href":"https:\/\/bellaryon.com\/index.php\/wp-json\/wp\/v2\/types\/product"}],"replies":[{"embeddable":true,"href":"https:\/\/bellaryon.com\/index.php\/wp-json\/wp\/v2\/comments?post=3618"}],"wp:featuredmedia":[{"embeddable":true,"href":"https:\/\/bellaryon.com\/index.php\/wp-json\/wp\/v2\/media\/4486"}],"wp:attachment":[{"href":"https:\/\/bellaryon.com\/index.php\/wp-json\/wp\/v2\/media?parent=3618"}],"wp:term":[{"taxonomy":"product_brand","embeddable":true,"href":"https:\/\/bellaryon.com\/index.php\/wp-json\/wp\/v2\/product_brand?post=3618"},{"taxonomy":"product_cat","embeddable":true,"href":"https:\/\/bellaryon.com\/index.php\/wp-json\/wp\/v2\/product_cat?post=3618"},{"taxonomy":"product_tag","embeddable":true,"href":"https:\/\/bellaryon.com\/index.php\/wp-json\/wp\/v2\/product_tag?post=3618"}],"curies":[{"name":"wp","href":"https:\/\/api.w.org\/{rel}","templated":true}]}}