{"id":3426,"date":"2024-11-17T21:08:23","date_gmt":"2024-11-17T20:08:23","guid":{"rendered":"https:\/\/bellaryon.com\/?post_type=product&#038;p=3426"},"modified":"2025-05-12T12:49:38","modified_gmt":"2025-05-12T10:49:38","slug":"meduse","status":"publish","type":"product","link":"https:\/\/bellaryon.com\/index.php\/product\/meduse\/","title":{"rendered":"M\u00e9duse"},"content":{"rendered":"<p>Nos petites m\u00e9duses crochet\u00e9es en laine chenille vous apporteront toute la douceur dont vous pourriez r\u00eaver !<\/p>\n<p>Elles peuvent se d\u00e9cliner dans toutes les couleurs, leurs tentacules peuvent laisser libre court \u00e0 votre imagination.<\/p>\n<p>Alors laissez vous tenter et venez nous dire quelle m\u00e9duse vous voudriez&#8230;.<\/p>\n","protected":false},"excerpt":{"rendered":"<p>La m\u00e9duse pleine de douceur \u00e0 ne pas laisser filer&#8230;<\/p>\n","protected":false},"featured_media":3433,"comment_status":"open","ping_status":"closed","template":"","meta":{"om_disable_all_campaigns":false,"_monsterinsights_skip_tracking":false,"_monsterinsights_sitenote_active":false,"_monsterinsights_sitenote_note":"","_monsterinsights_sitenote_category":0,"jetpack_post_was_ever_published":false},"product_brand":[],"product_cat":[76],"product_tag":[109],"class_list":{"0":"post-3426","1":"product","2":"type-product","3":"status-publish","4":"has-post-thumbnail","6":"product_cat-autres-creations-artisanales","7":"product_tag-meduse","9":"first","10":"instock","11":"shipping-taxable","12":"purchasable","13":"product-type-variable"},"aioseo_notices":[],"jetpack_sharing_enabled":true,"_links":{"self":[{"href":"https:\/\/bellaryon.com\/index.php\/wp-json\/wp\/v2\/product\/3426","targetHints":{"allow":["GET"]}}],"collection":[{"href":"https:\/\/bellaryon.com\/index.php\/wp-json\/wp\/v2\/product"}],"about":[{"href":"https:\/\/bellaryon.com\/index.php\/wp-json\/wp\/v2\/types\/product"}],"replies":[{"embeddable":true,"href":"https:\/\/bellaryon.com\/index.php\/wp-json\/wp\/v2\/comments?post=3426"}],"wp:featuredmedia":[{"embeddable":true,"href":"https:\/\/bellaryon.com\/index.php\/wp-json\/wp\/v2\/media\/3433"}],"wp:attachment":[{"href":"https:\/\/bellaryon.com\/index.php\/wp-json\/wp\/v2\/media?parent=3426"}],"wp:term":[{"taxonomy":"product_brand","embeddable":true,"href":"https:\/\/bellaryon.com\/index.php\/wp-json\/wp\/v2\/product_brand?post=3426"},{"taxonomy":"product_cat","embeddable":true,"href":"https:\/\/bellaryon.com\/index.php\/wp-json\/wp\/v2\/product_cat?post=3426"},{"taxonomy":"product_tag","embeddable":true,"href":"https:\/\/bellaryon.com\/index.php\/wp-json\/wp\/v2\/product_tag?post=3426"}],"curies":[{"name":"wp","href":"https:\/\/api.w.org\/{rel}","templated":true}]}}