{"id":328,"date":"2023-06-06T22:52:54","date_gmt":"2023-06-06T20:52:54","guid":{"rendered":"https:\/\/bellaryon.com\/?post_type=product&#038;p=328"},"modified":"2024-06-06T23:06:03","modified_gmt":"2024-06-06T21:06:03","slug":"mini-mix","status":"publish","type":"product","link":"https:\/\/bellaryon.com\/index.php\/product\/mini-mix\/","title":{"rendered":"Mini mix"},"content":{"rendered":"<h2>Pourquoi ces ingr\u00e9dients<\/h2>\n<ul>\n<li><span style=\"color: #ff6600;\"><strong>La carotte<\/strong><\/span> est une grande source de b\u00eata-carot\u00e8ne, de fibres douces, de vitamine B et de sels min\u00e9raux.<\/li>\n<li>Elle augmente la r\u00e9sistance des d\u00e9fense naturelles, poss\u00e8de des propri\u00e9t\u00e9s antian\u00e9miques, digestives, diur\u00e9tiques, antioxydant.<\/li>\n<li>Elle am\u00e9liore la sant\u00e9 oculaire et dermique de votre animal.<\/li>\n<li>Elle favorise aussi la s\u00e9cr\u00e9tion de lait pour les juments.<\/li>\n<li>La carotte \u00e0 alors des b\u00e9n\u00e9fices sur l\u2019ensemble de l\u2019organisme.<\/li>\n<\/ul>\n<p>&nbsp;<\/p>\n<ul>\n<li><span style=\"color: #99cc00;\"><strong>La pomme<\/strong><\/span> riche en fibres et vitamine C, facilite la digestion et r\u00e9duit les allergies.<\/li>\n<li>Elle est recommand\u00e9e pour les chevaux diab\u00e9tiques.<\/li>\n<\/ul>\n<p>&nbsp;<\/p>\n<ul>\n<li><span style=\"color: #993366;\"><strong>La betterave<\/strong><\/span> est riche en vitamine C et B9, en min\u00e9raux tel que le fer, le cuivre, le zinc et le mangan\u00e8se, en fibre et en prot\u00e9ines. C\u2019est un anti colique, elle influe sur le syst\u00e8me cardio vasculaire et \u00e0 une action antioxydante.<\/li>\n<li>Elle am\u00e9liore le poil, la peau et les sabots du cheval.<\/li>\n<\/ul>\n<p>&nbsp;<\/p>\n<ul>\n<li><span style=\"color: #ffcc00;\"><strong>Le curcuma<\/strong> <\/span>a des effets b\u00e9n\u00e9fiques sur le syst\u00e8me digestif en r\u00e9duisant les ulc\u00e8res et les inflammations de l\u2019estomac. Il aide aussi le foie et les reins \u00e0 \u00e9vacuer les toxines.<\/li>\n<li>Son action anti-inflammatoire permet de r\u00e9duire les risques d\u2019apparition du syndrome naviculaire.<\/li>\n<\/ul>\n<p>&nbsp;<\/p>\n<ul>\n<li><span style=\"color: #993300;\"><strong>La cannelle<\/strong><\/span> est riche en fibres.<\/li>\n<li>Elle booste le syst\u00e8me immunitaire, am\u00e9liore l\u2019\u00e9tat respiratoire, elle poss\u00e8de des propri\u00e9t\u00e9s antivirales et antioxydant. Elle stimule l\u2019app\u00e9tit et aide \u00e0 la convalescence.<\/li>\n<\/ul>\n<p>&nbsp;<\/p>\n<ul>\n<li><span style=\"color: #339966;\"><strong>La coriandre<\/strong><\/span> stimule l\u2019app\u00e9tit.<\/li>\n<li>C\u2019est une source de vitamines K.<\/li>\n<li>Elle a des vertus digestives, antibact\u00e9rienne, antioxydante et tonifiante gr\u00e2ce \u00e0 sa vitamine C.<\/li>\n<\/ul>\n<p>&nbsp;<\/p>\n<ul>\n<li><span style=\"color: #800000;\"><strong>Le lin<\/strong><\/span> soulage l\u2019appareil digestif en ayant une action protectrice sur les muqueuses lui permettant de pr\u00e9venir l\u2019apparition d\u2019ulc\u00e8re. Le lin est riche en vitamine B1, B2, B3, B5, B6, B9, vitamine C, E, K ainsi que du fer, du zinc et du calcium qui permettent de faire briller le poil et am\u00e9liore la sant\u00e9 de la peau.<\/li>\n<\/ul>\n<p>&nbsp;<\/p>\n<ul>\n<li><strong><span style=\"color: #ffcc00;\">L\u2019orge<\/span><\/strong> est une tr\u00e8s bonne source de prot\u00e9ines pour votre cheval mais aide \u00e9galement l\u2019appareil digestif gr\u00e2ce \u00e0 son action \u00e9molliente et sa grande digestibilit\u00e9.<\/li>\n<li>Il poss\u00e8de aussi de la vitamine B9 en grande quantit\u00e9 qui contribue au bon fonctionnement du syst\u00e8me immunitaire. Il a aussi une multitude de min\u00e9raux tel que du s\u00e9l\u00e9nium et du magn\u00e9sium, ce qui en fait une c\u00e9r\u00e9ale excellente pour la sant\u00e9 de votre cheval.<\/li>\n<\/ul>\n","protected":false},"excerpt":{"rendered":"<p>Pourquoi ces ingr\u00e9dients La carotte est une grande source de b\u00eata-carot\u00e8ne, de fibres douces, de vitamine B et de sels min\u00e9raux. Elle augmente la r\u00e9sistance des d\u00e9fense naturelles, poss\u00e8de des propri\u00e9t\u00e9s antian\u00e9miques, digestives, diur\u00e9tiques, antioxydant. Elle am\u00e9liore la sant\u00e9 oculaire et dermique de votre animal. Elle favorise aussi la s\u00e9cr\u00e9tion de lait pour les juments. [&hellip;]<\/p>\n","protected":false},"featured_media":2911,"comment_status":"open","ping_status":"closed","template":"","meta":{"om_disable_all_campaigns":false,"_monsterinsights_skip_tracking":false,"_monsterinsights_sitenote_active":false,"_monsterinsights_sitenote_note":"","_monsterinsights_sitenote_category":0,"jetpack_post_was_ever_published":false},"product_brand":[],"product_cat":[49],"product_tag":[],"class_list":{"0":"post-328","1":"product","2":"type-product","3":"status-publish","4":"has-post-thumbnail","6":"product_cat-les-minis","8":"first","9":"instock","10":"shipping-taxable","11":"purchasable","12":"product-type-variable"},"aioseo_notices":[],"jetpack_sharing_enabled":true,"_links":{"self":[{"href":"https:\/\/bellaryon.com\/index.php\/wp-json\/wp\/v2\/product\/328","targetHints":{"allow":["GET"]}}],"collection":[{"href":"https:\/\/bellaryon.com\/index.php\/wp-json\/wp\/v2\/product"}],"about":[{"href":"https:\/\/bellaryon.com\/index.php\/wp-json\/wp\/v2\/types\/product"}],"replies":[{"embeddable":true,"href":"https:\/\/bellaryon.com\/index.php\/wp-json\/wp\/v2\/comments?post=328"}],"wp:featuredmedia":[{"embeddable":true,"href":"https:\/\/bellaryon.com\/index.php\/wp-json\/wp\/v2\/media\/2911"}],"wp:attachment":[{"href":"https:\/\/bellaryon.com\/index.php\/wp-json\/wp\/v2\/media?parent=328"}],"wp:term":[{"taxonomy":"product_brand","embeddable":true,"href":"https:\/\/bellaryon.com\/index.php\/wp-json\/wp\/v2\/product_brand?post=328"},{"taxonomy":"product_cat","embeddable":true,"href":"https:\/\/bellaryon.com\/index.php\/wp-json\/wp\/v2\/product_cat?post=328"},{"taxonomy":"product_tag","embeddable":true,"href":"https:\/\/bellaryon.com\/index.php\/wp-json\/wp\/v2\/product_tag?post=328"}],"curies":[{"name":"wp","href":"https:\/\/api.w.org\/{rel}","templated":true}]}}