{"id":3029,"date":"2024-08-19T22:45:02","date_gmt":"2024-08-19T20:45:02","guid":{"rendered":"https:\/\/bellaryon.com\/?post_type=product&#038;p=3029"},"modified":"2024-09-01T17:16:33","modified_gmt":"2024-09-01T15:16:33","slug":"decoration-de-retroviseur","status":"publish","type":"product","link":"https:\/\/bellaryon.com\/index.php\/product\/decoration-de-retroviseur\/","title":{"rendered":"D\u00e9coration de r\u00e9troviseur"},"content":{"rendered":"<p>Du petit poussin qui fait de la balan\u00e7oire, au canard en passant par la jolie petite abeille, le panda, le poulpy&#8230;. et les jolies cerises<\/p>\n<p>Plein de petites d\u00e9co pour mettre de la couleur et de la tendresse dans votre voiture<\/p>\n<p>Fixation facile et rapide \u00e0 votre r\u00e9troviseur<\/p>\n","protected":false},"excerpt":{"rendered":"<p>Du petit poussin qui fait de la balan\u00e7oire, au canard en passant par la jolie petite abeille, le panda, le poulpy&#8230;. et les jolies cerises Plein de petites d\u00e9co pour mettre de la couleur et de la tendresse dans votre voiture Fixation facile et rapide \u00e0 votre r\u00e9troviseur<\/p>\n","protected":false},"featured_media":2970,"comment_status":"open","ping_status":"closed","template":"","meta":{"om_disable_all_campaigns":false,"_monsterinsights_skip_tracking":false,"_monsterinsights_sitenote_active":false,"_monsterinsights_sitenote_note":"","_monsterinsights_sitenote_category":0,"jetpack_post_was_ever_published":false},"product_brand":[],"product_cat":[76],"product_tag":[],"class_list":{"0":"post-3029","1":"product","2":"type-product","3":"status-publish","4":"has-post-thumbnail","6":"product_cat-autres-creations-artisanales","8":"first","9":"instock","10":"shipping-taxable","11":"purchasable","12":"product-type-variable"},"aioseo_notices":[],"jetpack_sharing_enabled":true,"_links":{"self":[{"href":"https:\/\/bellaryon.com\/index.php\/wp-json\/wp\/v2\/product\/3029","targetHints":{"allow":["GET"]}}],"collection":[{"href":"https:\/\/bellaryon.com\/index.php\/wp-json\/wp\/v2\/product"}],"about":[{"href":"https:\/\/bellaryon.com\/index.php\/wp-json\/wp\/v2\/types\/product"}],"replies":[{"embeddable":true,"href":"https:\/\/bellaryon.com\/index.php\/wp-json\/wp\/v2\/comments?post=3029"}],"wp:featuredmedia":[{"embeddable":true,"href":"https:\/\/bellaryon.com\/index.php\/wp-json\/wp\/v2\/media\/2970"}],"wp:attachment":[{"href":"https:\/\/bellaryon.com\/index.php\/wp-json\/wp\/v2\/media?parent=3029"}],"wp:term":[{"taxonomy":"product_brand","embeddable":true,"href":"https:\/\/bellaryon.com\/index.php\/wp-json\/wp\/v2\/product_brand?post=3029"},{"taxonomy":"product_cat","embeddable":true,"href":"https:\/\/bellaryon.com\/index.php\/wp-json\/wp\/v2\/product_cat?post=3029"},{"taxonomy":"product_tag","embeddable":true,"href":"https:\/\/bellaryon.com\/index.php\/wp-json\/wp\/v2\/product_tag?post=3029"}],"curies":[{"name":"wp","href":"https:\/\/api.w.org\/{rel}","templated":true}]}}