{"id":3003,"date":"2024-08-08T10:27:33","date_gmt":"2024-08-08T08:27:33","guid":{"rendered":"https:\/\/bellaryon.com\/?post_type=product&#038;p=3003"},"modified":"2025-06-23T22:18:15","modified_gmt":"2025-06-23T20:18:15","slug":"friandise-au-trefle","status":"publish","type":"product","link":"https:\/\/bellaryon.com\/index.php\/product\/friandise-au-trefle\/","title":{"rendered":"Friandises aux plantes"},"content":{"rendered":"<h1 class=\"x11i5rnm xat24cr x1mh8g0r x1vvkbs xtlvy1s x126k92a\">Pourquoi ces ingr\u00e9dients<\/h1>\n<ul>\n<li><span style=\"color: #ff00ff;\"><strong>Le tr\u00e8fle<\/strong><\/span> <strong><span style=\"color: #ff00ff;\">des pr\u00e8s<\/span><\/strong> est une plante riche en min\u00e9raux et oligo-\u00e9l\u00e9ments.<\/li>\n<li>Il renferme aussi des vitamines C B E et K, stimule l&rsquo;immunit\u00e9 des chevaux fatigu\u00e9s et convalescents et am\u00e9liore la sant\u00e9 cardiovasculaire<\/li>\n<\/ul>\n<p>&nbsp;<\/p>\n<ul>\n<li><strong><span style=\"color: #339966;\">La luzerne<\/span><\/strong> est appr\u00e9ci\u00e9e pour ses qualit\u00e9s remin\u00e9ralisantes, elle contient du fer, du calcium, du magn\u00e9sium et du potassium.<\/li>\n<li>Elle poss\u00e8de aussi des qualit\u00e9s nutritives.<\/li>\n<li>Elle a une action anti-h\u00e9morragique gr\u00e2ce \u00e0 la vitamine K qu&rsquo;elle contient.<\/li>\n<li>C&rsquo;est une plante facile \u00e0 dig\u00e9rer.<\/li>\n<li>Les friandises \u00e0 la luzerne constituent une excellente source de calories, de prot\u00e9ines, de vitamines et de min\u00e9raux.<\/li>\n<\/ul>\n<p>&nbsp;<\/p>\n<ul>\n<li><span style=\"color: #00ff00;\"><strong>Le fenouil<\/strong><\/span> lutte contre les troubles intestinaux des poulains.<\/li>\n<li>Il soulage les chaleurs des juments.<\/li>\n<li>Cette plante stimule la lactation.<\/li>\n<li>C&rsquo;est un anti-spasmodique : il stimule la digestion et traite l&rsquo;inflammation des voies respiratoire comme la toux, le rhume.<\/li>\n<li>Il lutte contre les affections oculaire: conjonctivite, gonflement, irritation ou inflammation des yeux.<\/li>\n<\/ul>\n<p>&nbsp;<\/p>\n<ul>\n<li><span style=\"color: #808000;\"><strong>La feuille de noisetier<\/strong><\/span> contient des principes actifs tels que les tanins, les proanthocyanidols et un flavonoide, la myricitrine.<\/li>\n<li>Elle est vasoconstrictrice c\u2019est \u00e0 dire qu\u2019elle est utilis\u00e9e contre les affections du syst\u00e8me veineux, ainsi que pour faciliter le confort de la circulation veineuse.<\/li>\n<li><span style=\"color: #808000;\"><strong>La feuille de noisetier<\/strong><\/span> est \u00e9galement anti inflammatoire.<\/li>\n<li>Elle est astringente, elle lutte contre les diarrh\u00e9es.<\/li>\n<\/ul>\n<p>&nbsp;<\/p>\n<ul>\n<li><span style=\"color: #ffcc00;\"><strong>L\u2019orge<\/strong><\/span> est une tr\u00e8s bonne source de prot\u00e9ines pour votre cheval mais aide \u00e9galement l\u2019appareil digestif gr\u00e2ce \u00e0 son action \u00e9molliente et sa grande digestibilit\u00e9.<\/li>\n<li>Il poss\u00e8de aussi de la vitamine B9 en grande quantit\u00e9 qui contribue au bon fonctionnement du syst\u00e8me immunitaire. Il a aussi une multitude de min\u00e9raux tel que du s\u00e9l\u00e9nium et du magn\u00e9sium, ce qui en fait une c\u00e9r\u00e9ale excellente pour la sant\u00e9 de votre cheval.<\/li>\n<\/ul>\n","protected":false},"excerpt":{"rendered":"<p>Un m\u00e9lange de friandises aux plantes pour un confort maximal.<\/p>\n<p>&nbsp;<\/p>\n<p>Offrez \u00e0 votre cheval des friandises naturelles et artisanales avec les bonbons pour chevaux Bellaryon, fabriqu\u00e9s en France \u00e0 partir d&rsquo;ingr\u00e9dients sains et sans additifs.<\/p>\n","protected":false},"featured_media":3004,"comment_status":"open","ping_status":"closed","template":"","meta":{"om_disable_all_campaigns":false,"_monsterinsights_skip_tracking":false,"_monsterinsights_sitenote_active":false,"_monsterinsights_sitenote_note":"","_monsterinsights_sitenote_category":0,"jetpack_post_was_ever_published":false},"product_brand":[],"product_cat":[75],"product_tag":[],"class_list":{"0":"post-3003","1":"product","2":"type-product","3":"status-publish","4":"has-post-thumbnail","6":"product_cat-les-classiques","8":"first","9":"instock","10":"shipping-taxable","11":"purchasable","12":"product-type-variable"},"aioseo_notices":[],"jetpack_sharing_enabled":true,"_links":{"self":[{"href":"https:\/\/bellaryon.com\/index.php\/wp-json\/wp\/v2\/product\/3003","targetHints":{"allow":["GET"]}}],"collection":[{"href":"https:\/\/bellaryon.com\/index.php\/wp-json\/wp\/v2\/product"}],"about":[{"href":"https:\/\/bellaryon.com\/index.php\/wp-json\/wp\/v2\/types\/product"}],"replies":[{"embeddable":true,"href":"https:\/\/bellaryon.com\/index.php\/wp-json\/wp\/v2\/comments?post=3003"}],"wp:featuredmedia":[{"embeddable":true,"href":"https:\/\/bellaryon.com\/index.php\/wp-json\/wp\/v2\/media\/3004"}],"wp:attachment":[{"href":"https:\/\/bellaryon.com\/index.php\/wp-json\/wp\/v2\/media?parent=3003"}],"wp:term":[{"taxonomy":"product_brand","embeddable":true,"href":"https:\/\/bellaryon.com\/index.php\/wp-json\/wp\/v2\/product_brand?post=3003"},{"taxonomy":"product_cat","embeddable":true,"href":"https:\/\/bellaryon.com\/index.php\/wp-json\/wp\/v2\/product_cat?post=3003"},{"taxonomy":"product_tag","embeddable":true,"href":"https:\/\/bellaryon.com\/index.php\/wp-json\/wp\/v2\/product_tag?post=3003"}],"curies":[{"name":"wp","href":"https:\/\/api.w.org\/{rel}","templated":true}]}}