{"id":292,"date":"2023-06-05T22:05:15","date_gmt":"2023-06-05T20:05:15","guid":{"rendered":"https:\/\/bellaryon.com\/?post_type=product&#038;p=292"},"modified":"2025-06-27T10:56:15","modified_gmt":"2025-06-27T08:56:15","slug":"friandises-a-la-carotte","status":"publish","type":"product","link":"https:\/\/bellaryon.com\/index.php\/product\/friandises-a-la-carotte\/","title":{"rendered":"Friandises \u00e0 la carotte"},"content":{"rendered":"<h2>Pourquoi ces ingr\u00e9dients<\/h2>\n<ul>\n<li><span style=\"color: #ff6600;\"><strong>La carotte<\/strong> <\/span>est une grande source de b\u00eata-carot\u00e8ne, de fibres douces, de vitamine B et de sels min\u00e9raux.<\/li>\n<li>Elle augmente la r\u00e9sistance des d\u00e9fense naturelles.<\/li>\n<li>Elle poss\u00e8de des propri\u00e9t\u00e9s antian\u00e9miques, digestives, diur\u00e9tiques, antioxydant.<\/li>\n<li>Elle am\u00e9liore la sant\u00e9 oculaire et dermique de votre animal.<\/li>\n<li>Elle favorise aussi la s\u00e9cr\u00e9tion de lait pour les juments.<\/li>\n<li>La carotte \u00e0 alors des b\u00e9n\u00e9fices sur l\u2019ensemble de l\u2019organisme.<\/li>\n<\/ul>\n<p>&nbsp;<\/p>\n<ul>\n<li><strong>Le lin<\/strong> soulage l\u2019appareil digestif en ayant une action protectrice sur les muqueuses lui permettant de pr\u00e9venir l\u2019apparition d\u2019ulc\u00e8re.<\/li>\n<li>Le lin est riche en vitamine B1, B2, B3, B5, B6, B9, vitamine C, E, K ainsi que du fer, du zinc et du calcium qui permettent de faire briller le poil et am\u00e9liore la sant\u00e9 de la peau.<\/li>\n<\/ul>\n<p>&nbsp;<\/p>\n<ul>\n<li><span style=\"color: #ffcc00;\"><strong>Le curcuma<\/strong><\/span> a des effets b\u00e9n\u00e9fiques sur le syst\u00e8me digestif en r\u00e9duisant les ulc\u00e8res et les inflammations de l\u2019estomac ainsi qu\u2019en aidant le foie et les reins \u00e0 \u00e9vacuer les toxines Son action anti-inflammatoire permet de r\u00e9duire les risques d\u2019apparition du syndrome naviculaire.<\/li>\n<\/ul>\n<p>&nbsp;<\/p>\n<ul>\n<li><span style=\"color: #ff6600;\"><strong>La citrouille<\/strong><\/span> est faible en sucre et est donc une option plus s\u00fbre pour les chevaux en surpoids et ceux qui souffrent de fourbure et de r\u00e9sistance \u00e0 l\u2019insuline.Elle est \u00e9galement riche en vitamine A, E, B3 et B9<\/li>\n<li>Elle est remplie de min\u00e9raux, d\u2019acides gras et de fibres.<\/li>\n<\/ul>\n<p>&nbsp;<\/p>\n<ul>\n<li><span style=\"color: #ffcc00;\"><strong>L\u2019orge<\/strong><\/span> est une tr\u00e8s bonne source de prot\u00e9ines pour votre cheval.<\/li>\n<li>Il aide \u00e9galement l\u2019appareil digestif gr\u00e2ce \u00e0 son action \u00e9molliente et sa grande digestibilit\u00e9.<\/li>\n<li>Il poss\u00e8de aussi de la vitamine B9 en grande quantit\u00e9 qui contribue au bon fonctionnement du syst\u00e8me immunitaire.<\/li>\n<li>Il a aussi une multitude de min\u00e9raux tel que du s\u00e9l\u00e9nium et du magn\u00e9sium, ce qui en fait une c\u00e9r\u00e9ale excellente pour la sant\u00e9 de votre cheval.<\/li>\n<\/ul>\n","protected":false},"excerpt":{"rendered":"<p>La sucrosit\u00e9 naturelle de la carotte.<\/p>\n<p>&nbsp;<\/p>\n<p>Offrez \u00e0 votre cheval des friandises naturelles et artisanales avec les bonbons pour chevaux Bellaryon, fabriqu\u00e9s en France \u00e0 partir d\u2019ingr\u00e9dients sains et sans additifs.<\/p>\n","protected":false},"featured_media":4494,"comment_status":"open","ping_status":"closed","template":"","meta":{"om_disable_all_campaigns":false,"_monsterinsights_skip_tracking":false,"_monsterinsights_sitenote_active":false,"_monsterinsights_sitenote_note":"","_monsterinsights_sitenote_category":0,"jetpack_post_was_ever_published":false},"product_brand":[],"product_cat":[75],"product_tag":[],"class_list":{"0":"post-292","1":"product","2":"type-product","3":"status-publish","4":"has-post-thumbnail","6":"product_cat-les-classiques","8":"first","9":"instock","10":"shipping-taxable","11":"purchasable","12":"product-type-variable"},"aioseo_notices":[],"jetpack_sharing_enabled":true,"_links":{"self":[{"href":"https:\/\/bellaryon.com\/index.php\/wp-json\/wp\/v2\/product\/292","targetHints":{"allow":["GET"]}}],"collection":[{"href":"https:\/\/bellaryon.com\/index.php\/wp-json\/wp\/v2\/product"}],"about":[{"href":"https:\/\/bellaryon.com\/index.php\/wp-json\/wp\/v2\/types\/product"}],"replies":[{"embeddable":true,"href":"https:\/\/bellaryon.com\/index.php\/wp-json\/wp\/v2\/comments?post=292"}],"wp:featuredmedia":[{"embeddable":true,"href":"https:\/\/bellaryon.com\/index.php\/wp-json\/wp\/v2\/media\/4494"}],"wp:attachment":[{"href":"https:\/\/bellaryon.com\/index.php\/wp-json\/wp\/v2\/media?parent=292"}],"wp:term":[{"taxonomy":"product_brand","embeddable":true,"href":"https:\/\/bellaryon.com\/index.php\/wp-json\/wp\/v2\/product_brand?post=292"},{"taxonomy":"product_cat","embeddable":true,"href":"https:\/\/bellaryon.com\/index.php\/wp-json\/wp\/v2\/product_cat?post=292"},{"taxonomy":"product_tag","embeddable":true,"href":"https:\/\/bellaryon.com\/index.php\/wp-json\/wp\/v2\/product_tag?post=292"}],"curies":[{"name":"wp","href":"https:\/\/api.w.org\/{rel}","templated":true}]}}