{"id":2593,"date":"2024-05-27T11:27:10","date_gmt":"2024-05-27T09:27:10","guid":{"rendered":"https:\/\/bellaryon.com\/?post_type=product&#038;p=2593"},"modified":"2024-09-01T09:50:33","modified_gmt":"2024-09-01T07:50:33","slug":"poulpy","status":"publish","type":"product","link":"https:\/\/bellaryon.com\/index.php\/product\/poulpy\/","title":{"rendered":"Poulpy"},"content":{"rendered":"<p>Des petits poulpys tout mignons pour d\u00e9corer vos licols ou vos cl\u00e9s&#8230; ou tout autre envie !<br \/>\nFaits enti\u00e8rement \u00e0 la main.<br \/>\nVous pouvez choisir la couleur ou le type de laine, soit de la laine acrylique basique, soit de la laine chenille pleine de douceur<br \/>\nJe peux ajouter un anneau de porte cl\u00e9 sur simple demande sur les poulpys chenille<\/p>\n","protected":false},"excerpt":{"rendered":"<p>Des petits poulpys tout mignons pour d\u00e9corer vos licols ou vos cl\u00e9s&#8230; ou tout autre envie ! Faits enti\u00e8rement \u00e0 la main. Vous pouvez choisir la couleur ou le type de laine, soit de la laine acrylique basique, soit de la laine chenille pleine de douceur Je peux ajouter un anneau de porte cl\u00e9 sur [&hellip;]<\/p>\n","protected":false},"featured_media":2822,"comment_status":"open","ping_status":"closed","template":"","meta":{"om_disable_all_campaigns":false,"_monsterinsights_skip_tracking":false,"_monsterinsights_sitenote_active":false,"_monsterinsights_sitenote_note":"","_monsterinsights_sitenote_category":0,"jetpack_post_was_ever_published":false},"product_brand":[],"product_cat":[76],"product_tag":[],"class_list":{"0":"post-2593","1":"product","2":"type-product","3":"status-publish","4":"has-post-thumbnail","6":"product_cat-autres-creations-artisanales","8":"first","9":"instock","10":"shipping-taxable","11":"purchasable","12":"product-type-variable"},"aioseo_notices":[],"jetpack_sharing_enabled":true,"_links":{"self":[{"href":"https:\/\/bellaryon.com\/index.php\/wp-json\/wp\/v2\/product\/2593","targetHints":{"allow":["GET"]}}],"collection":[{"href":"https:\/\/bellaryon.com\/index.php\/wp-json\/wp\/v2\/product"}],"about":[{"href":"https:\/\/bellaryon.com\/index.php\/wp-json\/wp\/v2\/types\/product"}],"replies":[{"embeddable":true,"href":"https:\/\/bellaryon.com\/index.php\/wp-json\/wp\/v2\/comments?post=2593"}],"wp:featuredmedia":[{"embeddable":true,"href":"https:\/\/bellaryon.com\/index.php\/wp-json\/wp\/v2\/media\/2822"}],"wp:attachment":[{"href":"https:\/\/bellaryon.com\/index.php\/wp-json\/wp\/v2\/media?parent=2593"}],"wp:term":[{"taxonomy":"product_brand","embeddable":true,"href":"https:\/\/bellaryon.com\/index.php\/wp-json\/wp\/v2\/product_brand?post=2593"},{"taxonomy":"product_cat","embeddable":true,"href":"https:\/\/bellaryon.com\/index.php\/wp-json\/wp\/v2\/product_cat?post=2593"},{"taxonomy":"product_tag","embeddable":true,"href":"https:\/\/bellaryon.com\/index.php\/wp-json\/wp\/v2\/product_tag?post=2593"}],"curies":[{"name":"wp","href":"https:\/\/api.w.org\/{rel}","templated":true}]}}