{"id":236,"date":"2023-06-04T10:55:35","date_gmt":"2023-06-04T08:55:35","guid":{"rendered":"https:\/\/bellaryon.com\/?post_type=product&#038;p=236"},"modified":"2025-06-23T16:17:16","modified_gmt":"2025-06-23T14:17:16","slug":"friandises-au-romarin","status":"publish","type":"product","link":"https:\/\/bellaryon.com\/index.php\/product\/friandises-au-romarin\/","title":{"rendered":"Friandises au romarin"},"content":{"rendered":"<h2>Pourquoi ces ingr\u00e9dients<\/h2>\n<ul>\n<li><span style=\"color: #339966;\"><strong>Le romarin<\/strong> <\/span>apaise le stress, lutte contre la fatigue, les troubles h\u00e9patiques et les infections respiratoires.<\/li>\n<li>C\u2019est un antioxydant et un anti inflammatoire.<\/li>\n<li>Il acc\u00e9l\u00e8re la pousse des crins et des poils<\/li>\n<\/ul>\n<p>&nbsp;<\/p>\n<ul>\n<li><span style=\"color: #ffcc00;\"><strong>L&rsquo;orge<\/strong><\/span> est une tr\u00e8s bonne source de prot\u00e9ines pour votre cheval mais aide \u00e9galement l\u2019appareil digestif gr\u00e2ce \u00e0 son action \u00e9molliente et sa grande digestibilit\u00e9.<\/li>\n<li>Il poss\u00e8de aussi de la vitamine B9 en grande quantit\u00e9 qui contribue au bon fonctionnement du syst\u00e8me immunitaire, ainsi qu\u2019une multitude de min\u00e9raux tel que du s\u00e9l\u00e9nium et du magn\u00e9sium, ce qui en fait une c\u00e9r\u00e9ale excellente pour la sant\u00e9 de votre cheval.<\/li>\n<\/ul>\n","protected":false},"excerpt":{"rendered":"<p>Les vertus d\u00e9stressante et revigorantes du romarin, un alli\u00e9 de choix en cas de petite fatigue.<\/p>\n<p>&nbsp;<\/p>\n<p>Offrez \u00e0 votre cheval des friandises naturelles et artisanales avec les bonbons pour chevaux Bellaryon, fabriqu\u00e9s en France \u00e0 partir d\u2019ingr\u00e9dients sains et sans additifs.<\/p>\n","protected":false},"featured_media":2746,"comment_status":"open","ping_status":"closed","template":"","meta":{"om_disable_all_campaigns":false,"_monsterinsights_skip_tracking":false,"_monsterinsights_sitenote_active":false,"_monsterinsights_sitenote_note":"","_monsterinsights_sitenote_category":0,"jetpack_post_was_ever_published":false},"product_brand":[],"product_cat":[75],"product_tag":[],"class_list":{"0":"post-236","1":"product","2":"type-product","3":"status-publish","4":"has-post-thumbnail","6":"product_cat-les-classiques","8":"first","9":"instock","10":"shipping-taxable","11":"purchasable","12":"product-type-variable"},"aioseo_notices":[],"jetpack_sharing_enabled":true,"_links":{"self":[{"href":"https:\/\/bellaryon.com\/index.php\/wp-json\/wp\/v2\/product\/236","targetHints":{"allow":["GET"]}}],"collection":[{"href":"https:\/\/bellaryon.com\/index.php\/wp-json\/wp\/v2\/product"}],"about":[{"href":"https:\/\/bellaryon.com\/index.php\/wp-json\/wp\/v2\/types\/product"}],"replies":[{"embeddable":true,"href":"https:\/\/bellaryon.com\/index.php\/wp-json\/wp\/v2\/comments?post=236"}],"wp:featuredmedia":[{"embeddable":true,"href":"https:\/\/bellaryon.com\/index.php\/wp-json\/wp\/v2\/media\/2746"}],"wp:attachment":[{"href":"https:\/\/bellaryon.com\/index.php\/wp-json\/wp\/v2\/media?parent=236"}],"wp:term":[{"taxonomy":"product_brand","embeddable":true,"href":"https:\/\/bellaryon.com\/index.php\/wp-json\/wp\/v2\/product_brand?post=236"},{"taxonomy":"product_cat","embeddable":true,"href":"https:\/\/bellaryon.com\/index.php\/wp-json\/wp\/v2\/product_cat?post=236"},{"taxonomy":"product_tag","embeddable":true,"href":"https:\/\/bellaryon.com\/index.php\/wp-json\/wp\/v2\/product_tag?post=236"}],"curies":[{"name":"wp","href":"https:\/\/api.w.org\/{rel}","templated":true}]}}