{"id":231,"date":"2023-06-04T10:52:16","date_gmt":"2023-06-04T08:52:16","guid":{"rendered":"https:\/\/bellaryon.com\/?post_type=product&#038;p=231"},"modified":"2025-06-23T16:23:26","modified_gmt":"2025-06-23T14:23:26","slug":"friandises-au-thym-et-au-miel","status":"publish","type":"product","link":"https:\/\/bellaryon.com\/index.php\/product\/friandises-au-thym-et-au-miel\/","title":{"rendered":"Friandises au thym et au miel"},"content":{"rendered":"<h2>Pourquoi ces ingr\u00e9dients<\/h2>\n<ul>\n<li><span style=\"color: #339966;\"><strong>Le thym<\/strong> <\/span>est riche en vitamine C.<\/li>\n<li>C&rsquo;est un excellent antiseptique et antifongique c\u2019est \u00e0 dire qu\u2019il \u00e9vite les surinfections des voies respiratoires.<\/li>\n<li>C\u2019est aussi un expectorant qui \u00e9vacue le mucus et d\u00e9gage les bronches, un spasmolytique qui apaise la toux.<\/li>\n<li>Le thym stimule le syst\u00e8me immunitaire et c\u2019est en plus un excellent anti coagulant.<\/li>\n<\/ul>\n<p>&nbsp;<\/p>\n<ul>\n<li><span style=\"color: #ffff00;\"><strong>Le miel<\/strong> <\/span>aide l\u2019organisme de votre cheval en renfor\u00e7ant son syst\u00e8me immunitaire et en \u00e9tant un anti bact\u00e9rien et un anti-inflammatoire 100% naturel.<\/li>\n<li>Il lutte contre les ulc\u00e8res, aide \u00e0 la r\u00e9cup\u00e9ration musculaire et poss\u00e8de \u00e9galement des vertus calmantes contre la toux et la gorge irrit\u00e9e.<\/li>\n<\/ul>\n<p>&nbsp;<\/p>\n<ul>\n<li><span style=\"color: #ffcc00;\"><strong>L\u2019orge<\/strong> <\/span>est une tr\u00e8s bonne source de prot\u00e9ines pour votre cheval mais aide \u00e9galement l\u2019appareil digestif gr\u00e2ce \u00e0 son action \u00e9molliente et sa grande digestibilit\u00e9.<\/li>\n<li>Il poss\u00e8de aussi de la vitamine B9 en grande quantit\u00e9 qui contribue au bon fonctionnement du syst\u00e8me immunitaire.<\/li>\n<li>Il a aussi une multitude de min\u00e9raux tel que du s\u00e9l\u00e9nium et du magn\u00e9sium, ce qui en fait une c\u00e9r\u00e9ale excellente pour la sant\u00e9 de votre cheval.<\/li>\n<\/ul>\n","protected":false},"excerpt":{"rendered":"<p>Les effets antiseptiques du thym et du miel combin\u00e9s pour combattre les petites faiblesses du quotidien.<\/p>\n<p>&nbsp;<\/p>\n<p>Offrez \u00e0 votre cheval des friandises naturelles et artisanales avec les bonbons pour chevaux Bellaryon, fabriqu\u00e9s en France \u00e0 partir d\u2019ingr\u00e9dients sains et sans additifs.<\/p>\n","protected":false},"featured_media":4443,"comment_status":"open","ping_status":"closed","template":"","meta":{"om_disable_all_campaigns":false,"_monsterinsights_skip_tracking":false,"_monsterinsights_sitenote_active":false,"_monsterinsights_sitenote_note":"","_monsterinsights_sitenote_category":0,"jetpack_post_was_ever_published":false},"product_brand":[],"product_cat":[75],"product_tag":[],"class_list":{"0":"post-231","1":"product","2":"type-product","3":"status-publish","4":"has-post-thumbnail","6":"product_cat-les-classiques","8":"first","9":"instock","10":"shipping-taxable","11":"purchasable","12":"product-type-variable"},"aioseo_notices":[],"jetpack_sharing_enabled":true,"_links":{"self":[{"href":"https:\/\/bellaryon.com\/index.php\/wp-json\/wp\/v2\/product\/231","targetHints":{"allow":["GET"]}}],"collection":[{"href":"https:\/\/bellaryon.com\/index.php\/wp-json\/wp\/v2\/product"}],"about":[{"href":"https:\/\/bellaryon.com\/index.php\/wp-json\/wp\/v2\/types\/product"}],"replies":[{"embeddable":true,"href":"https:\/\/bellaryon.com\/index.php\/wp-json\/wp\/v2\/comments?post=231"}],"wp:featuredmedia":[{"embeddable":true,"href":"https:\/\/bellaryon.com\/index.php\/wp-json\/wp\/v2\/media\/4443"}],"wp:attachment":[{"href":"https:\/\/bellaryon.com\/index.php\/wp-json\/wp\/v2\/media?parent=231"}],"wp:term":[{"taxonomy":"product_brand","embeddable":true,"href":"https:\/\/bellaryon.com\/index.php\/wp-json\/wp\/v2\/product_brand?post=231"},{"taxonomy":"product_cat","embeddable":true,"href":"https:\/\/bellaryon.com\/index.php\/wp-json\/wp\/v2\/product_cat?post=231"},{"taxonomy":"product_tag","embeddable":true,"href":"https:\/\/bellaryon.com\/index.php\/wp-json\/wp\/v2\/product_tag?post=231"}],"curies":[{"name":"wp","href":"https:\/\/api.w.org\/{rel}","templated":true}]}}