{"id":215,"date":"2023-06-04T10:43:28","date_gmt":"2023-06-04T08:43:28","guid":{"rendered":"https:\/\/bellaryon.com\/?post_type=product&#038;p=215"},"modified":"2025-06-25T23:42:24","modified_gmt":"2025-06-25T21:42:24","slug":"friandises-au-sel","status":"publish","type":"product","link":"https:\/\/bellaryon.com\/index.php\/product\/friandises-au-sel\/","title":{"rendered":"Friandises au sel"},"content":{"rendered":"<h2>Pourquoi ces ingr\u00e9dients<\/h2>\n<ul>\n<li><span style=\"color: #999999;\"><strong>Le sel m\u00e9diterran\u00e9en<\/strong><\/span> stimule l&rsquo;app\u00e9tit et le besoin de boire.<\/li>\n<\/ul>\n<p>&nbsp;<\/p>\n<ul>\n<li><span style=\"color: #99cc00;\"><strong>Le sel m\u00e9diterran\u00e9en combin\u00e9 aux herbes am\u00e8res<\/strong><\/span> \u00e9liminent les toxines et am\u00e9liorent le m\u00e9tabolisme.<\/li>\n<li>Les herbes am\u00e8res favorisent un milieu intestinal sain et hostile aux parasites de par leur haute teneur en amertume et en tanins et renforcent donc le milieu intestinal.<\/li>\n<\/ul>\n<p>&nbsp;<\/p>\n<ul>\n<li><span style=\"color: #ffff00;\"><strong>Le sel m\u00e9diterran\u00e9en combin\u00e9 au zinc<\/strong><\/span> participe activement \u00e0 l&rsquo;\u00e9limination des toxines et des substances nocives et soutient l&rsquo;\u00e9tat de sant\u00e9 g\u00e9n\u00e9ral.<\/li>\n<li>Ce sel et riche en sel, zinc et s\u00e9l\u00e9nium pour une pr\u00e9vention des troubles m\u00e9taboliques, des probl\u00e8mes de peau, de robe et de corne cassante.<\/li>\n<\/ul>\n<p>&nbsp;<\/p>\n<ul>\n<li><strong><span style=\"color: #33cccc;\">Le sel m\u00e9diterran\u00e9en combin\u00e9 \u00e0 l&rsquo;antifly<\/span><\/strong> a un effet r\u00e9pulsif contre les insectes, par la pr\u00e9sence d&rsquo;ail<\/li>\n<\/ul>\n<p>&nbsp;<\/p>\n<ul>\n<li><span style=\"color: #999999;\"><strong>Le sel m\u00e9diterran\u00e9en combin\u00e9 aux oligo \u00e9l\u00e9ment<\/strong><span style=\"color: #000000;\"> relancent le m\u00e9tabolisme, r\u00e9tablissent l&rsquo;\u00e9quilibre intestinal et remin\u00e9ralisent l&rsquo;organisme. Ils peuvent aussi neutraliser les toxines et renforcer le syst\u00e8me immunitaire<\/span><\/span><\/li>\n<\/ul>\n<p>&nbsp;<\/p>\n<ul>\n<li><span style=\"color: #ffcc00;\"><strong>L\u2019orge<\/strong><\/span> est une tr\u00e8s bonne source de prot\u00e9ines pour votre cheval mais aide \u00e9galement l\u2019appareil digestif gr\u00e2ce \u00e0 son action \u00e9molliente et sa grande digestibilit\u00e9.<\/li>\n<li>Il poss\u00e8de aussi de la vitamine B9 en grande quantit\u00e9 qui contribue au bon fonctionnement du syst\u00e8me immunitaire.<\/li>\n<li>il a aussi une multitude de min\u00e9raux tel que du s\u00e9l\u00e9nium et du magn\u00e9sium, ce qui en fait une c\u00e9r\u00e9ale excellente pour la sant\u00e9 de votre cheval.<\/li>\n<\/ul>\n","protected":false},"excerpt":{"rendered":"<p>Pour ceux qui n\u2019ont pas leur dose de sel, nous avons la solution !<\/p>\n<p>Offrez \u00e0 votre cheval des friandises naturelles et artisanales avec les bonbons pour chevaux Bellaryon, fabriqu\u00e9s en France \u00e0 partir d\u2019ingr\u00e9dients sains et sans additifs.<\/p>\n","protected":false},"featured_media":216,"comment_status":"open","ping_status":"closed","template":"","meta":{"om_disable_all_campaigns":false,"_monsterinsights_skip_tracking":false,"_monsterinsights_sitenote_active":false,"_monsterinsights_sitenote_note":"","_monsterinsights_sitenote_category":0,"jetpack_post_was_ever_published":false},"product_brand":[],"product_cat":[75],"product_tag":[],"class_list":{"0":"post-215","1":"product","2":"type-product","3":"status-publish","4":"has-post-thumbnail","6":"product_cat-les-classiques","8":"first","9":"instock","10":"shipping-taxable","11":"purchasable","12":"product-type-variable"},"aioseo_notices":[],"jetpack_sharing_enabled":true,"_links":{"self":[{"href":"https:\/\/bellaryon.com\/index.php\/wp-json\/wp\/v2\/product\/215","targetHints":{"allow":["GET"]}}],"collection":[{"href":"https:\/\/bellaryon.com\/index.php\/wp-json\/wp\/v2\/product"}],"about":[{"href":"https:\/\/bellaryon.com\/index.php\/wp-json\/wp\/v2\/types\/product"}],"replies":[{"embeddable":true,"href":"https:\/\/bellaryon.com\/index.php\/wp-json\/wp\/v2\/comments?post=215"}],"wp:featuredmedia":[{"embeddable":true,"href":"https:\/\/bellaryon.com\/index.php\/wp-json\/wp\/v2\/media\/216"}],"wp:attachment":[{"href":"https:\/\/bellaryon.com\/index.php\/wp-json\/wp\/v2\/media?parent=215"}],"wp:term":[{"taxonomy":"product_brand","embeddable":true,"href":"https:\/\/bellaryon.com\/index.php\/wp-json\/wp\/v2\/product_brand?post=215"},{"taxonomy":"product_cat","embeddable":true,"href":"https:\/\/bellaryon.com\/index.php\/wp-json\/wp\/v2\/product_cat?post=215"},{"taxonomy":"product_tag","embeddable":true,"href":"https:\/\/bellaryon.com\/index.php\/wp-json\/wp\/v2\/product_tag?post=215"}],"curies":[{"name":"wp","href":"https:\/\/api.w.org\/{rel}","templated":true}]}}