{"id":152,"date":"2023-06-03T23:03:51","date_gmt":"2023-06-03T21:03:51","guid":{"rendered":"https:\/\/bellaryon.com\/?post_type=product&#038;p=152"},"modified":"2025-06-23T16:45:10","modified_gmt":"2025-06-23T14:45:10","slug":"friandise-a-la-banane","status":"publish","type":"product","link":"https:\/\/bellaryon.com\/index.php\/product\/friandise-a-la-banane\/","title":{"rendered":"Friandise \u00e0 la banane"},"content":{"rendered":"<h2>Pourquoi ces ingr\u00e9dients<\/h2>\n<ul>\n<li><span style=\"color: #ffff00;\"><strong>La banane<\/strong><\/span> est riche en vitamine C qui renforce le syst\u00e8me immunitaire, r\u00e9pare les cellules et les tissus endommag\u00e9s et aide \u00e0 r\u00e9guler le transit intestinal.<\/li>\n<li>Elle est riche en vitamine D, en magn\u00e9sium, en potassium qui sont essentiels au fonctionnement cardiaque des muscles et des nerfs.<\/li>\n<li>La banane est \u00e9galement riche en antioxidant, vitamine B6 qui transforment les glucides et les graisses en \u00e9nergies.<\/li>\n<li>Elle est donc une source d\u2019\u00e9nergie inestimable.<\/li>\n<\/ul>\n<p>&nbsp;<\/p>\n<ul>\n<li><strong>Le lin<\/strong> soulage l\u2019appareil digestif en ayant une action protectrice sur les muqueuses lui permettant de pr\u00e9venir l\u2019apparition d\u2019ulc\u00e8re.<\/li>\n<li>Le lin est riche en vitamine B1, B2, B3, B5, B6, B9, vitamine C, E, K ainsi que du fer, du zinc et du calcium qui permettent de faire briller le poil et am\u00e9liore la sant\u00e9 de la peau.<\/li>\n<\/ul>\n<p>&nbsp;<\/p>\n<ul>\n<li><span style=\"color: #ffcc00;\"><strong>L\u2019orge<\/strong><\/span> est une tr\u00e8s bonne source de prot\u00e9ines pour votre cheval mais aide \u00e9galement l\u2019appareil digestif gr\u00e2ce \u00e0 son action \u00e9molliente et sa grande digestibilit\u00e9.<\/li>\n<li>Il poss\u00e8de aussi de la vitamine B9 en grande quantit\u00e9 qui contribue au bon fonctionnement du syst\u00e8me immunitaire. Il a aussi une multitude de min\u00e9raux tel que du s\u00e9l\u00e9nium et du magn\u00e9sium, ce qui en fait une c\u00e9r\u00e9ale excellente pour la sant\u00e9 de votre cheval.<\/li>\n<\/ul>\n","protected":false},"excerpt":{"rendered":"<p>Tout l\u2019exotisme de la banane en une friandise.<\/p>\n<p>&nbsp;<\/p>\n<p>Offrez \u00e0 votre cheval des friandises naturelles et artisanales avec les bonbons pour chevaux Bellaryon, fabriqu\u00e9s en France \u00e0 partir d\u2019ingr\u00e9dients sains et sans additifs.<\/p>\n","protected":false},"featured_media":2832,"comment_status":"open","ping_status":"closed","template":"","meta":{"om_disable_all_campaigns":false,"_monsterinsights_skip_tracking":false,"_monsterinsights_sitenote_active":false,"_monsterinsights_sitenote_note":"","_monsterinsights_sitenote_category":0,"jetpack_post_was_ever_published":false},"product_brand":[],"product_cat":[75],"product_tag":[43,32,34,31,114,46,44,33],"class_list":{"0":"post-152","1":"product","2":"type-product","3":"status-publish","4":"has-post-thumbnail","6":"product_cat-les-classiques","7":"product_tag-banane","8":"product_tag-bonbon","9":"product_tag-cheval","10":"product_tag-friandise","11":"product_tag-lin","12":"product_tag-nutriments","13":"product_tag-orge","14":"product_tag-plaisir","16":"first","17":"instock","18":"shipping-taxable","19":"purchasable","20":"product-type-variable"},"aioseo_notices":[],"jetpack_sharing_enabled":true,"_links":{"self":[{"href":"https:\/\/bellaryon.com\/index.php\/wp-json\/wp\/v2\/product\/152","targetHints":{"allow":["GET"]}}],"collection":[{"href":"https:\/\/bellaryon.com\/index.php\/wp-json\/wp\/v2\/product"}],"about":[{"href":"https:\/\/bellaryon.com\/index.php\/wp-json\/wp\/v2\/types\/product"}],"replies":[{"embeddable":true,"href":"https:\/\/bellaryon.com\/index.php\/wp-json\/wp\/v2\/comments?post=152"}],"wp:featuredmedia":[{"embeddable":true,"href":"https:\/\/bellaryon.com\/index.php\/wp-json\/wp\/v2\/media\/2832"}],"wp:attachment":[{"href":"https:\/\/bellaryon.com\/index.php\/wp-json\/wp\/v2\/media?parent=152"}],"wp:term":[{"taxonomy":"product_brand","embeddable":true,"href":"https:\/\/bellaryon.com\/index.php\/wp-json\/wp\/v2\/product_brand?post=152"},{"taxonomy":"product_cat","embeddable":true,"href":"https:\/\/bellaryon.com\/index.php\/wp-json\/wp\/v2\/product_cat?post=152"},{"taxonomy":"product_tag","embeddable":true,"href":"https:\/\/bellaryon.com\/index.php\/wp-json\/wp\/v2\/product_tag?post=152"}],"curies":[{"name":"wp","href":"https:\/\/api.w.org\/{rel}","templated":true}]}}