{"id":1496,"date":"2024-04-09T07:23:18","date_gmt":"2024-04-09T05:23:18","guid":{"rendered":"https:\/\/bellaryon.com\/?post_type=product&#038;p=1496"},"modified":"2025-06-22T22:52:11","modified_gmt":"2025-06-22T20:52:11","slug":"friandises-a-la-cannelle-2","status":"publish","type":"product","link":"https:\/\/bellaryon.com\/index.php\/product\/friandises-a-la-cannelle-2\/","title":{"rendered":"Friandises de saison"},"content":{"rendered":"<h2>Pourquoi ces ingr\u00e9dients<\/h2>\n<ul>\n<li><strong><span style=\"color: #ff0000;\">La fraise<\/span><\/strong> est riche en vitamines C, E, K, en potassium, calcium, phosphore et magn\u00e9sium.<\/li>\n<\/ul>\n<p>&nbsp;<\/p>\n<ul>\n<li><span style=\"color: #ff9900;\"><strong>L&rsquo;abricot<\/strong><\/span> est riche en potassium ce qui am\u00e9liore la sant\u00e9 cardiaque, gr\u00e2ce \u00e0 sa grande teneur en vitamines C il renforce la sant\u00e9 de la peau et la pr\u00e9sence de vitamines A et E sont essentielles au maintien d\u2019une bonne sant\u00e9 oculaire.<\/li>\n<li>Une excellente source de fibres qui am\u00e9liorent la sant\u00e9 intestinale en favorisant la r\u00e9gularit\u00e9 et en nourrissant les bonnes bact\u00e9ries intestinales<\/li>\n<\/ul>\n<p>&nbsp;<\/p>\n<ul>\n<li><span style=\"color: #800080;\"><strong>La m\u00fbre<\/strong><\/span>, qui est riche en magn\u00e9sium aide \u00e0 retrouver un bon transit et \u00e0 des propri\u00e9t\u00e9s diur\u00e9tiques.<\/li>\n<\/ul>\n<p>&nbsp;<\/p>\n<ul>\n<li><span style=\"color: #ffcc00;\"><strong>L\u2019orge<\/strong><\/span> est une tr\u00e8s bonne source de prot\u00e9ines pour votre cheval mais aide \u00e9galement l\u2019appareil digestif gr\u00e2ce \u00e0 son action \u00e9molliente et sa grande digestibilit\u00e9.<\/li>\n<li>Il poss\u00e8de aussi de la vitamine B9 en grande quantit\u00e9 qui contribue au bon fonctionnement du syst\u00e8me immunitaire. Il a aussi une multitude de min\u00e9raux tel que du s\u00e9l\u00e9nium et du magn\u00e9sium, ce qui en fait une c\u00e9r\u00e9ale excellente pour la sant\u00e9 de votre cheval.<\/li>\n<\/ul>\n","protected":false},"excerpt":{"rendered":"<p>Les friandises de saison, un ensemble de gourmandise.<\/p>\n<p>&nbsp;<\/p>\n<p>Offrez \u00e0 votre cheval des friandises naturelles et artisanales avec les bonbons pour chevaux Bellaryon, fabriqu\u00e9s en France \u00e0 partir d&rsquo;ingr\u00e9dients sains et sans additifs.<\/p>\n","protected":false},"featured_media":3934,"comment_status":"open","ping_status":"closed","template":"","meta":{"om_disable_all_campaigns":false,"_monsterinsights_skip_tracking":false,"_monsterinsights_sitenote_active":false,"_monsterinsights_sitenote_note":"","_monsterinsights_sitenote_category":0,"jetpack_post_was_ever_published":false},"product_brand":[],"product_cat":[75],"product_tag":[],"class_list":{"0":"post-1496","1":"product","2":"type-product","3":"status-publish","4":"has-post-thumbnail","6":"product_cat-les-classiques","8":"first","9":"instock","10":"shipping-taxable","11":"purchasable","12":"product-type-variable"},"aioseo_notices":[],"jetpack_sharing_enabled":true,"_links":{"self":[{"href":"https:\/\/bellaryon.com\/index.php\/wp-json\/wp\/v2\/product\/1496","targetHints":{"allow":["GET"]}}],"collection":[{"href":"https:\/\/bellaryon.com\/index.php\/wp-json\/wp\/v2\/product"}],"about":[{"href":"https:\/\/bellaryon.com\/index.php\/wp-json\/wp\/v2\/types\/product"}],"replies":[{"embeddable":true,"href":"https:\/\/bellaryon.com\/index.php\/wp-json\/wp\/v2\/comments?post=1496"}],"wp:featuredmedia":[{"embeddable":true,"href":"https:\/\/bellaryon.com\/index.php\/wp-json\/wp\/v2\/media\/3934"}],"wp:attachment":[{"href":"https:\/\/bellaryon.com\/index.php\/wp-json\/wp\/v2\/media?parent=1496"}],"wp:term":[{"taxonomy":"product_brand","embeddable":true,"href":"https:\/\/bellaryon.com\/index.php\/wp-json\/wp\/v2\/product_brand?post=1496"},{"taxonomy":"product_cat","embeddable":true,"href":"https:\/\/bellaryon.com\/index.php\/wp-json\/wp\/v2\/product_cat?post=1496"},{"taxonomy":"product_tag","embeddable":true,"href":"https:\/\/bellaryon.com\/index.php\/wp-json\/wp\/v2\/product_tag?post=1496"}],"curies":[{"name":"wp","href":"https:\/\/api.w.org\/{rel}","templated":true}]}}