{"id":1185,"date":"2024-01-25T22:16:18","date_gmt":"2024-01-25T21:16:18","guid":{"rendered":"https:\/\/bellaryon.com\/?post_type=product&#038;p=1185"},"modified":"2025-06-22T23:21:52","modified_gmt":"2025-06-22T21:21:52","slug":"friandises-au-gingembre","status":"publish","type":"product","link":"https:\/\/bellaryon.com\/index.php\/product\/friandises-au-gingembre\/","title":{"rendered":"Friandises au citron et au gingembre"},"content":{"rendered":"<h1 class=\"x11i5rnm xat24cr x1mh8g0r x1vvkbs xtlvy1s x126k92a\">Pourquoi ces ingr\u00e9dients<\/h1>\n<div class=\"x11i5rnm xat24cr x1mh8g0r x1vvkbs xtlvy1s x126k92a\">\n<div class=\"x11i5rnm xat24cr x1mh8g0r x1vvkbs xtlvy1s x126k92a\">\n<div class=\"x11i5rnm xat24cr x1mh8g0r x1vvkbs xtlvy1s x126k92a\">\n<div class=\"x11i5rnm xat24cr x1mh8g0r x1vvkbs xtlvy1s x126k92a\">\n<div class=\"x11i5rnm xat24cr x1mh8g0r x1vvkbs xtlvy1s x126k92a\">\n<ul>\n<li dir=\"auto\"><strong><span style=\"color: #ffcc99;\">Le gingembre<\/span><\/strong> agit en tant qu&rsquo;anti inflammatoire, ce qui aide \u00e0 r\u00e9duire l&rsquo;inflammation et la douleur dans les articulations des chevaux.<\/li>\n<li dir=\"auto\">Il peut \u00e9galement am\u00e9liorer la circulation sanguine et renforcer le syst\u00e8me immunitaire contribuant ainsi \u00e0 la gu\u00e9rison des tissus endommag\u00e9s dans les articulations.<\/li>\n<li dir=\"auto\">Les chevaux souffrant de troubles digestifs peuvent pr\u00e9senter des sympt\u00f4mes tels que des ballonnements, des coliques, une constipation ou une diarrh\u00e9e.<\/li>\n<li dir=\"auto\">Le gingembre agit en stimulant la production de sucs gastriques, ce qui aide \u00e0 faciliter la digestion des aliments.<\/li>\n<li dir=\"auto\">Il peut \u00e9galement r\u00e9duire l&rsquo;inflammation de l&rsquo;estomac et de l&rsquo;intestin.<\/li>\n<\/ul>\n<\/div>\n<\/div>\n<\/div>\n<\/div>\n<\/div>\n<p>&nbsp;<\/p>\n<ul>\n<li><span style=\"color: #ffff00;\"><strong>Le citron<\/strong><\/span> renforce le syst\u00e8me immunitaire, et poss\u00e8de des propri\u00e9t\u00e9s anti-virale et anti-bact\u00e9riennes.<\/li>\n<\/ul>\n<div class=\"x11i5rnm xat24cr x1mh8g0r x1vvkbs xtlvy1s x126k92a\">\n<div class=\"x11i5rnm xat24cr x1mh8g0r x1vvkbs xtlvy1s x126k92a\">\n<div class=\"x11i5rnm xat24cr x1mh8g0r x1vvkbs xtlvy1s x126k92a\">\n<div class=\"x11i5rnm xat24cr x1mh8g0r x1vvkbs xtlvy1s x126k92a\"><\/div>\n<\/div>\n<\/div>\n<\/div>\n<ul>\n<li><span style=\"color: #ffcc00;\"><strong>L\u2019orge<\/strong><\/span> est une tr\u00e8s bonne source de prot\u00e9ines pour votre cheval mais aide \u00e9galement l\u2019appareil digestif gr\u00e2ce \u00e0 son action \u00e9molliente et sa grande digestibilit\u00e9.<\/li>\n<li>Il poss\u00e8de aussi de la vitamine B9 en grande quantit\u00e9 qui contribue au bon fonctionnement du syst\u00e8me immunitaire, ainsi qu\u2019une multitude de min\u00e9raux tel que du s\u00e9l\u00e9nium et du magn\u00e9sium, ce qui en fait une c\u00e9r\u00e9ale excellente pour la sant\u00e9 de votre cheval.<\/li>\n<\/ul>\n","protected":false},"excerpt":{"rendered":"<p>Les friandises citron et gingembre renforcent le syst\u00e8me immunitaire.<\/p>\n<p>&nbsp;<\/p>\n<p>Offrez \u00e0 votre cheval des friandises naturelles et artisanales avec les bonbons pour chevaux Bellaryon, fabriqu\u00e9s en France \u00e0 partir d&rsquo;ingr\u00e9dients sains et sans additifs.<\/p>\n","protected":false},"featured_media":3259,"comment_status":"open","ping_status":"closed","template":"","meta":{"om_disable_all_campaigns":false,"_monsterinsights_skip_tracking":false,"_monsterinsights_sitenote_active":false,"_monsterinsights_sitenote_note":"","_monsterinsights_sitenote_category":0,"jetpack_post_was_ever_published":false},"product_brand":[],"product_cat":[75],"product_tag":[],"class_list":{"0":"post-1185","1":"product","2":"type-product","3":"status-publish","4":"has-post-thumbnail","6":"product_cat-les-classiques","8":"first","9":"instock","10":"shipping-taxable","11":"purchasable","12":"product-type-variable"},"aioseo_notices":[],"jetpack_sharing_enabled":true,"_links":{"self":[{"href":"https:\/\/bellaryon.com\/index.php\/wp-json\/wp\/v2\/product\/1185","targetHints":{"allow":["GET"]}}],"collection":[{"href":"https:\/\/bellaryon.com\/index.php\/wp-json\/wp\/v2\/product"}],"about":[{"href":"https:\/\/bellaryon.com\/index.php\/wp-json\/wp\/v2\/types\/product"}],"replies":[{"embeddable":true,"href":"https:\/\/bellaryon.com\/index.php\/wp-json\/wp\/v2\/comments?post=1185"}],"wp:featuredmedia":[{"embeddable":true,"href":"https:\/\/bellaryon.com\/index.php\/wp-json\/wp\/v2\/media\/3259"}],"wp:attachment":[{"href":"https:\/\/bellaryon.com\/index.php\/wp-json\/wp\/v2\/media?parent=1185"}],"wp:term":[{"taxonomy":"product_brand","embeddable":true,"href":"https:\/\/bellaryon.com\/index.php\/wp-json\/wp\/v2\/product_brand?post=1185"},{"taxonomy":"product_cat","embeddable":true,"href":"https:\/\/bellaryon.com\/index.php\/wp-json\/wp\/v2\/product_cat?post=1185"},{"taxonomy":"product_tag","embeddable":true,"href":"https:\/\/bellaryon.com\/index.php\/wp-json\/wp\/v2\/product_tag?post=1185"}],"curies":[{"name":"wp","href":"https:\/\/api.w.org\/{rel}","templated":true}]}}