{"id":1175,"date":"2024-01-25T22:01:37","date_gmt":"2024-01-25T21:01:37","guid":{"rendered":"https:\/\/bellaryon.com\/?post_type=product&#038;p=1175"},"modified":"2025-06-23T22:20:36","modified_gmt":"2025-06-23T20:20:36","slug":"friandises-a-la-menthe","status":"publish","type":"product","link":"https:\/\/bellaryon.com\/index.php\/product\/friandises-a-la-menthe\/","title":{"rendered":"Friandises \u00e0 la menthe"},"content":{"rendered":"<div class=\"x11i5rnm xat24cr x1mh8g0r x1vvkbs xtlvy1s x126k92a\">\n<h1>Pourquoi ces ingr\u00e9dients<\/h1>\n<ul>\n<li dir=\"auto\"><strong><span style=\"color: #008000;\">La menthe<\/span><\/strong> poss\u00e8de des vertus apaisantes en cas de sensibilit\u00e9 de l&rsquo;estomac ou de spasme digestif.<\/li>\n<li dir=\"auto\">Elle stimule \u00e9galement la s\u00e9cr\u00e9tion de la bile.<\/li>\n<li dir=\"auto\">Tr\u00e8s appr\u00e9ci\u00e9e des chevaux, elle stimule l&rsquo;app\u00e9tit et facilite la prise de ration.<\/li>\n<\/ul>\n<\/div>\n<div class=\"x11i5rnm xat24cr x1mh8g0r x1vvkbs xtlvy1s x126k92a\"><\/div>\n<ul>\n<li><span style=\"color: #ffcc00;\"><strong>L\u2019orge<\/strong><\/span> est une tr\u00e8s bonne source de prot\u00e9ines pour votre cheval mais aide \u00e9galement l\u2019appareil digestif gr\u00e2ce \u00e0 son action \u00e9molliente et sa grande digestibilit\u00e9.<\/li>\n<li>Il poss\u00e8de aussi de la vitamine B9 en grande quantit\u00e9 qui contribue au bon fonctionnement du syst\u00e8me immunitaire.<\/li>\n<li>Il a aussi une multitude de min\u00e9raux tel que du s\u00e9l\u00e9nium et du magn\u00e9sium, ce qui en fait une c\u00e9r\u00e9ale excellente pour la sant\u00e9 de votre cheval.<\/li>\n<\/ul>\n","protected":false},"excerpt":{"rendered":"<p>Pour stimuler l\u2019app\u00e9tit de votre cheval : les friandises \u00e0 la menthe.<\/p>\n<p>&nbsp;<\/p>\n<p>Offrez \u00e0 votre cheval des friandises naturelles et artisanales avec les bonbons pour chevaux Bellaryon, fabriqu\u00e9s en France \u00e0 partir d\u2019ingr\u00e9dients sains et sans additifs.<\/p>\n","protected":false},"featured_media":4458,"comment_status":"open","ping_status":"closed","template":"","meta":{"om_disable_all_campaigns":false,"_monsterinsights_skip_tracking":false,"_monsterinsights_sitenote_active":false,"_monsterinsights_sitenote_note":"","_monsterinsights_sitenote_category":0,"jetpack_post_was_ever_published":false},"product_brand":[],"product_cat":[75],"product_tag":[],"class_list":{"0":"post-1175","1":"product","2":"type-product","3":"status-publish","4":"has-post-thumbnail","6":"product_cat-les-classiques","8":"first","9":"instock","10":"shipping-taxable","11":"purchasable","12":"product-type-variable"},"aioseo_notices":[],"jetpack_sharing_enabled":true,"_links":{"self":[{"href":"https:\/\/bellaryon.com\/index.php\/wp-json\/wp\/v2\/product\/1175","targetHints":{"allow":["GET"]}}],"collection":[{"href":"https:\/\/bellaryon.com\/index.php\/wp-json\/wp\/v2\/product"}],"about":[{"href":"https:\/\/bellaryon.com\/index.php\/wp-json\/wp\/v2\/types\/product"}],"replies":[{"embeddable":true,"href":"https:\/\/bellaryon.com\/index.php\/wp-json\/wp\/v2\/comments?post=1175"}],"wp:featuredmedia":[{"embeddable":true,"href":"https:\/\/bellaryon.com\/index.php\/wp-json\/wp\/v2\/media\/4458"}],"wp:attachment":[{"href":"https:\/\/bellaryon.com\/index.php\/wp-json\/wp\/v2\/media?parent=1175"}],"wp:term":[{"taxonomy":"product_brand","embeddable":true,"href":"https:\/\/bellaryon.com\/index.php\/wp-json\/wp\/v2\/product_brand?post=1175"},{"taxonomy":"product_cat","embeddable":true,"href":"https:\/\/bellaryon.com\/index.php\/wp-json\/wp\/v2\/product_cat?post=1175"},{"taxonomy":"product_tag","embeddable":true,"href":"https:\/\/bellaryon.com\/index.php\/wp-json\/wp\/v2\/product_tag?post=1175"}],"curies":[{"name":"wp","href":"https:\/\/api.w.org\/{rel}","templated":true}]}}