{"id":1145,"date":"2024-01-16T20:25:39","date_gmt":"2024-01-16T19:25:39","guid":{"rendered":"https:\/\/bellaryon.com\/index.php\/product\/saint-valentin\/"},"modified":"2026-01-20T07:46:23","modified_gmt":"2026-01-20T06:46:23","slug":"saint-valentin","status":"publish","type":"product","link":"https:\/\/bellaryon.com\/index.php\/product\/saint-valentin\/","title":{"rendered":"Saint Valentin"},"content":{"rendered":"<p>\u2764\ufe0fLa St Valentin arrive \u00e0 grand pas<\/p>\n<p>\u2764\ufe0fPour l&rsquo;occasion retrouvez notre belle compo \u00e0 petit prix<\/p>\n<p>\u2764\ufe0fUne boite remplie d&rsquo;amour<\/p>\n<p>\u2764\ufe0fUn pochon de \u2764\ufe0f<\/p>\n<p>\u2764\ufe0f Un c\u0153ur \u00e0 suspendre ou vous le souhaitez&#8230; Licol, selle, retro de voiture, porte-cl\u00e9s&#8230; Brod\u00e9 \u00e0 l&rsquo; initiale de votre \ud83d\udc0e et cr\u00e9e aux couleurs de votre choix<\/p>\n<p>Pour la couleur et l&rsquo;initiale, veuillez noter votre choix au moment du checkout dans les notes facultatives.<\/p>\n","protected":false},"excerpt":{"rendered":"<p>\u2764\ufe0fLa St Valentin arrive \u00e0 grand pas \u2764\ufe0fPour l&rsquo;occasion retrouvez notre belle compo \u00e0 petit prix \u2764\ufe0fUne boite remplie d&rsquo;amour \u2764\ufe0fUn pochon de \u2764\ufe0f \u2764\ufe0f Un c\u0153ur \u00e0 suspendre ou vous le souhaitez&#8230; Licol, selle, retro de voiture, porte-cl\u00e9s&#8230; Brod\u00e9 \u00e0 l&rsquo; initiale de votre \ud83d\udc0e et cr\u00e9e aux couleurs de votre choix Pour la [&hellip;]<\/p>\n","protected":false},"featured_media":0,"comment_status":"open","ping_status":"closed","template":"","meta":{"om_disable_all_campaigns":false,"_monsterinsights_skip_tracking":false,"_monsterinsights_sitenote_active":false,"_monsterinsights_sitenote_note":"","_monsterinsights_sitenote_category":0,"jetpack_post_was_ever_published":false},"product_brand":[],"product_cat":[52],"product_tag":[],"class_list":{"0":"post-1145","1":"product","2":"type-product","3":"status-publish","5":"product_cat-friandises-evenementielles","7":"first","8":"instock","9":"purchasable","10":"product-type-simple"},"aioseo_notices":[],"jetpack_sharing_enabled":true,"_links":{"self":[{"href":"https:\/\/bellaryon.com\/index.php\/wp-json\/wp\/v2\/product\/1145","targetHints":{"allow":["GET"]}}],"collection":[{"href":"https:\/\/bellaryon.com\/index.php\/wp-json\/wp\/v2\/product"}],"about":[{"href":"https:\/\/bellaryon.com\/index.php\/wp-json\/wp\/v2\/types\/product"}],"replies":[{"embeddable":true,"href":"https:\/\/bellaryon.com\/index.php\/wp-json\/wp\/v2\/comments?post=1145"}],"wp:attachment":[{"href":"https:\/\/bellaryon.com\/index.php\/wp-json\/wp\/v2\/media?parent=1145"}],"wp:term":[{"taxonomy":"product_brand","embeddable":true,"href":"https:\/\/bellaryon.com\/index.php\/wp-json\/wp\/v2\/product_brand?post=1145"},{"taxonomy":"product_cat","embeddable":true,"href":"https:\/\/bellaryon.com\/index.php\/wp-json\/wp\/v2\/product_cat?post=1145"},{"taxonomy":"product_tag","embeddable":true,"href":"https:\/\/bellaryon.com\/index.php\/wp-json\/wp\/v2\/product_tag?post=1145"}],"curies":[{"name":"wp","href":"https:\/\/api.w.org\/{rel}","templated":true}]}}