{"id":876,"date":"2023-10-23T22:40:39","date_gmt":"2023-10-23T20:40:39","guid":{"rendered":"https:\/\/bellaryon.com\/?page_id=876"},"modified":"2025-06-19T15:36:53","modified_gmt":"2025-06-19T13:36:53","slug":"les-speciaux","status":"publish","type":"page","link":"https:\/\/bellaryon.com\/index.php\/les-speciaux\/","title":{"rendered":"Les Sp\u00e9ciaux"},"content":{"rendered":"\n<div class=\"wp-block-stackable-heading stk-block-heading stk-block-heading--v2 stk-block stk-ffb4775\" id=\"strong-pour-strong-toutes-strong-les-occasions-et-demandes-un-peu-strong-speciales\" data-block-id=\"ffb4775\"><style>.stk-ffb4775 {margin-bottom:10px !important;}<\/style><h2 class=\"stk-block-heading__text has-text-align-center\"><strong>Pour <\/strong>toutes<strong> les occasions et demandes un peu <\/strong>sp\u00e9ciales<\/h2><\/div>\n\n\n\n<div class=\"wp-block-stackable-heading stk-block-heading stk-block-heading--v2 stk-block stk-87b1666\" id=\"ces-choses-que-vous-ne-trouvez-pas-ailleurs-cest-ici\" data-block-id=\"87b1666\"><style>.stk-87b1666 {margin-bottom:10px !important;}<\/style><h5 class=\"stk-block-heading__text has-text-align-center\">Ces choses que vous ne trouvez pas ailleurs, c&rsquo;est ici!<\/h5><\/div>\n\n\n\n<div class=\"wp-block-stackable-text stk-block-text stk-block stk-39ff436\" id=\"strong-ces-choses-que-vous-ne-trouvez-pas-ailleurs-cest-strong-ici-strong-br-que-ce-soit-pour-marquer-le-coup-pour-son-anniversaire-ou-bien-redecouvrir-nos-produits-tout-y-est-br-et-parce-que-chez-strong-bellaryon-strong-nous-pensons-a-strong-tous-strong-nos-compagnons-nous-proposons-ici-une-gamme-de-friandises-sans-cereales-pour-ceux-qui-ne-les-tolerent-pas-strong\" data-block-id=\"39ff436\"><style>.stk-39ff436 {margin-bottom:20px !important;}<\/style><p class=\"stk-block-text__text has-text-align-center\">Que ce soit pour marquer le coup pour son anniversaire ou bien red\u00e9couvrir nos produits tout y est!<br> Et parce que chez Bellaryon, nous pensons \u00e0 tous nos compagnons, nous proposons ici<br> une gamme de friandises sans c\u00e9r\u00e9ales pour ceux qui ne les tol\u00e8rent pas<strong> <\/strong><\/p><\/div>\n\n\n\n<div class=\"wp-block-stackable-divider stk-block-divider has-text-align-center stk-block stk-c5c4659\" data-block-id=\"c5c4659\"><style>.stk-c5c4659 hr.stk-block-divider__hr{background:var(--theme-palette-color-1, #a8977b) !important;height:2px !important;width:19% !important;}.stk-c5c4659 {margin-bottom:35px !important;}<\/style><hr class=\"stk-block-divider__hr\"\/><\/div>\n\n\n<div data-block-name=\"woocommerce\/product-category\" data-categories=\"[52,49]\" class=\"wc-block-grid wp-block-product-category wp-block-woocommerce-product-category wc-block-product-category has-3-columns has-multiple-rows\"><ul class=\"wc-block-grid__products\"><li class=\"wc-block-grid__product\">\n\t\t\t\t<a href=\"https:\/\/bellaryon.com\/index.php\/product\/la-biscuiterie\/\" class=\"wc-block-grid__product-link\">\n\t\t\t\t\t\n\t\t\t\t\t<div class=\"wc-block-grid__product-image\"><img loading=\"lazy\" decoding=\"async\" width=\"300\" height=\"300\" src=\"https:\/\/i0.wp.com\/bellaryon.com\/wp-content\/uploads\/2025\/07\/IMG_20250810_185025-scaled.jpg?resize=300%2C300&amp;ssl=1\" class=\"attachment-woocommerce_thumbnail size-woocommerce_thumbnail\" alt=\"La biscuiterie\" srcset=\"https:\/\/i0.wp.com\/bellaryon.com\/wp-content\/uploads\/2025\/07\/IMG_20250810_185025-scaled.jpg?resize=150%2C150&amp;ssl=1 150w, https:\/\/i0.wp.com\/bellaryon.com\/wp-content\/uploads\/2025\/07\/IMG_20250810_185025-scaled.jpg?resize=300%2C300&amp;ssl=1 300w, https:\/\/i0.wp.com\/bellaryon.com\/wp-content\/uploads\/2025\/07\/IMG_20250810_185025-scaled.jpg?resize=100%2C100&amp;ssl=1 100w, https:\/\/i0.wp.com\/bellaryon.com\/wp-content\/uploads\/2025\/07\/IMG_20250810_185025-scaled.jpg?zoom=2&amp;resize=300%2C300&amp;ssl=1 600w, https:\/\/i0.wp.com\/bellaryon.com\/wp-content\/uploads\/2025\/07\/IMG_20250810_185025-scaled.jpg?zoom=3&amp;resize=300%2C300&amp;ssl=1 900w\" sizes=\"auto, (max-width: 300px) 100vw, 300px\" \/><\/div>\n\t\t\t\t\t<div class=\"wc-block-grid__product-title\">La biscuiterie<\/div>\n\t\t\t\t<\/a>\n\t\t\t\t<div class=\"wc-block-grid__product-price price\"><span class=\"woocommerce-Price-amount amount\" aria-hidden=\"true\">4,50&nbsp;<span class=\"woocommerce-Price-currencySymbol\">&euro;<\/span><\/span> <span aria-hidden=\"true\">\u00a0\u2013\u00a0<\/span> <span class=\"woocommerce-Price-amount amount\" aria-hidden=\"true\">7,90&nbsp;<span class=\"woocommerce-Price-currencySymbol\">&euro;<\/span><\/span><span class=\"screen-reader-text\">Plage de prix\u00a0: 4,50&nbsp;&euro; \u00e0 7,90&nbsp;&euro;<\/span><\/div>\n\t\t\t\t\n\t\t\t\t<div class=\"wp-block-button wc-block-grid__product-add-to-cart\"><a href=\"https:\/\/bellaryon.com\/index.php\/product\/la-biscuiterie\/\" aria-label=\"S\u00e9lectionner les options pour &ldquo;La biscuiterie&rdquo;\" data-quantity=\"1\" data-product_id=\"4692\" data-product_sku=\"\" data-price=\"4.5\" rel=\"nofollow\" class=\"wp-block-button__link  add_to_cart_button\">Choix des options<\/a><\/div>\n\t\t\t<\/li><li class=\"wc-block-grid__product\">\n\t\t\t\t<a href=\"https:\/\/bellaryon.com\/index.php\/product\/les-gourmandises\/\" class=\"wc-block-grid__product-link\">\n\t\t\t\t\t\n\t\t\t\t\t<div class=\"wc-block-grid__product-image\"><img loading=\"lazy\" decoding=\"async\" width=\"300\" height=\"300\" src=\"https:\/\/i0.wp.com\/bellaryon.com\/wp-content\/uploads\/2025\/08\/IMG_20250810_185447-scaled.jpg?resize=300%2C300&amp;ssl=1\" class=\"attachment-woocommerce_thumbnail size-woocommerce_thumbnail\" alt=\"Les gourmandises\" srcset=\"https:\/\/i0.wp.com\/bellaryon.com\/wp-content\/uploads\/2025\/08\/IMG_20250810_185447-scaled.jpg?resize=150%2C150&amp;ssl=1 150w, https:\/\/i0.wp.com\/bellaryon.com\/wp-content\/uploads\/2025\/08\/IMG_20250810_185447-scaled.jpg?resize=300%2C300&amp;ssl=1 300w, https:\/\/i0.wp.com\/bellaryon.com\/wp-content\/uploads\/2025\/08\/IMG_20250810_185447-scaled.jpg?resize=100%2C100&amp;ssl=1 100w, https:\/\/i0.wp.com\/bellaryon.com\/wp-content\/uploads\/2025\/08\/IMG_20250810_185447-scaled.jpg?zoom=2&amp;resize=300%2C300&amp;ssl=1 600w, https:\/\/i0.wp.com\/bellaryon.com\/wp-content\/uploads\/2025\/08\/IMG_20250810_185447-scaled.jpg?zoom=3&amp;resize=300%2C300&amp;ssl=1 900w\" sizes=\"auto, (max-width: 300px) 100vw, 300px\" \/><\/div>\n\t\t\t\t\t<div class=\"wc-block-grid__product-title\">Les gourmandises<\/div>\n\t\t\t\t<\/a>\n\t\t\t\t<div class=\"wc-block-grid__product-price price\"><span class=\"woocommerce-Price-amount amount\" aria-hidden=\"true\">3,00&nbsp;<span class=\"woocommerce-Price-currencySymbol\">&euro;<\/span><\/span> <span aria-hidden=\"true\">\u00a0\u2013\u00a0<\/span> <span class=\"woocommerce-Price-amount amount\" aria-hidden=\"true\">5,00&nbsp;<span class=\"woocommerce-Price-currencySymbol\">&euro;<\/span><\/span><span class=\"screen-reader-text\">Plage de prix\u00a0: 3,00&nbsp;&euro; \u00e0 5,00&nbsp;&euro;<\/span><\/div>\n\t\t\t\t\n\t\t\t\t<div class=\"wp-block-button wc-block-grid__product-add-to-cart\"><a href=\"https:\/\/bellaryon.com\/index.php\/product\/les-gourmandises\/\" aria-label=\"S\u00e9lectionner les options pour &ldquo;Les gourmandises&rdquo;\" data-quantity=\"1\" data-product_id=\"4704\" data-product_sku=\"\" data-price=\"3\" rel=\"nofollow\" class=\"wp-block-button__link  add_to_cart_button\">Choix des options<\/a><\/div>\n\t\t\t<\/li><li class=\"wc-block-grid__product\">\n\t\t\t\t<a href=\"https:\/\/bellaryon.com\/index.php\/product\/les-cache-cachets\/\" class=\"wc-block-grid__product-link\">\n\t\t\t\t\t\n\t\t\t\t\t<div class=\"wc-block-grid__product-image\"><img loading=\"lazy\" decoding=\"async\" width=\"300\" height=\"300\" src=\"https:\/\/i0.wp.com\/bellaryon.com\/wp-content\/uploads\/2025\/08\/1000045155-scaled.jpg?resize=300%2C300&amp;ssl=1\" class=\"attachment-woocommerce_thumbnail size-woocommerce_thumbnail\" alt=\"Les cache-cachets\" srcset=\"https:\/\/i0.wp.com\/bellaryon.com\/wp-content\/uploads\/2025\/08\/1000045155-scaled.jpg?resize=150%2C150&amp;ssl=1 150w, https:\/\/i0.wp.com\/bellaryon.com\/wp-content\/uploads\/2025\/08\/1000045155-scaled.jpg?resize=300%2C300&amp;ssl=1 300w, https:\/\/i0.wp.com\/bellaryon.com\/wp-content\/uploads\/2025\/08\/1000045155-scaled.jpg?resize=100%2C100&amp;ssl=1 100w, https:\/\/i0.wp.com\/bellaryon.com\/wp-content\/uploads\/2025\/08\/1000045155-scaled.jpg?zoom=2&amp;resize=300%2C300&amp;ssl=1 600w, https:\/\/i0.wp.com\/bellaryon.com\/wp-content\/uploads\/2025\/08\/1000045155-scaled.jpg?zoom=3&amp;resize=300%2C300&amp;ssl=1 900w\" sizes=\"auto, (max-width: 300px) 100vw, 300px\" \/><\/div>\n\t\t\t\t\t<div class=\"wc-block-grid__product-title\">Les cache-cachets<\/div>\n\t\t\t\t<\/a>\n\t\t\t\t<div class=\"wc-block-grid__product-price price\"><span class=\"woocommerce-Price-amount amount\">2,00&nbsp;<span class=\"woocommerce-Price-currencySymbol\">&euro;<\/span><\/span><\/div>\n\t\t\t\t\n\t\t\t\t<div class=\"wp-block-button wc-block-grid__product-add-to-cart\"><a href=\"\/index.php\/wp-json\/wp\/v2\/pages\/876?add-to-cart=4741\" aria-label=\"Ajouter au panier\u00a0: &ldquo;Les cache-cachets&rdquo;\" data-quantity=\"1\" data-product_id=\"4741\" data-product_sku=\"\" data-price=\"2\" rel=\"nofollow\" class=\"wp-block-button__link  add_to_cart_button ajax_add_to_cart\">Ajouter au panier<\/a><\/div>\n\t\t\t<\/li><li class=\"wc-block-grid__product\">\n\t\t\t\t<a href=\"https:\/\/bellaryon.com\/index.php\/product\/friandise-sans-cereales\/\" class=\"wc-block-grid__product-link\">\n\t\t\t\t\t\n\t\t\t\t\t<div class=\"wc-block-grid__product-image\"><img loading=\"lazy\" decoding=\"async\" width=\"300\" height=\"300\" src=\"https:\/\/i0.wp.com\/bellaryon.com\/wp-content\/uploads\/2025\/06\/1000003941-scaled.jpg?resize=300%2C300&amp;ssl=1\" class=\"attachment-woocommerce_thumbnail size-woocommerce_thumbnail\" alt=\"Friandise sans c\u00e9r\u00e9ales\" srcset=\"https:\/\/i0.wp.com\/bellaryon.com\/wp-content\/uploads\/2025\/06\/1000003941-scaled.jpg?resize=150%2C150&amp;ssl=1 150w, https:\/\/i0.wp.com\/bellaryon.com\/wp-content\/uploads\/2025\/06\/1000003941-scaled.jpg?resize=300%2C300&amp;ssl=1 300w, https:\/\/i0.wp.com\/bellaryon.com\/wp-content\/uploads\/2025\/06\/1000003941-scaled.jpg?resize=100%2C100&amp;ssl=1 100w, https:\/\/i0.wp.com\/bellaryon.com\/wp-content\/uploads\/2025\/06\/1000003941-scaled.jpg?zoom=2&amp;resize=300%2C300&amp;ssl=1 600w, https:\/\/i0.wp.com\/bellaryon.com\/wp-content\/uploads\/2025\/06\/1000003941-scaled.jpg?zoom=3&amp;resize=300%2C300&amp;ssl=1 900w\" sizes=\"auto, (max-width: 300px) 100vw, 300px\" \/><\/div>\n\t\t\t\t\t<div class=\"wc-block-grid__product-title\">Friandise sans c\u00e9r\u00e9ales<\/div>\n\t\t\t\t<\/a>\n\t\t\t\t<div class=\"wc-block-grid__product-price price\"><span class=\"woocommerce-Price-amount amount\" aria-hidden=\"true\">8,90&nbsp;<span class=\"woocommerce-Price-currencySymbol\">&euro;<\/span><\/span> <span aria-hidden=\"true\">\u00a0\u2013\u00a0<\/span> <span class=\"woocommerce-Price-amount amount\" aria-hidden=\"true\">14,90&nbsp;<span class=\"woocommerce-Price-currencySymbol\">&euro;<\/span><\/span><span class=\"screen-reader-text\">Plage de prix\u00a0: 8,90&nbsp;&euro; \u00e0 14,90&nbsp;&euro;<\/span><\/div>\n\t\t\t\t\n\t\t\t\t<div class=\"wp-block-button wc-block-grid__product-add-to-cart\"><a href=\"https:\/\/bellaryon.com\/index.php\/product\/friandise-sans-cereales\/\" aria-label=\"S\u00e9lectionner les options pour &ldquo;Friandise sans c\u00e9r\u00e9ales&rdquo;\" data-quantity=\"1\" data-product_id=\"4512\" data-product_sku=\"\" data-price=\"8.9\" rel=\"nofollow\" class=\"wp-block-button__link  add_to_cart_button\">Choix des options<\/a><\/div>\n\t\t\t<\/li><li class=\"wc-block-grid__product\">\n\t\t\t\t<a href=\"https:\/\/bellaryon.com\/index.php\/product\/les-licornes\/\" class=\"wc-block-grid__product-link\">\n\t\t\t\t\t\n\t\t\t\t\t<div class=\"wc-block-grid__product-image\"><img loading=\"lazy\" decoding=\"async\" width=\"300\" height=\"300\" src=\"https:\/\/i0.wp.com\/bellaryon.com\/wp-content\/uploads\/2025\/06\/1000042305-scaled.jpg?resize=300%2C300&amp;ssl=1\" class=\"attachment-woocommerce_thumbnail size-woocommerce_thumbnail\" alt=\"Les licornes\" srcset=\"https:\/\/i0.wp.com\/bellaryon.com\/wp-content\/uploads\/2025\/06\/1000042305-scaled.jpg?resize=150%2C150&amp;ssl=1 150w, https:\/\/i0.wp.com\/bellaryon.com\/wp-content\/uploads\/2025\/06\/1000042305-scaled.jpg?resize=300%2C300&amp;ssl=1 300w, https:\/\/i0.wp.com\/bellaryon.com\/wp-content\/uploads\/2025\/06\/1000042305-scaled.jpg?resize=100%2C100&amp;ssl=1 100w, https:\/\/i0.wp.com\/bellaryon.com\/wp-content\/uploads\/2025\/06\/1000042305-scaled.jpg?zoom=2&amp;resize=300%2C300&amp;ssl=1 600w, https:\/\/i0.wp.com\/bellaryon.com\/wp-content\/uploads\/2025\/06\/1000042305-scaled.jpg?zoom=3&amp;resize=300%2C300&amp;ssl=1 900w\" sizes=\"auto, (max-width: 300px) 100vw, 300px\" \/><\/div>\n\t\t\t\t\t<div class=\"wc-block-grid__product-title\">Les licornes<\/div>\n\t\t\t\t<\/a>\n\t\t\t\t<div class=\"wc-block-grid__product-price price\"><span class=\"woocommerce-Price-amount amount\" aria-hidden=\"true\">7,90&nbsp;<span class=\"woocommerce-Price-currencySymbol\">&euro;<\/span><\/span> <span aria-hidden=\"true\">\u00a0\u2013\u00a0<\/span> <span class=\"woocommerce-Price-amount amount\" aria-hidden=\"true\">13,90&nbsp;<span class=\"woocommerce-Price-currencySymbol\">&euro;<\/span><\/span><span class=\"screen-reader-text\">Plage de prix\u00a0: 7,90&nbsp;&euro; \u00e0 13,90&nbsp;&euro;<\/span><\/div>\n\t\t\t\t\n\t\t\t\t<div class=\"wp-block-button wc-block-grid__product-add-to-cart\"><a href=\"https:\/\/bellaryon.com\/index.php\/product\/les-licornes\/\" aria-label=\"S\u00e9lectionner les options pour &ldquo;Les licornes&rdquo;\" data-quantity=\"1\" data-product_id=\"4334\" data-product_sku=\"\" data-price=\"7.9\" rel=\"nofollow\" class=\"wp-block-button__link  add_to_cart_button\">Choix des options<\/a><\/div>\n\t\t\t<\/li><li class=\"wc-block-grid__product\">\n\t\t\t\t<a href=\"https:\/\/bellaryon.com\/index.php\/product\/sachet-de-minis-friandises\/\" class=\"wc-block-grid__product-link\">\n\t\t\t\t\t\n\t\t\t\t\t<div class=\"wc-block-grid__product-image\"><img loading=\"lazy\" decoding=\"async\" width=\"300\" height=\"300\" src=\"https:\/\/i0.wp.com\/bellaryon.com\/wp-content\/uploads\/2025\/02\/IMG_20250622_150505-scaled.jpg?resize=300%2C300&amp;ssl=1\" class=\"attachment-woocommerce_thumbnail size-woocommerce_thumbnail\" alt=\"minis friandises\" srcset=\"https:\/\/i0.wp.com\/bellaryon.com\/wp-content\/uploads\/2025\/02\/IMG_20250622_150505-scaled.jpg?resize=150%2C150&amp;ssl=1 150w, https:\/\/i0.wp.com\/bellaryon.com\/wp-content\/uploads\/2025\/02\/IMG_20250622_150505-scaled.jpg?resize=300%2C300&amp;ssl=1 300w, https:\/\/i0.wp.com\/bellaryon.com\/wp-content\/uploads\/2025\/02\/IMG_20250622_150505-scaled.jpg?resize=100%2C100&amp;ssl=1 100w, https:\/\/i0.wp.com\/bellaryon.com\/wp-content\/uploads\/2025\/02\/IMG_20250622_150505-scaled.jpg?zoom=2&amp;resize=300%2C300&amp;ssl=1 600w, https:\/\/i0.wp.com\/bellaryon.com\/wp-content\/uploads\/2025\/02\/IMG_20250622_150505-scaled.jpg?zoom=3&amp;resize=300%2C300&amp;ssl=1 900w\" sizes=\"auto, (max-width: 300px) 100vw, 300px\" \/><\/div>\n\t\t\t\t\t<div class=\"wc-block-grid__product-title\">minis friandises<\/div>\n\t\t\t\t<\/a>\n\t\t\t\t<div class=\"wc-block-grid__product-price price\"><span class=\"woocommerce-Price-amount amount\">2,00&nbsp;<span class=\"woocommerce-Price-currencySymbol\">&euro;<\/span><\/span><\/div>\n\t\t\t\t\n\t\t\t\t<div class=\"wp-block-button wc-block-grid__product-add-to-cart\"><a href=\"\/index.php\/wp-json\/wp\/v2\/pages\/876?add-to-cart=3618\" aria-label=\"Ajouter au panier\u00a0: &ldquo;minis friandises&rdquo;\" data-quantity=\"1\" data-product_id=\"3618\" data-product_sku=\"\" data-price=\"2\" rel=\"nofollow\" class=\"wp-block-button__link  add_to_cart_button ajax_add_to_cart\">Ajouter au panier<\/a><\/div>\n\t\t\t<\/li><li class=\"wc-block-grid__product\">\n\t\t\t\t<a href=\"https:\/\/bellaryon.com\/index.php\/product\/maxi-friandises\/\" class=\"wc-block-grid__product-link\">\n\t\t\t\t\t\n\t\t\t\t\t<div class=\"wc-block-grid__product-image\"><img loading=\"lazy\" decoding=\"async\" width=\"300\" height=\"300\" src=\"https:\/\/i0.wp.com\/bellaryon.com\/wp-content\/uploads\/2025\/02\/IMG_20250202_2135101-scaled.jpg?resize=300%2C300&amp;ssl=1\" class=\"attachment-woocommerce_thumbnail size-woocommerce_thumbnail\" alt=\"Maxi friandises\" srcset=\"https:\/\/i0.wp.com\/bellaryon.com\/wp-content\/uploads\/2025\/02\/IMG_20250202_2135101-scaled.jpg?resize=150%2C150&amp;ssl=1 150w, https:\/\/i0.wp.com\/bellaryon.com\/wp-content\/uploads\/2025\/02\/IMG_20250202_2135101-scaled.jpg?resize=300%2C300&amp;ssl=1 300w, https:\/\/i0.wp.com\/bellaryon.com\/wp-content\/uploads\/2025\/02\/IMG_20250202_2135101-scaled.jpg?resize=100%2C100&amp;ssl=1 100w, https:\/\/i0.wp.com\/bellaryon.com\/wp-content\/uploads\/2025\/02\/IMG_20250202_2135101-scaled.jpg?zoom=2&amp;resize=300%2C300&amp;ssl=1 600w, https:\/\/i0.wp.com\/bellaryon.com\/wp-content\/uploads\/2025\/02\/IMG_20250202_2135101-scaled.jpg?zoom=3&amp;resize=300%2C300&amp;ssl=1 900w\" sizes=\"auto, (max-width: 300px) 100vw, 300px\" \/><\/div>\n\t\t\t\t\t<div class=\"wc-block-grid__product-title\">Maxi friandises<\/div>\n\t\t\t\t<\/a>\n\t\t\t\t<div class=\"wc-block-grid__product-price price\"><span class=\"woocommerce-Price-amount amount\">1,20&nbsp;<span class=\"woocommerce-Price-currencySymbol\">&euro;<\/span><\/span><\/div>\n\t\t\t\t\n\t\t\t\t<div class=\"wp-block-button wc-block-grid__product-add-to-cart\"><a href=\"\/index.php\/wp-json\/wp\/v2\/pages\/876?add-to-cart=3610\" aria-label=\"Ajouter au panier\u00a0: &ldquo;Maxi friandises&rdquo;\" data-quantity=\"1\" data-product_id=\"3610\" data-product_sku=\"\" data-price=\"1.2\" rel=\"nofollow\" class=\"wp-block-button__link  add_to_cart_button ajax_add_to_cart\">Ajouter au panier<\/a><\/div>\n\t\t\t<\/li><li class=\"wc-block-grid__product\">\n\t\t\t\t<a href=\"https:\/\/bellaryon.com\/index.php\/product\/produit\/\" class=\"wc-block-grid__product-link\">\n\t\t\t\t\t\n\t\t\t\t\t<div class=\"wc-block-grid__product-image\"><img loading=\"lazy\" decoding=\"async\" width=\"300\" height=\"300\" src=\"https:\/\/i0.wp.com\/bellaryon.com\/wp-content\/uploads\/2024\/02\/1000040933-scaled.jpg?resize=300%2C300&amp;ssl=1\" class=\"attachment-woocommerce_thumbnail size-woocommerce_thumbnail\" alt=\"G\u00e2teau d&#039;anniversaire\" srcset=\"https:\/\/i0.wp.com\/bellaryon.com\/wp-content\/uploads\/2024\/02\/1000040933-scaled.jpg?resize=150%2C150&amp;ssl=1 150w, https:\/\/i0.wp.com\/bellaryon.com\/wp-content\/uploads\/2024\/02\/1000040933-scaled.jpg?resize=300%2C300&amp;ssl=1 300w, https:\/\/i0.wp.com\/bellaryon.com\/wp-content\/uploads\/2024\/02\/1000040933-scaled.jpg?resize=100%2C100&amp;ssl=1 100w, https:\/\/i0.wp.com\/bellaryon.com\/wp-content\/uploads\/2024\/02\/1000040933-scaled.jpg?zoom=2&amp;resize=300%2C300&amp;ssl=1 600w, https:\/\/i0.wp.com\/bellaryon.com\/wp-content\/uploads\/2024\/02\/1000040933-scaled.jpg?zoom=3&amp;resize=300%2C300&amp;ssl=1 900w\" sizes=\"auto, (max-width: 300px) 100vw, 300px\" \/><\/div>\n\t\t\t\t\t<div class=\"wc-block-grid__product-title\">G\u00e2teau d&rsquo;anniversaire<\/div>\n\t\t\t\t<\/a>\n\t\t\t\t<div class=\"wc-block-grid__product-price price\"><span class=\"woocommerce-Price-amount amount\">15,00&nbsp;<span class=\"woocommerce-Price-currencySymbol\">&euro;<\/span><\/span><\/div>\n\t\t\t\t\n\t\t\t\t<div class=\"wp-block-button wc-block-grid__product-add-to-cart\"><a href=\"https:\/\/bellaryon.com\/index.php\/product\/produit\/\" aria-label=\"S\u00e9lectionner les options pour &ldquo;G\u00e2teau d&#039;anniversaire&rdquo;\" data-quantity=\"1\" data-product_id=\"1300\" data-product_sku=\"\" data-price=\"15\" rel=\"nofollow\" class=\"wp-block-button__link  add_to_cart_button\">Choix des options<\/a><\/div>\n\t\t\t<\/li><li class=\"wc-block-grid__product\">\n\t\t\t\t<a href=\"https:\/\/bellaryon.com\/index.php\/product\/saint-valentin\/\" class=\"wc-block-grid__product-link\">\n\t\t\t\t\t\n\t\t\t\t\t<div class=\"wc-block-grid__product-image\"><img loading=\"lazy\" decoding=\"async\" width=\"300\" height=\"300\" src=\"https:\/\/i0.wp.com\/bellaryon.com\/wp-content\/uploads\/woocommerce-placeholder.png?resize=300%2C300&amp;ssl=1\" class=\"woocommerce-placeholder wp-post-image\" alt=\"\" srcset=\"https:\/\/i0.wp.com\/bellaryon.com\/wp-content\/uploads\/woocommerce-placeholder.png?w=1200&amp;ssl=1 1200w, https:\/\/i0.wp.com\/bellaryon.com\/wp-content\/uploads\/woocommerce-placeholder.png?resize=300%2C300&amp;ssl=1 300w, https:\/\/i0.wp.com\/bellaryon.com\/wp-content\/uploads\/woocommerce-placeholder.png?resize=1024%2C1024&amp;ssl=1 1024w, https:\/\/i0.wp.com\/bellaryon.com\/wp-content\/uploads\/woocommerce-placeholder.png?resize=150%2C150&amp;ssl=1 150w, https:\/\/i0.wp.com\/bellaryon.com\/wp-content\/uploads\/woocommerce-placeholder.png?resize=768%2C768&amp;ssl=1 768w\" sizes=\"auto, (max-width: 300px) 100vw, 300px\" \/><\/div>\n\t\t\t\t\t<div class=\"wc-block-grid__product-title\">Saint Valentin<\/div>\n\t\t\t\t<\/a>\n\t\t\t\t<div class=\"wc-block-grid__product-price price\"><span class=\"woocommerce-Price-amount amount\">12,90&nbsp;<span class=\"woocommerce-Price-currencySymbol\">&euro;<\/span><\/span><\/div>\n\t\t\t\t\n\t\t\t\t<div class=\"wp-block-button wc-block-grid__product-add-to-cart\"><a href=\"\/index.php\/wp-json\/wp\/v2\/pages\/876?add-to-cart=1145\" aria-label=\"Ajouter au panier\u00a0: &ldquo;Saint Valentin&rdquo;\" data-quantity=\"1\" data-product_id=\"1145\" data-product_sku=\"\" data-price=\"12.9\" rel=\"nofollow\" class=\"wp-block-button__link  add_to_cart_button ajax_add_to_cart\">Ajouter au panier<\/a><\/div>\n\t\t\t<\/li><\/ul><\/div>","protected":false},"excerpt":{"rendered":"<p>Pour toutes les occasions et demandes un peu sp\u00e9ciales Ces choses que vous ne trouvez pas ailleurs, c&rsquo;est ici! Que ce soit pour marquer le coup pour son anniversaire ou bien red\u00e9couvrir nos produits tout y est! Et parce que chez Bellaryon, nous pensons \u00e0 tous nos compagnons, nous proposons ici une gamme de friandises [&hellip;]<\/p>\n","protected":false},"author":1,"featured_media":0,"parent":0,"menu_order":0,"comment_status":"closed","ping_status":"closed","template":"","meta":{"om_disable_all_campaigns":false,"_monsterinsights_skip_tracking":false,"_monsterinsights_sitenote_active":false,"_monsterinsights_sitenote_note":"","_monsterinsights_sitenote_category":0,"jetpack_post_was_ever_published":false,"footnotes":""},"class_list":["post-876","page","type-page","status-publish","hentry"],"blocksy_meta":[],"aioseo_notices":[],"jetpack_sharing_enabled":true,"_links":{"self":[{"href":"https:\/\/bellaryon.com\/index.php\/wp-json\/wp\/v2\/pages\/876","targetHints":{"allow":["GET"]}}],"collection":[{"href":"https:\/\/bellaryon.com\/index.php\/wp-json\/wp\/v2\/pages"}],"about":[{"href":"https:\/\/bellaryon.com\/index.php\/wp-json\/wp\/v2\/types\/page"}],"author":[{"embeddable":true,"href":"https:\/\/bellaryon.com\/index.php\/wp-json\/wp\/v2\/users\/1"}],"replies":[{"embeddable":true,"href":"https:\/\/bellaryon.com\/index.php\/wp-json\/wp\/v2\/comments?post=876"}],"version-history":[{"count":12,"href":"https:\/\/bellaryon.com\/index.php\/wp-json\/wp\/v2\/pages\/876\/revisions"}],"predecessor-version":[{"id":4307,"href":"https:\/\/bellaryon.com\/index.php\/wp-json\/wp\/v2\/pages\/876\/revisions\/4307"}],"wp:attachment":[{"href":"https:\/\/bellaryon.com\/index.php\/wp-json\/wp\/v2\/media?parent=876"}],"curies":[{"name":"wp","href":"https:\/\/api.w.org\/{rel}","templated":true}]}}