{"id":69,"date":"2023-06-02T19:49:19","date_gmt":"2023-06-02T17:49:19","guid":{"rendered":"https:\/\/bellaryon.com\/?page_id=69"},"modified":"2024-10-29T09:59:46","modified_gmt":"2024-10-29T08:59:46","slug":"a-propos-de-nous","status":"publish","type":"page","link":"https:\/\/bellaryon.com\/index.php\/a-propos-de-nous\/","title":{"rendered":"\u00c0 propos de nous"},"content":{"rendered":"\n<div class=\"wp-block-cover is-light\" style=\"min-height:295px;aspect-ratio:unset;\"><span aria-hidden=\"true\" class=\"wp-block-cover__background has-background-dim\" style=\"background-color:#7a8489\"><\/span><img data-recalc-dims=\"1\" decoding=\"async\" class=\"wp-block-cover__image-background wp-image-2637\" alt=\"\" src=\"https:\/\/i0.wp.com\/bellaryon.com\/wp-content\/uploads\/2024\/05\/IMG_20221119_160615-scaled.jpg?w=1290&#038;ssl=1\" style=\"object-position:54% 45%\" data-object-fit=\"cover\" data-object-position=\"54% 45%\"\/><div class=\"wp-block-cover__inner-container is-layout-constrained wp-block-cover-is-layout-constrained\">\n<p class=\"has-text-align-center has-palette-color-8-color has-text-color has-link-color has-x-large-font-size wp-elements-3bd3563585185ac62c4f941c3f843279\"><strong>Un peu d\u2019histoire<\/strong><\/p>\n<\/div><\/div>\n\n\n\n<p class=\"has-text-align-center\" style=\"font-size:clamp(14px, 0.875rem + ((1vw - 3.2px) * 0.234), 17px);\">Bellaryon est n\u00e9e dans le but d\u2019offrir une alimentation plus saine \u00e0 nos chevaux. Nous avons compris que les friandises \u00e9taient un \u00e9l\u00e9ment important pour le bien-\u00eatre de nos compagnons et peuvent leur offrir certains nutriments dont ils ont besoin. Nous avons donc cr\u00e9er Bellaryon pour offrir des gourmandises saines et \u00e9quilibr\u00e9es \u00e0 nos chevaux. Ainsi, Bellaryon est n\u00e9e au c\u0153ur de la Crau, aux portes de la Camargue fran\u00e7aise.<\/p>\n\n\n\n<h2 class=\"wp-block-heading has-text-align-left\">Des ingr\u00e9dients de qualit\u00e9<\/h2>\n\n\n\n<p>Chez Bellaryon, nous pensons que nos chevaux m\u00e9ritent ce qu\u2019il y a de mieux. C\u2019est pourquoi nous nous effor\u00e7ons de n\u2019utiliser que les meilleurs ingr\u00e9dients\u00a0 pour nos friandises. Nous avons donc s\u00e9lectionn\u00e9 avec soin des ingr\u00e9dients naturels. Nos friandises contiennent des vitamines, des min\u00e9raux et des antioxydants b\u00e9n\u00e9fiques pour la sant\u00e9 de votre cheval. Nous avons une vari\u00e9t\u00e9 de friandises pour tous les go\u00fbts. Nous avons tout ce qu\u2019il faut pour satisfaire les besoins de votre cheval.\u00a0<\/p>\n\n\n\n<p>Notre entreprise est fi\u00e8re de dire que toutes nos friandises sont fabriqu\u00e9es \u00e0 partir de produits locaux, sans additifs ni conservateurs, et avec beaucoup d\u2019affection et de soin.<\/p>\n\n\n\n<h2 class=\"wp-block-heading\">Des bienfaits pour les chevaux<\/h2>\n\n\n\n<p>     Les friandises Bellaryon ont de nombreux bienfaits pour les chevaux. Elles sont en premier lieu une r\u00e9compense pour eux.<\/p>\n\n\n\n<p>Nos produits sont fabriqu\u00e9s \u00e0 partir d\u2019ingr\u00e9dients naturels et sains, sans aucun additifs sans colorant sans sucres ajout\u00e9s et sans cuisson, nos friandises sont compos\u00e9es de 50% de fruits et de l\u00e9gumes frais. Nous pensons que la nature nous offre tout ce dont nous avons besoin pour prendre soin de nos chevaux, c\u2019est pourquoi nous n\u2019utilisons que des ingr\u00e9dients naturels. C&rsquo;est pour cela que les friandises Bellaryon aident \u00e0 am\u00e9liorer la digestion des chevaux. <\/p>\n\n\n\n<p>Les ingr\u00e9dients que nous utilisons, tels que les fibres de carottes, aident \u00e0 r\u00e9guler le syst\u00e8me digestif des chevaux. Certaines friandises peuvent \u00e9galement aider \u00e0 r\u00e9duire l\u2019anxi\u00e9t\u00e9 chez les chevaux&#8230; Les chevaux sont des animaux sociaux, et les friandises peuvent aider \u00e0 renforcer le lien entre le cheval et son propri\u00e9taire.<\/p>\n\n\n\n<p>Chez Bellaryon, nous mettons tout en \u0153uvre pour proposer des friandises pour chevaux de qualit\u00e9.<\/p>\n\n\n\n<h2 class=\"wp-block-heading\">Nos engagements<\/h2>\n\n\n\n<p>Chez Bellaryon, nous sommes soucieux de l\u2019environnement et de la protection de la nature. C\u2019est pour cela que nous choisissons des ingr\u00e9dients naturels et cultiv\u00e9s dans le respect de l\u2019environnement\u00a0. C\u2019est \u00e9galement pour cela que nous avons opt\u00e9 pour des emballages recyclables.<\/p>\n\n\n\n<p>Nous travaillons dur pour proposer des produits de qualit\u00e9, qui r\u00e9pondent aux attentes de nos clients. Nous sommes \u00e0 l\u2019\u00e9coute de vos besoins et de vos demandes, pour vous proposer des produits toujours plus adapt\u00e9s \u00e0 vos chevaux. C&rsquo;est pour cela que nous sommes convaincus que nous pouvons faire la diff\u00e9rence, en proposant des friandises pour chevaux saines, savoureuses et respectueuses de l\u2019environnement<\/p>\n\n\n\n<h2 class=\"wp-block-heading\">En conclusion<\/h2>\n\n\n\n<p>    Notre entreprise est fi\u00e8re de fournir des friandises de qualit\u00e9 sup\u00e9rieure pour nos compagnons bien-aim\u00e9s. Nous savons que vous voulez donner \u00e0 vos chevaux des aliments sains et nutritifs, et c\u2019est exactement ce que nous offrons. Nous nous effor\u00e7ons de fournir \u00e0 nos clients un service exceptionnel et une exp\u00e9rience agr\u00e9able chaque fois qu\u2019ils commanderont chez nous.<\/p>\n\n\n\n<p>Alors, si vous cherchez des friandises naturelles et saines pour vos chevaux, ne cherchez pas plus loin que Bellaryon. Nous sommes impatients de vous aider \u00e0 faire plaisir \u00e0 votre compagnon en lui donnant le meilleur.<\/p>\n","protected":false},"excerpt":{"rendered":"<p>Bellaryon est n\u00e9e dans le but d\u2019offrir une alimentation plus saine \u00e0 nos chevaux. Nous avons compris que les friandises \u00e9taient un \u00e9l\u00e9ment important pour le bien-\u00eatre de nos compagnons et peuvent leur offrir certains nutriments dont ils ont besoin. Nous avons donc cr\u00e9er Bellaryon pour offrir des gourmandises saines et \u00e9quilibr\u00e9es \u00e0 nos chevaux. [&hellip;]<\/p>\n","protected":false},"author":1,"featured_media":0,"parent":0,"menu_order":0,"comment_status":"closed","ping_status":"closed","template":"","meta":{"om_disable_all_campaigns":false,"_monsterinsights_skip_tracking":false,"_monsterinsights_sitenote_active":false,"_monsterinsights_sitenote_note":"","_monsterinsights_sitenote_category":0,"jetpack_post_was_ever_published":false,"footnotes":""},"class_list":["post-69","page","type-page","status-publish","hentry"],"blocksy_meta":[],"aioseo_notices":[],"jetpack_sharing_enabled":true,"_links":{"self":[{"href":"https:\/\/bellaryon.com\/index.php\/wp-json\/wp\/v2\/pages\/69","targetHints":{"allow":["GET"]}}],"collection":[{"href":"https:\/\/bellaryon.com\/index.php\/wp-json\/wp\/v2\/pages"}],"about":[{"href":"https:\/\/bellaryon.com\/index.php\/wp-json\/wp\/v2\/types\/page"}],"author":[{"embeddable":true,"href":"https:\/\/bellaryon.com\/index.php\/wp-json\/wp\/v2\/users\/1"}],"replies":[{"embeddable":true,"href":"https:\/\/bellaryon.com\/index.php\/wp-json\/wp\/v2\/comments?post=69"}],"version-history":[{"count":9,"href":"https:\/\/bellaryon.com\/index.php\/wp-json\/wp\/v2\/pages\/69\/revisions"}],"predecessor-version":[{"id":2744,"href":"https:\/\/bellaryon.com\/index.php\/wp-json\/wp\/v2\/pages\/69\/revisions\/2744"}],"wp:attachment":[{"href":"https:\/\/bellaryon.com\/index.php\/wp-json\/wp\/v2\/media?parent=69"}],"curies":[{"name":"wp","href":"https:\/\/api.w.org\/{rel}","templated":true}]}}