{"id":415,"date":"2023-06-09T17:47:19","date_gmt":"2023-06-09T15:47:19","guid":{"rendered":"https:\/\/bellaryon.com\/?page_id=415"},"modified":"2025-07-30T16:46:57","modified_gmt":"2025-07-30T14:46:57","slug":"nos-partenaires","status":"publish","type":"page","link":"https:\/\/bellaryon.com\/index.php\/nos-partenaires\/","title":{"rendered":"Nos Partenaires"},"content":{"rendered":"\n<p class=\"has-text-align-center\">Ici vous pouvez retrouver chacun de nos merveilleux partenaires<br>N&rsquo;h\u00e9sitez pas \u00e0 leur rendre visite<\/p>\n\n\n\n<div class=\"wp-block-stackable-divider stk-block-divider stk-block stk-5907a50\" data-block-id=\"5907a50\"><style>.stk-5907a50 hr.stk-block-divider__hr{background:#a8977b !important;height:2px !important;width:19% !important;}.stk-5907a50 {margin-bottom:0px !important;}<\/style><hr class=\"stk-block-divider__hr\"\/><\/div>\n\n\n\n<div class=\"wp-block-stackable-columns stk-block-columns stk-block stk-3eba51c\" data-block-id=\"3eba51c\"><style>.stk-3eba51c {margin-bottom:0px !important;}@media screen and (max-width:689px){.stk-3eba51c {--stk-col-order-1:2 !important;--stk-col-order-2:1 !important;}}<\/style><div class=\"stk-row stk-inner-blocks has-text-align-center-mobile stk-block-content stk-content-align stk-3eba51c-column\">\n<div class=\"wp-block-stackable-column stk-block-column stk-column stk-block stk-af88616\" data-v=\"4\" data-block-id=\"af88616\"><div class=\"stk-column-wrapper stk-block-column__content stk-container stk-af88616-container stk--no-background stk--no-padding\"><div class=\"stk-block-content stk-inner-blocks stk-af88616-inner-blocks\">\n<div class=\"wp-block-stackable-image stk-block-image stk-block stk-fa12898\" data-block-id=\"fa12898\"><style>.stk-fa12898 .stk-img-wrapper{width:520px !important;height:390px !important;}@media screen and (max-width:689px){.stk-fa12898 .stk-img-wrapper{width:100% !important;height:250px !important;}}<\/style><figure><span class=\"stk-img-wrapper stk-image--shape-stretch\"><img data-recalc-dims=\"1\" loading=\"lazy\" decoding=\"async\" class=\"stk-img wp-image-3862\" src=\"https:\/\/i0.wp.com\/bellaryon.com\/wp-content\/uploads\/2025\/04\/logo-garde-ma-licorne.jpg?resize=408%2C306&#038;ssl=1\" width=\"408\" height=\"306\" alt=\"Garde ma Licorne\" srcset=\"https:\/\/i0.wp.com\/bellaryon.com\/wp-content\/uploads\/2025\/04\/logo-garde-ma-licorne.jpg?w=408&amp;ssl=1 408w, https:\/\/i0.wp.com\/bellaryon.com\/wp-content\/uploads\/2025\/04\/logo-garde-ma-licorne.jpg?resize=300%2C225&amp;ssl=1 300w, https:\/\/i0.wp.com\/bellaryon.com\/wp-content\/uploads\/2025\/04\/logo-garde-ma-licorne.jpg?resize=96%2C72&amp;ssl=1 96w, https:\/\/i0.wp.com\/bellaryon.com\/wp-content\/uploads\/2025\/04\/logo-garde-ma-licorne.jpg?resize=42%2C32&amp;ssl=1 42w, https:\/\/i0.wp.com\/bellaryon.com\/wp-content\/uploads\/2025\/04\/logo-garde-ma-licorne.jpg?resize=64%2C48&amp;ssl=1 64w\" sizes=\"auto, (max-width: 408px) 100vw, 408px\" \/><\/span><\/figure><\/div>\n<\/div><\/div><\/div>\n\n\n\n<div class=\"wp-block-stackable-column stk-block-column stk-column stk-block stk-b9e73ea\" data-v=\"4\" data-block-id=\"b9e73ea\"><div class=\"stk-column-wrapper stk-block-column__content stk-container stk-b9e73ea-container stk--no-background stk--no-padding\"><div class=\"stk-block-content stk-inner-blocks stk-b9e73ea-inner-blocks\">\n<div class=\"wp-block-stackable-heading stk-block-heading stk-block-heading--v2 stk-block stk-ff6bdd0\" id=\"garde-ma-licorne\" data-block-id=\"ff6bdd0\"><h2 class=\"stk-block-heading__text has-text-align-center\">Garde ma Licorne<\/h2><\/div>\n\n\n\n<div class=\"wp-block-stackable-text stk-block-text stk-block stk-c103159\" data-block-id=\"c103159\"><style>.stk-c103159 {margin-bottom:10px !important;}<\/style><p class=\"stk-block-text__text has-text-align-center\">DES VACANCES SEREINES<br>1\u00e8re plateforme nationale GRATUITE d&rsquo;\u00e9change d&rsquo;entraide entre propri\u00e9taires \u00e9quins<br>Votre site de confiance pour le Horse-sitting<\/p><\/div>\n\n\n\n<ul class=\"wp-block-social-links is-content-justification-center is-layout-flex wp-container-core-social-links-is-layout-a89b3969 wp-block-social-links-is-layout-flex\"><li class=\"wp-social-link wp-social-link-instagram  wp-block-social-link\"><a href=\"https:\/\/www.instagram.com\/garde_ma_licorne\/\" class=\"wp-block-social-link-anchor\"><svg width=\"24\" height=\"24\" viewBox=\"0 0 24 24\" version=\"1.1\" xmlns=\"http:\/\/www.w3.org\/2000\/svg\" aria-hidden=\"true\" focusable=\"false\"><path d=\"M12,4.622c2.403,0,2.688,0.009,3.637,0.052c0.877,0.04,1.354,0.187,1.671,0.31c0.42,0.163,0.72,0.358,1.035,0.673 c0.315,0.315,0.51,0.615,0.673,1.035c0.123,0.317,0.27,0.794,0.31,1.671c0.043,0.949,0.052,1.234,0.052,3.637 s-0.009,2.688-0.052,3.637c-0.04,0.877-0.187,1.354-0.31,1.671c-0.163,0.42-0.358,0.72-0.673,1.035 c-0.315,0.315-0.615,0.51-1.035,0.673c-0.317,0.123-0.794,0.27-1.671,0.31c-0.949,0.043-1.233,0.052-3.637,0.052 s-2.688-0.009-3.637-0.052c-0.877-0.04-1.354-0.187-1.671-0.31c-0.42-0.163-0.72-0.358-1.035-0.673 c-0.315-0.315-0.51-0.615-0.673-1.035c-0.123-0.317-0.27-0.794-0.31-1.671C4.631,14.688,4.622,14.403,4.622,12 s0.009-2.688,0.052-3.637c0.04-0.877,0.187-1.354,0.31-1.671c0.163-0.42,0.358-0.72,0.673-1.035 c0.315-0.315,0.615-0.51,1.035-0.673c0.317-0.123,0.794-0.27,1.671-0.31C9.312,4.631,9.597,4.622,12,4.622 M12,3 C9.556,3,9.249,3.01,8.289,3.054C7.331,3.098,6.677,3.25,6.105,3.472C5.513,3.702,5.011,4.01,4.511,4.511 c-0.5,0.5-0.808,1.002-1.038,1.594C3.25,6.677,3.098,7.331,3.054,8.289C3.01,9.249,3,9.556,3,12c0,2.444,0.01,2.751,0.054,3.711 c0.044,0.958,0.196,1.612,0.418,2.185c0.23,0.592,0.538,1.094,1.038,1.594c0.5,0.5,1.002,0.808,1.594,1.038 c0.572,0.222,1.227,0.375,2.185,0.418C9.249,20.99,9.556,21,12,21s2.751-0.01,3.711-0.054c0.958-0.044,1.612-0.196,2.185-0.418 c0.592-0.23,1.094-0.538,1.594-1.038c0.5-0.5,0.808-1.002,1.038-1.594c0.222-0.572,0.375-1.227,0.418-2.185 C20.99,14.751,21,14.444,21,12s-0.01-2.751-0.054-3.711c-0.044-0.958-0.196-1.612-0.418-2.185c-0.23-0.592-0.538-1.094-1.038-1.594 c-0.5-0.5-1.002-0.808-1.594-1.038c-0.572-0.222-1.227-0.375-2.185-0.418C14.751,3.01,14.444,3,12,3L12,3z M12,7.378 c-2.552,0-4.622,2.069-4.622,4.622S9.448,16.622,12,16.622s4.622-2.069,4.622-4.622S14.552,7.378,12,7.378z M12,15 c-1.657,0-3-1.343-3-3s1.343-3,3-3s3,1.343,3,3S13.657,15,12,15z M16.804,6.116c-0.596,0-1.08,0.484-1.08,1.08 s0.484,1.08,1.08,1.08c0.596,0,1.08-0.484,1.08-1.08S17.401,6.116,16.804,6.116z\"><\/path><\/svg><span class=\"wp-block-social-link-label screen-reader-text\">Instagram<\/span><\/a><\/li>\n\n<li class=\"wp-social-link wp-social-link-tiktok  wp-block-social-link\"><a href=\"https:\/\/www.tiktok.com\/@gardemalicorne\" class=\"wp-block-social-link-anchor\"><svg width=\"24\" height=\"24\" viewBox=\"0 0 32 32\" version=\"1.1\" xmlns=\"http:\/\/www.w3.org\/2000\/svg\" aria-hidden=\"true\" focusable=\"false\"><path d=\"M16.708 0.027c1.745-0.027 3.48-0.011 5.213-0.027 0.105 2.041 0.839 4.12 2.333 5.563 1.491 1.479 3.6 2.156 5.652 2.385v5.369c-1.923-0.063-3.855-0.463-5.6-1.291-0.76-0.344-1.468-0.787-2.161-1.24-0.009 3.896 0.016 7.787-0.025 11.667-0.104 1.864-0.719 3.719-1.803 5.255-1.744 2.557-4.771 4.224-7.88 4.276-1.907 0.109-3.812-0.411-5.437-1.369-2.693-1.588-4.588-4.495-4.864-7.615-0.032-0.667-0.043-1.333-0.016-1.984 0.24-2.537 1.495-4.964 3.443-6.615 2.208-1.923 5.301-2.839 8.197-2.297 0.027 1.975-0.052 3.948-0.052 5.923-1.323-0.428-2.869-0.308-4.025 0.495-0.844 0.547-1.485 1.385-1.819 2.333-0.276 0.676-0.197 1.427-0.181 2.145 0.317 2.188 2.421 4.027 4.667 3.828 1.489-0.016 2.916-0.88 3.692-2.145 0.251-0.443 0.532-0.896 0.547-1.417 0.131-2.385 0.079-4.76 0.095-7.145 0.011-5.375-0.016-10.735 0.025-16.093z\" \/><\/svg><span class=\"wp-block-social-link-label screen-reader-text\">TikTok<\/span><\/a><\/li>\n\n<li class=\"wp-social-link wp-social-link-facebook  wp-block-social-link\"><a href=\"https:\/\/www.facebook.com\/Gardemalicorne\" class=\"wp-block-social-link-anchor\"><svg width=\"24\" height=\"24\" viewBox=\"0 0 24 24\" version=\"1.1\" xmlns=\"http:\/\/www.w3.org\/2000\/svg\" aria-hidden=\"true\" focusable=\"false\"><path d=\"M12 2C6.5 2 2 6.5 2 12c0 5 3.7 9.1 8.4 9.9v-7H7.9V12h2.5V9.8c0-2.5 1.5-3.9 3.8-3.9 1.1 0 2.2.2 2.2.2v2.5h-1.3c-1.2 0-1.6.8-1.6 1.6V12h2.8l-.4 2.9h-2.3v7C18.3 21.1 22 17 22 12c0-5.5-4.5-10-10-10z\"><\/path><\/svg><span class=\"wp-block-social-link-label screen-reader-text\">Facebook<\/span><\/a><\/li><\/ul>\n\n\n\n<div class=\"wp-block-stackable-heading stk-block-heading stk-block-heading--v2 stk-block stk-9e48906\" id=\"a-href-https-www-gardemalicorne-fr-https-www-gardemalicorne-fr-a\" data-block-id=\"9e48906\"><h4 class=\"stk-block-heading__text has-text-align-center\"><a href=\"https:\/\/www.gardemalicorne.fr\/\">https:\/\/www.gardemalicorne.fr\/<\/a><\/h4><\/div>\n<\/div><\/div><\/div>\n<\/div><\/div>\n\n\n\n<div class=\"wp-block-stackable-columns stk-block-columns stk-block stk-3e429ea\" data-block-id=\"3e429ea\"><style>.stk-3e429ea {margin-bottom:0px !important;}<\/style><div class=\"stk-row stk-inner-blocks stk-block-content stk-content-align stk-3e429ea-column\">\n<div class=\"wp-block-stackable-column stk-block-column stk-column stk-block stk-a657e50\" data-v=\"4\" data-block-id=\"a657e50\"><div class=\"stk-column-wrapper stk-block-column__content stk-container stk-a657e50-container stk--no-background stk--no-padding\"><div class=\"stk-block-content stk-inner-blocks stk-a657e50-inner-blocks\"><\/div><\/div><\/div>\n<\/div><\/div>\n\n\n\n<div class=\"wp-block-stackable-divider stk-block-divider stk-block stk-68b3a47\" data-block-id=\"68b3a47\"><style>.stk-68b3a47 hr.stk-block-divider__hr{background:#a8977b !important;height:2px !important;width:80% !important;}.stk-68b3a47 {margin-bottom:0px !important;}<\/style><hr class=\"stk-block-divider__hr\"\/><\/div>\n\n\n\n<div class=\"wp-block-stackable-columns stk-block-columns stk-block stk-62a0c97\" data-block-id=\"62a0c97\"><style>.stk-62a0c97 {margin-bottom:0px !important;}@media screen and (max-width:689px){.stk-62a0c97 {--stk-col-order-1:2 !important;--stk-col-order-2:1 !important;}}<\/style><div class=\"stk-row stk-inner-blocks stk-block-content stk-content-align stk-62a0c97-column\">\n<div class=\"wp-block-stackable-column stk-block-column stk-column stk-block stk-dd2d326\" data-v=\"4\" data-block-id=\"dd2d326\"><div class=\"stk-column-wrapper stk-block-column__content stk-container stk-dd2d326-container stk--no-background stk--no-padding\"><div class=\"stk-block-content stk-inner-blocks stk-dd2d326-inner-blocks\">\n<div class=\"wp-block-stackable-heading stk-block-heading stk-block-heading--v2 stk-block stk-1581fe9\" id=\"marine-equimassage\" data-block-id=\"1581fe9\"><h2 class=\"stk-block-heading__text has-text-align-center\">Marine equi&rsquo;massage<\/h2><\/div>\n\n\n\n<div class=\"wp-block-stackable-text stk-block-text stk-block stk-3b6c7c4\" data-block-id=\"3b6c7c4\"><style>.stk-3b6c7c4 {margin-bottom:10px !important;}<\/style><p class=\"stk-block-text__text has-text-align-center\">Equi\u2019massage | Bien-\u00eatre Equin<\/p><\/div>\n\n\n\n<p class=\"has-text-align-center\">\ud83c\udf3c Masseur \u00c9quin<br>\ud83c\udf3c G5 Equitec<br>\ud83c\udf3c Algoth\u00e9rapie<\/p>\n\n\n\n<ul class=\"wp-block-social-links is-content-justification-center is-layout-flex wp-container-core-social-links-is-layout-a89b3969 wp-block-social-links-is-layout-flex\"><li class=\"wp-social-link wp-social-link-instagram  wp-block-social-link\"><a href=\"https:\/\/www.instagram.com\/marine_equimassage\/\" class=\"wp-block-social-link-anchor\"><svg width=\"24\" height=\"24\" viewBox=\"0 0 24 24\" version=\"1.1\" xmlns=\"http:\/\/www.w3.org\/2000\/svg\" aria-hidden=\"true\" focusable=\"false\"><path d=\"M12,4.622c2.403,0,2.688,0.009,3.637,0.052c0.877,0.04,1.354,0.187,1.671,0.31c0.42,0.163,0.72,0.358,1.035,0.673 c0.315,0.315,0.51,0.615,0.673,1.035c0.123,0.317,0.27,0.794,0.31,1.671c0.043,0.949,0.052,1.234,0.052,3.637 s-0.009,2.688-0.052,3.637c-0.04,0.877-0.187,1.354-0.31,1.671c-0.163,0.42-0.358,0.72-0.673,1.035 c-0.315,0.315-0.615,0.51-1.035,0.673c-0.317,0.123-0.794,0.27-1.671,0.31c-0.949,0.043-1.233,0.052-3.637,0.052 s-2.688-0.009-3.637-0.052c-0.877-0.04-1.354-0.187-1.671-0.31c-0.42-0.163-0.72-0.358-1.035-0.673 c-0.315-0.315-0.51-0.615-0.673-1.035c-0.123-0.317-0.27-0.794-0.31-1.671C4.631,14.688,4.622,14.403,4.622,12 s0.009-2.688,0.052-3.637c0.04-0.877,0.187-1.354,0.31-1.671c0.163-0.42,0.358-0.72,0.673-1.035 c0.315-0.315,0.615-0.51,1.035-0.673c0.317-0.123,0.794-0.27,1.671-0.31C9.312,4.631,9.597,4.622,12,4.622 M12,3 C9.556,3,9.249,3.01,8.289,3.054C7.331,3.098,6.677,3.25,6.105,3.472C5.513,3.702,5.011,4.01,4.511,4.511 c-0.5,0.5-0.808,1.002-1.038,1.594C3.25,6.677,3.098,7.331,3.054,8.289C3.01,9.249,3,9.556,3,12c0,2.444,0.01,2.751,0.054,3.711 c0.044,0.958,0.196,1.612,0.418,2.185c0.23,0.592,0.538,1.094,1.038,1.594c0.5,0.5,1.002,0.808,1.594,1.038 c0.572,0.222,1.227,0.375,2.185,0.418C9.249,20.99,9.556,21,12,21s2.751-0.01,3.711-0.054c0.958-0.044,1.612-0.196,2.185-0.418 c0.592-0.23,1.094-0.538,1.594-1.038c0.5-0.5,0.808-1.002,1.038-1.594c0.222-0.572,0.375-1.227,0.418-2.185 C20.99,14.751,21,14.444,21,12s-0.01-2.751-0.054-3.711c-0.044-0.958-0.196-1.612-0.418-2.185c-0.23-0.592-0.538-1.094-1.038-1.594 c-0.5-0.5-1.002-0.808-1.594-1.038c-0.572-0.222-1.227-0.375-2.185-0.418C14.751,3.01,14.444,3,12,3L12,3z M12,7.378 c-2.552,0-4.622,2.069-4.622,4.622S9.448,16.622,12,16.622s4.622-2.069,4.622-4.622S14.552,7.378,12,7.378z M12,15 c-1.657,0-3-1.343-3-3s1.343-3,3-3s3,1.343,3,3S13.657,15,12,15z M16.804,6.116c-0.596,0-1.08,0.484-1.08,1.08 s0.484,1.08,1.08,1.08c0.596,0,1.08-0.484,1.08-1.08S17.401,6.116,16.804,6.116z\"><\/path><\/svg><span class=\"wp-block-social-link-label screen-reader-text\">Instagram<\/span><\/a><\/li>\n\n<li class=\"wp-social-link wp-social-link-facebook  wp-block-social-link\"><a href=\"https:\/\/www.facebook.com\/people\/Marine-Equimassage\/pfbid02TB4CDCK4cS8QEcFLcvnYTbsdhwk11VfoAHqedaNqdVykLhBXf6eDc86bXP8jXarTl\/\" class=\"wp-block-social-link-anchor\"><svg width=\"24\" height=\"24\" viewBox=\"0 0 24 24\" version=\"1.1\" xmlns=\"http:\/\/www.w3.org\/2000\/svg\" aria-hidden=\"true\" focusable=\"false\"><path d=\"M12 2C6.5 2 2 6.5 2 12c0 5 3.7 9.1 8.4 9.9v-7H7.9V12h2.5V9.8c0-2.5 1.5-3.9 3.8-3.9 1.1 0 2.2.2 2.2.2v2.5h-1.3c-1.2 0-1.6.8-1.6 1.6V12h2.8l-.4 2.9h-2.3v7C18.3 21.1 22 17 22 12c0-5.5-4.5-10-10-10z\"><\/path><\/svg><span class=\"wp-block-social-link-label screen-reader-text\">Facebook<\/span><\/a><\/li><\/ul>\n\n\n\n<div class=\"wp-block-stackable-heading stk-block-heading stk-block-heading--v2 stk-block stk-b0b5751\" id=\"a-href-https-www-instagram-com-marine-equimassage-title-https-www-instagram-com-marine-equimassage-a\" data-block-id=\"b0b5751\"><h4 class=\"stk-block-heading__text has-text-align-center\"><a href=\"https:\/\/www.instagram.com\/marine_equimassage\/\" title=\"\">https:\/\/www.instagram.com\/marine_equimassage\/<\/a><\/h4><\/div>\n<\/div><\/div><\/div>\n\n\n\n<div class=\"wp-block-stackable-column stk-block-column stk-column stk-block stk-26dff72\" data-v=\"4\" data-block-id=\"26dff72\"><div class=\"stk-column-wrapper stk-block-column__content stk-container stk-26dff72-container stk--no-background stk--no-padding\"><div class=\"stk-block-content stk-inner-blocks stk-26dff72-inner-blocks\">\n<div class=\"wp-block-stackable-image stk-block-image stk-block stk-966fe15\" data-block-id=\"966fe15\"><style>.stk-966fe15 .stk-img-wrapper{width:520px !important;height:390px !important;}@media screen and (max-width:689px){.stk-966fe15 .stk-img-wrapper{width:100% !important;height:250px !important;}}<\/style><figure><span class=\"stk-img-wrapper stk-image--shape-stretch\"><img data-recalc-dims=\"1\" loading=\"lazy\" decoding=\"async\" class=\"stk-img wp-image-4340\" src=\"https:\/\/i0.wp.com\/bellaryon.com\/wp-content\/uploads\/2025\/06\/Logo-marine.jpg?resize=500%2C500&#038;ssl=1\" width=\"500\" height=\"500\" alt=\"Audrey \u00e0 leur \u00e9coute\" srcset=\"https:\/\/i0.wp.com\/bellaryon.com\/wp-content\/uploads\/2025\/06\/Logo-marine.jpg?w=500&amp;ssl=1 500w, https:\/\/i0.wp.com\/bellaryon.com\/wp-content\/uploads\/2025\/06\/Logo-marine.jpg?resize=300%2C300&amp;ssl=1 300w, https:\/\/i0.wp.com\/bellaryon.com\/wp-content\/uploads\/2025\/06\/Logo-marine.jpg?resize=150%2C150&amp;ssl=1 150w, https:\/\/i0.wp.com\/bellaryon.com\/wp-content\/uploads\/2025\/06\/Logo-marine.jpg?resize=100%2C100&amp;ssl=1 100w, https:\/\/i0.wp.com\/bellaryon.com\/wp-content\/uploads\/2025\/06\/Logo-marine.jpg?resize=96%2C96&amp;ssl=1 96w, https:\/\/i0.wp.com\/bellaryon.com\/wp-content\/uploads\/2025\/06\/Logo-marine.jpg?resize=42%2C42&amp;ssl=1 42w, https:\/\/i0.wp.com\/bellaryon.com\/wp-content\/uploads\/2025\/06\/Logo-marine.jpg?resize=64%2C64&amp;ssl=1 64w\" sizes=\"auto, (max-width: 500px) 100vw, 500px\" \/><\/span><\/figure><\/div>\n<\/div><\/div><\/div>\n<\/div><\/div>\n\n\n\n<div class=\"wp-block-stackable-divider stk-block-divider stk-block stk-b90a625\" data-block-id=\"b90a625\"><style>.stk-b90a625 hr.stk-block-divider__hr{background:#a8977b !important;height:2px !important;width:80% !important;}.stk-b90a625 {margin-bottom:0px !important;}<\/style><hr class=\"stk-block-divider__hr\"\/><\/div>\n\n\n\n<div class=\"wp-block-stackable-columns stk-block-columns stk-block stk-5eebb53\" data-block-id=\"5eebb53\"><style>@media screen and (max-width:689px){.stk-5eebb53 {--stk-col-order-1:2 !important;--stk-col-order-2:1 !important;}}<\/style><div class=\"stk-row stk-inner-blocks stk-block-content stk-content-align stk-5eebb53-column\">\n<div class=\"wp-block-stackable-column stk-block-column stk-column stk-block stk-44b6c0a\" data-v=\"4\" data-block-id=\"44b6c0a\"><div class=\"stk-column-wrapper stk-block-column__content stk-container stk-44b6c0a-container stk--no-background stk--no-padding\"><div class=\"stk-block-content stk-inner-blocks stk-44b6c0a-inner-blocks\">\n<div class=\"wp-block-stackable-image stk-block-image stk-block stk-3fd3c27\" data-block-id=\"3fd3c27\"><figure><span class=\"stk-img-wrapper stk-image--shape-stretch\"><img data-recalc-dims=\"1\" loading=\"lazy\" decoding=\"async\" class=\"stk-img wp-image-3174\" src=\"https:\/\/i0.wp.com\/bellaryon.com\/wp-content\/uploads\/2024\/10\/estrelle-carre.jpg?resize=1080%2C1060\" width=\"1080\" height=\"1060\" srcset=\"https:\/\/i0.wp.com\/bellaryon.com\/wp-content\/uploads\/2024\/10\/estrelle-carre.jpg?w=1080&amp;ssl=1 1080w, https:\/\/i0.wp.com\/bellaryon.com\/wp-content\/uploads\/2024\/10\/estrelle-carre.jpg?resize=300%2C294&amp;ssl=1 300w, https:\/\/i0.wp.com\/bellaryon.com\/wp-content\/uploads\/2024\/10\/estrelle-carre.jpg?resize=1024%2C1005&amp;ssl=1 1024w, https:\/\/i0.wp.com\/bellaryon.com\/wp-content\/uploads\/2024\/10\/estrelle-carre.jpg?resize=768%2C754&amp;ssl=1 768w, https:\/\/i0.wp.com\/bellaryon.com\/wp-content\/uploads\/2024\/10\/estrelle-carre.jpg?resize=600%2C589&amp;ssl=1 600w, https:\/\/i0.wp.com\/bellaryon.com\/wp-content\/uploads\/2024\/10\/estrelle-carre.jpg?resize=96%2C94&amp;ssl=1 96w, https:\/\/i0.wp.com\/bellaryon.com\/wp-content\/uploads\/2024\/10\/estrelle-carre.jpg?resize=42%2C42&amp;ssl=1 42w, https:\/\/i0.wp.com\/bellaryon.com\/wp-content\/uploads\/2024\/10\/estrelle-carre.jpg?resize=64%2C63&amp;ssl=1 64w\" sizes=\"auto, (max-width: 1080px) 100vw, 1080px\" \/><\/span><\/figure><\/div>\n<\/div><\/div><\/div>\n\n\n\n<div class=\"wp-block-stackable-column stk-block-column stk-column stk-block stk-0ae351a\" data-v=\"4\" data-block-id=\"0ae351a\"><style>.stk-0ae351a {top:0px !important;}<\/style><div class=\"stk-column-wrapper stk-block-column__content stk-container stk-0ae351a-container stk--no-background stk--no-padding\"><div class=\"stk-block-content stk-inner-blocks stk-0ae351a-inner-blocks\">\n<div class=\"wp-block-stackable-heading stk-block-heading stk-block-heading--v2 stk-block stk-b0e1836\" id=\"calesthie\" data-block-id=\"b0e1836\"><h2 class=\"stk-block-heading__text has-text-align-center\">Calesthiel<\/h2><\/div>\n\n\n\n<div class=\"wp-block-stackable-text stk-block-text stk-block stk-22811e0\" data-block-id=\"22811e0\"><p class=\"stk-block-text__text has-text-align-center\">Cr\u00e9atrice ind\u00e9pendante qui allie son savoir faire et les mat\u00e9riaux de haute qualit\u00e9. <br>Estelle saura produire le produit qu&rsquo;il vous conviendra dans le domaine \u00e9questre ou canin.<br><\/p><\/div>\n\n\n\n<ul class=\"wp-block-social-links is-content-justification-center is-layout-flex wp-container-core-social-links-is-layout-a89b3969 wp-block-social-links-is-layout-flex\"><li class=\"wp-social-link wp-social-link-instagram  wp-block-social-link\"><a href=\"https:\/\/www.instagram.com\/calesthiel\/\" class=\"wp-block-social-link-anchor\"><svg width=\"24\" height=\"24\" viewBox=\"0 0 24 24\" version=\"1.1\" xmlns=\"http:\/\/www.w3.org\/2000\/svg\" aria-hidden=\"true\" focusable=\"false\"><path d=\"M12,4.622c2.403,0,2.688,0.009,3.637,0.052c0.877,0.04,1.354,0.187,1.671,0.31c0.42,0.163,0.72,0.358,1.035,0.673 c0.315,0.315,0.51,0.615,0.673,1.035c0.123,0.317,0.27,0.794,0.31,1.671c0.043,0.949,0.052,1.234,0.052,3.637 s-0.009,2.688-0.052,3.637c-0.04,0.877-0.187,1.354-0.31,1.671c-0.163,0.42-0.358,0.72-0.673,1.035 c-0.315,0.315-0.615,0.51-1.035,0.673c-0.317,0.123-0.794,0.27-1.671,0.31c-0.949,0.043-1.233,0.052-3.637,0.052 s-2.688-0.009-3.637-0.052c-0.877-0.04-1.354-0.187-1.671-0.31c-0.42-0.163-0.72-0.358-1.035-0.673 c-0.315-0.315-0.51-0.615-0.673-1.035c-0.123-0.317-0.27-0.794-0.31-1.671C4.631,14.688,4.622,14.403,4.622,12 s0.009-2.688,0.052-3.637c0.04-0.877,0.187-1.354,0.31-1.671c0.163-0.42,0.358-0.72,0.673-1.035 c0.315-0.315,0.615-0.51,1.035-0.673c0.317-0.123,0.794-0.27,1.671-0.31C9.312,4.631,9.597,4.622,12,4.622 M12,3 C9.556,3,9.249,3.01,8.289,3.054C7.331,3.098,6.677,3.25,6.105,3.472C5.513,3.702,5.011,4.01,4.511,4.511 c-0.5,0.5-0.808,1.002-1.038,1.594C3.25,6.677,3.098,7.331,3.054,8.289C3.01,9.249,3,9.556,3,12c0,2.444,0.01,2.751,0.054,3.711 c0.044,0.958,0.196,1.612,0.418,2.185c0.23,0.592,0.538,1.094,1.038,1.594c0.5,0.5,1.002,0.808,1.594,1.038 c0.572,0.222,1.227,0.375,2.185,0.418C9.249,20.99,9.556,21,12,21s2.751-0.01,3.711-0.054c0.958-0.044,1.612-0.196,2.185-0.418 c0.592-0.23,1.094-0.538,1.594-1.038c0.5-0.5,0.808-1.002,1.038-1.594c0.222-0.572,0.375-1.227,0.418-2.185 C20.99,14.751,21,14.444,21,12s-0.01-2.751-0.054-3.711c-0.044-0.958-0.196-1.612-0.418-2.185c-0.23-0.592-0.538-1.094-1.038-1.594 c-0.5-0.5-1.002-0.808-1.594-1.038c-0.572-0.222-1.227-0.375-2.185-0.418C14.751,3.01,14.444,3,12,3L12,3z M12,7.378 c-2.552,0-4.622,2.069-4.622,4.622S9.448,16.622,12,16.622s4.622-2.069,4.622-4.622S14.552,7.378,12,7.378z M12,15 c-1.657,0-3-1.343-3-3s1.343-3,3-3s3,1.343,3,3S13.657,15,12,15z M16.804,6.116c-0.596,0-1.08,0.484-1.08,1.08 s0.484,1.08,1.08,1.08c0.596,0,1.08-0.484,1.08-1.08S17.401,6.116,16.804,6.116z\"><\/path><\/svg><span class=\"wp-block-social-link-label screen-reader-text\">Instagram<\/span><\/a><\/li>\n\n<li class=\"wp-social-link wp-social-link-facebook  wp-block-social-link\"><a href=\"https:\/\/www.facebook.com\/people\/Calesthiel\/61\" class=\"wp-block-social-link-anchor\"><svg width=\"24\" height=\"24\" viewBox=\"0 0 24 24\" version=\"1.1\" xmlns=\"http:\/\/www.w3.org\/2000\/svg\" aria-hidden=\"true\" focusable=\"false\"><path d=\"M12 2C6.5 2 2 6.5 2 12c0 5 3.7 9.1 8.4 9.9v-7H7.9V12h2.5V9.8c0-2.5 1.5-3.9 3.8-3.9 1.1 0 2.2.2 2.2.2v2.5h-1.3c-1.2 0-1.6.8-1.6 1.6V12h2.8l-.4 2.9h-2.3v7C18.3 21.1 22 17 22 12c0-5.5-4.5-10-10-10z\"><\/path><\/svg><span class=\"wp-block-social-link-label screen-reader-text\">Facebook<\/span><\/a><\/li><\/ul>\n\n\n\n<div class=\"wp-block-stackable-heading stk-block-heading stk-block-heading--v2 stk-block stk-256854e\" id=\"a-href-https-laboutiquedecalesthiel-com-title-https-laboutiquedecalesthiel-com-https-laboutiquedecalesthiel-com-a\" data-block-id=\"256854e\"><style>.stk-256854e .stk-block-heading__text{color:var(--theme-palette-color-1, #a8977b) !important;}<\/style><h4 class=\"stk-block-heading__text has-text-color has-text-align-center\"><a href=\"https:\/\/laboutiquedecalesthiel.com\/\" title=\"https:\/\/laboutiquedecalesthiel.com\/\">https:\/\/laboutiquedecalesthiel.com\/<\/a><\/h4><\/div>\n<\/div><\/div><\/div>\n<\/div><\/div>\n\n\n\n<p><\/p>\n","protected":false},"excerpt":{"rendered":"<p>Ici vous pouvez retrouver chacun de nos merveilleux partenairesN&rsquo;h\u00e9sitez pas \u00e0 leur rendre visite Garde ma Licorne DES VACANCES SEREINES1\u00e8re plateforme nationale GRATUITE d&rsquo;\u00e9change d&rsquo;entraide entre propri\u00e9taires \u00e9quinsVotre site de confiance pour le Horse-sitting https:\/\/www.gardemalicorne.fr\/ Marine equi&rsquo;massage Equi\u2019massage | Bien-\u00eatre Equin \ud83c\udf3c Masseur \u00c9quin\ud83c\udf3c G5 Equitec\ud83c\udf3c Algoth\u00e9rapie https:\/\/www.instagram.com\/marine_equimassage\/ Calesthiel Cr\u00e9atrice ind\u00e9pendante qui allie son savoir [&hellip;]<\/p>\n","protected":false},"author":1,"featured_media":0,"parent":0,"menu_order":0,"comment_status":"closed","ping_status":"closed","template":"","meta":{"om_disable_all_campaigns":false,"_monsterinsights_skip_tracking":false,"_monsterinsights_sitenote_active":false,"_monsterinsights_sitenote_note":"","_monsterinsights_sitenote_category":0,"jetpack_post_was_ever_published":false,"footnotes":""},"class_list":["post-415","page","type-page","status-publish","hentry"],"blocksy_meta":[],"aioseo_notices":[],"jetpack_sharing_enabled":true,"_links":{"self":[{"href":"https:\/\/bellaryon.com\/index.php\/wp-json\/wp\/v2\/pages\/415","targetHints":{"allow":["GET"]}}],"collection":[{"href":"https:\/\/bellaryon.com\/index.php\/wp-json\/wp\/v2\/pages"}],"about":[{"href":"https:\/\/bellaryon.com\/index.php\/wp-json\/wp\/v2\/types\/page"}],"author":[{"embeddable":true,"href":"https:\/\/bellaryon.com\/index.php\/wp-json\/wp\/v2\/users\/1"}],"replies":[{"embeddable":true,"href":"https:\/\/bellaryon.com\/index.php\/wp-json\/wp\/v2\/comments?post=415"}],"version-history":[{"count":52,"href":"https:\/\/bellaryon.com\/index.php\/wp-json\/wp\/v2\/pages\/415\/revisions"}],"predecessor-version":[{"id":4685,"href":"https:\/\/bellaryon.com\/index.php\/wp-json\/wp\/v2\/pages\/415\/revisions\/4685"}],"wp:attachment":[{"href":"https:\/\/bellaryon.com\/index.php\/wp-json\/wp\/v2\/media?parent=415"}],"curies":[{"name":"wp","href":"https:\/\/api.w.org\/{rel}","templated":true}]}}