{"id":1790,"date":"2022-01-19T09:41:08","date_gmt":"2022-01-19T09:41:08","guid":{"rendered":"https:\/\/startersites.io\/stagingthree\/?page_id=630"},"modified":"2024-10-29T10:10:27","modified_gmt":"2024-10-29T09:10:27","slug":"contact-us","status":"publish","type":"page","link":"https:\/\/bellaryon.com\/index.php\/contact-us\/","title":{"rendered":"Nous contacter"},"content":{"rendered":"\n<div class=\"wp-block-cover alignfull\"><span aria-hidden=\"true\" class=\"wp-block-cover__background has-background-dim-10 has-background-dim\"><\/span><img data-recalc-dims=\"1\" loading=\"lazy\" decoding=\"async\" width=\"1290\" height=\"968\" class=\"wp-block-cover__image-background wp-image-2439\" alt=\"\" src=\"https:\/\/i0.wp.com\/bellaryon.com\/wp-content\/uploads\/2024\/05\/WhatsApp-Image-2024-05-23-a-15.00.44_29fd5fcd-1.jpg?resize=1290%2C968&#038;ssl=1\" data-object-fit=\"cover\" srcset=\"https:\/\/i0.wp.com\/bellaryon.com\/wp-content\/uploads\/2024\/05\/WhatsApp-Image-2024-05-23-a-15.00.44_29fd5fcd-1.jpg?w=2000&amp;ssl=1 2000w, https:\/\/i0.wp.com\/bellaryon.com\/wp-content\/uploads\/2024\/05\/WhatsApp-Image-2024-05-23-a-15.00.44_29fd5fcd-1.jpg?resize=300%2C225&amp;ssl=1 300w, https:\/\/i0.wp.com\/bellaryon.com\/wp-content\/uploads\/2024\/05\/WhatsApp-Image-2024-05-23-a-15.00.44_29fd5fcd-1.jpg?resize=1024%2C768&amp;ssl=1 1024w, https:\/\/i0.wp.com\/bellaryon.com\/wp-content\/uploads\/2024\/05\/WhatsApp-Image-2024-05-23-a-15.00.44_29fd5fcd-1.jpg?resize=768%2C576&amp;ssl=1 768w, https:\/\/i0.wp.com\/bellaryon.com\/wp-content\/uploads\/2024\/05\/WhatsApp-Image-2024-05-23-a-15.00.44_29fd5fcd-1.jpg?resize=96%2C72&amp;ssl=1 96w, https:\/\/i0.wp.com\/bellaryon.com\/wp-content\/uploads\/2024\/05\/WhatsApp-Image-2024-05-23-a-15.00.44_29fd5fcd-1.jpg?resize=42%2C32&amp;ssl=1 42w, https:\/\/i0.wp.com\/bellaryon.com\/wp-content\/uploads\/2024\/05\/WhatsApp-Image-2024-05-23-a-15.00.44_29fd5fcd-1.jpg?resize=1536%2C1152&amp;ssl=1 1536w, https:\/\/i0.wp.com\/bellaryon.com\/wp-content\/uploads\/2024\/05\/WhatsApp-Image-2024-05-23-a-15.00.44_29fd5fcd-1.jpg?resize=1320%2C990&amp;ssl=1 1320w, https:\/\/i0.wp.com\/bellaryon.com\/wp-content\/uploads\/2024\/05\/WhatsApp-Image-2024-05-23-a-15.00.44_29fd5fcd-1.jpg?resize=600%2C450&amp;ssl=1 600w, https:\/\/i0.wp.com\/bellaryon.com\/wp-content\/uploads\/2024\/05\/WhatsApp-Image-2024-05-23-a-15.00.44_29fd5fcd-1.jpg?resize=64%2C48&amp;ssl=1 64w\" sizes=\"auto, (max-width: 1290px) 100vw, 1290px\" \/><div class=\"wp-block-cover__inner-container is-layout-flow wp-block-cover-is-layout-flow\">\n<p class=\"has-text-align-center has-large-font-size\">Contact<\/p>\n\n\n\n<p><\/p>\n<\/div><\/div>\n\n\n\n<div class=\"wp-block-stackable-columns stk-block-columns stk-block stk-6e52a67\" data-block-id=\"6e52a67\"><style>.stk-6e52a67 {max-width:1000px !important;min-width:auto !important;margin-top:-80px !important;margin-right:auto !important;margin-bottom:0px !important;margin-left:auto !important;}.stk-6e52a67-column{--stk-column-gap:35px !important;}@media screen and (max-width:689px){.stk-6e52a67 {margin-top:0px !important;}.stk-6e52a67-column{--stk-column-gap:0px !important;row-gap:80px !important;}}<\/style><div class=\"stk-row stk-inner-blocks has-text-align-center-mobile stk-block-content stk-content-align stk-6e52a67-column\">\n<div class=\"wp-block-stackable-column stk-block-column stk-column stk-block stk-7879cbb\" data-v=\"4\" data-block-id=\"7879cbb\"><style>.stk-7879cbb-container{margin-top:0px !important;margin-right:0px !important;margin-bottom:0px !important;margin-left:0px !important;}@media screen and (min-width:690px){.stk-7879cbb {flex:var(--stk-flex-grow, 1) 1 calc(40% - var(--stk-column-gap, 0px) * 1 \/ 2 ) !important;}}<\/style><div class=\"stk-column-wrapper stk-block-column__content stk-container stk-7879cbb-container stk--no-background stk--no-padding\"><div class=\"stk-block-content stk-inner-blocks stk-7879cbb-inner-blocks\">\n<div class=\"wp-block-stackable-spacer stk-block-spacer stk--no-padding stk-block stk-a573235\" data-block-id=\"a573235\"><style>.stk-a573235 {height:130px !important;}@media screen and (max-width:689px){.stk-a573235 {height:50px !important;}}<\/style><\/div>\n\n\n\n<div class=\"wp-block-stackable-columns stk-block-columns stk-block stk-f54aa14\" data-block-id=\"f54aa14\"><style>.stk-f54aa14 {margin-bottom:35px !important;}.stk-f54aa14-column{--stk-column-gap:35px !important;}@media screen and (max-width:689px){.stk-f54aa14-column{--stk-column-gap:0px !important;row-gap:35px !important;}}<\/style><div class=\"stk-row stk-inner-blocks stk-block-content stk-content-align stk-f54aa14-column\">\n<div class=\"wp-block-stackable-column stk-block-column stk-column stk-block stk-4c654e2\" data-v=\"4\" data-block-id=\"4c654e2\"><style>.stk-4c654e2-container{margin-top:0px !important;margin-right:0px !important;margin-bottom:0px !important;margin-left:0px !important;}@media screen and (min-width:690px){.stk-4c654e2 {flex:var(--stk-flex-grow, 1) 1 calc(15% - var(--stk-column-gap, 0px) * 1 \/ 2 ) !important;}}<\/style><div class=\"stk-column-wrapper stk-block-column__content stk-container stk-4c654e2-container stk--no-background stk--no-padding\"><div class=\"stk-block-content stk-inner-blocks stk-4c654e2-inner-blocks\">\n<div class=\"wp-block-stackable-icon stk-block-icon stk-block stk-71ea651\" data-block-id=\"71ea651\"><style>.stk-71ea651 .stk--svg-wrapper .stk--inner-svg svg:last-child{height:40px !important;width:40px !important;}.stk-71ea651 .stk--svg-wrapper .stk--inner-svg svg:last-child, .stk-71ea651 .stk--svg-wrapper .stk--inner-svg svg:last-child :is(g, path, rect, polygon, ellipse){fill:var(--theme-palette-color-1, #a8977b) !important;}<\/style><span class=\"stk--svg-wrapper\"><div class=\"stk--inner-svg\"><svg style=\"height:0;width:0\"><defs><linearGradient id=\"linear-gradient-71ea651\" x1=\"0\" x2=\"100%\" y1=\"0\" y2=\"0\"><stop offset=\"0%\" style=\"stop-opacity:1;stop-color:var(--linear-gradient-71-ea-651-color-1)\"><\/stop><stop offset=\"100%\" style=\"stop-opacity:1;stop-color:var(--linear-gradient-71-ea-651-color-2)\"><\/stop><\/linearGradient><\/defs><\/svg><svg class=\"ugb-custom-icon\" xmlns=\"http:\/\/www.w3.org\/2000\/svg\" viewBox=\"0 0 40 40\" aria-hidden=\"true\" width=\"32\" height=\"32\">\n  <path d=\"M23.9 15.7c0 2.2-1.7 3.9-3.9 4-2.2 0-3.9-1.7-4-3.9v-.1c0-2.1 1.7-3.9 3.9-3.9s4 1.7 4 3.9zm11.6-.4v.3c0 6.5-8.2 17.4-13.1 23.3-.6.7-1.5 1.1-2.4 1.1-.7 0-1.4-.2-1.9-.7-.2-.1-.3-.3-.4-.4C12.8 33 4.5 22.1 4.5 15.6 4.5 7.1 11.3.1 19.9 0c4.2 0 8 1.5 11 4.4 2.9 2.9 4.5 6.8 4.6 10.9zm-3.5.1c0-3.2-1.3-6.2-3.6-8.5-2.3-2.2-5.3-3.4-8.4-3.4h-.1c-3.2 0-6.2 1.3-8.5 3.6-2.2 2.2-3.5 5.3-3.4 8.5 0 4.5 6.2 13.6 12 20.8 5.9-7.2 12-16.3 12-20.8v-.2z\"><\/path>\n<\/svg><\/div><\/span><\/div>\n<\/div><\/div><\/div>\n\n\n\n<div class=\"wp-block-stackable-column stk-block-column stk-column stk-block stk-859da84\" data-v=\"4\" data-block-id=\"859da84\"><style>.stk-859da84-container{margin-top:0px !important;margin-right:0px !important;margin-bottom:0px !important;margin-left:0px !important;}@media screen and (min-width:690px){.stk-859da84 {flex:var(--stk-flex-grow, 1) 1 calc(85% - var(--stk-column-gap, 0px) * 1 \/ 2 ) !important;}}<\/style><div class=\"stk-column-wrapper stk-block-column__content stk-container stk-859da84-container stk--no-background stk--no-padding\"><div class=\"stk-block-content stk-inner-blocks stk-859da84-inner-blocks\">\n<div class=\"wp-block-stackable-heading stk-block-heading stk-block-heading--v2 stk-block stk-9003eb7\" id=\"adresse-physique\" data-block-id=\"9003eb7\"><style>.stk-9003eb7 {margin-bottom:10px !important;}<\/style><h6 class=\"stk-block-heading__text\">Adresse physique<\/h6><\/div>\n\n\n\n<p>Saint-Martin de Crau, 13310<\/p>\n<\/div><\/div><\/div>\n<\/div><\/div>\n\n\n\n<div class=\"wp-block-stackable-columns stk-block-columns stk-block stk-71ca896\" data-block-id=\"71ca896\"><style>.stk-71ca896 {margin-bottom:35px !important;}.stk-71ca896-column{--stk-column-gap:35px !important;}@media screen and (max-width:689px){.stk-71ca896-column{--stk-column-gap:0px !important;row-gap:35px !important;}}<\/style><div class=\"stk-row stk-inner-blocks stk-block-content stk-content-align stk-71ca896-column\">\n<div class=\"wp-block-stackable-column stk-block-column stk-column stk-block stk-3e5aa5f\" data-v=\"4\" data-block-id=\"3e5aa5f\"><style>.stk-3e5aa5f-container{margin-top:0px !important;margin-right:0px !important;margin-bottom:0px !important;margin-left:0px !important;}@media screen and (min-width:690px){.stk-3e5aa5f {flex:var(--stk-flex-grow, 1) 1 calc(15% - var(--stk-column-gap, 0px) * 1 \/ 2 ) !important;}}<\/style><div class=\"stk-column-wrapper stk-block-column__content stk-container stk-3e5aa5f-container stk--no-background stk--no-padding\"><div class=\"stk-block-content stk-inner-blocks stk-3e5aa5f-inner-blocks\">\n<div class=\"wp-block-stackable-icon stk-block-icon stk-block stk-4f66621\" data-block-id=\"4f66621\"><style>.stk-4f66621 .stk--svg-wrapper .stk--inner-svg svg:last-child{height:40px !important;width:40px !important;}.stk-4f66621 .stk--svg-wrapper .stk--inner-svg svg:last-child, .stk-4f66621 .stk--svg-wrapper .stk--inner-svg svg:last-child :is(g, path, rect, polygon, ellipse){fill:var(--theme-palette-color-1, #a8977b) !important;}<\/style><span class=\"stk--svg-wrapper\"><div class=\"stk--inner-svg\"><svg style=\"height:0;width:0\"><defs><linearGradient id=\"linear-gradient-4f66621\" x1=\"0\" x2=\"100%\" y1=\"0\" y2=\"0\"><stop offset=\"0%\" style=\"stop-opacity:1;stop-color:var(--linear-gradient-4-f-66621-color-1)\"><\/stop><stop offset=\"100%\" style=\"stop-opacity:1;stop-color:var(--linear-gradient-4-f-66621-color-2)\"><\/stop><\/linearGradient><\/defs><\/svg><svg class=\"ugb-custom-icon\" xmlns=\"http:\/\/www.w3.org\/2000\/svg\" viewBox=\"0 0 40 40\" aria-hidden=\"true\" width=\"32\" height=\"32\">\n  <path d=\"M40 13.1V6.4c0-1-.8-1.8-1.8-1.8H1.8c-1 0-1.8.8-1.8 1.8v27.2c0 1 .8 1.8 1.8 1.8h36.5c1 0 1.8-.8 1.8-1.8V13.3c-.1-.1-.1-.2-.1-.2zm-3.5-5v4.1L20 22.6 3.5 12.2V8.1h33zm-33 23.8V16.3L19 26.2c.3.2.6.3.9.3.3 0 .6-.1.9-.3l15.6-9.9v15.5H3.5z\"><\/path>\n<\/svg><\/div><\/span><\/div>\n<\/div><\/div><\/div>\n\n\n\n<div class=\"wp-block-stackable-column stk-block-column stk-column stk-block stk-e0183ce\" data-v=\"4\" data-block-id=\"e0183ce\"><style>.stk-e0183ce-container{margin-top:0px !important;margin-right:0px !important;margin-bottom:0px !important;margin-left:0px !important;}@media screen and (min-width:690px){.stk-e0183ce {flex:var(--stk-flex-grow, 1) 1 calc(85% - var(--stk-column-gap, 0px) * 1 \/ 2 ) !important;}}<\/style><div class=\"stk-column-wrapper stk-block-column__content stk-container stk-e0183ce-container stk--no-background stk--no-padding\"><div class=\"stk-block-content stk-inner-blocks stk-e0183ce-inner-blocks\">\n<div class=\"wp-block-stackable-heading stk-block-heading stk-block-heading--v2 stk-block stk-bfe9254\" id=\"adresse-e-mail\" data-block-id=\"bfe9254\"><style>.stk-bfe9254 {margin-bottom:10px !important;}<\/style><h6 class=\"stk-block-heading__text\">Adresse e-mail<\/h6><\/div>\n\n\n\n<p>bellaryonofficiel@gmail.com<br><\/p>\n<\/div><\/div><\/div>\n<\/div><\/div>\n\n\n\n<div class=\"wp-block-stackable-columns stk-block-columns stk-block stk-576a428\" data-block-id=\"576a428\"><style>.stk-576a428-column{--stk-column-gap:35px !important;}@media screen and (max-width:689px){.stk-576a428-column{--stk-column-gap:0px !important;row-gap:35px !important;}}<\/style><div class=\"stk-row stk-inner-blocks stk-block-content stk-content-align stk-576a428-column\">\n<div class=\"wp-block-stackable-column stk-block-column stk-column stk-block stk-80a43cf\" data-v=\"4\" data-block-id=\"80a43cf\"><style>.stk-80a43cf-container{margin-top:0px !important;margin-right:0px !important;margin-bottom:0px !important;margin-left:0px !important;}@media screen and (min-width:690px){.stk-80a43cf {flex:var(--stk-flex-grow, 1) 1 calc(15% - var(--stk-column-gap, 0px) * 1 \/ 2 ) !important;}}<\/style><div class=\"stk-column-wrapper stk-block-column__content stk-container stk-80a43cf-container stk--no-background stk--no-padding\"><div class=\"stk-block-content stk-inner-blocks stk-80a43cf-inner-blocks\">\n<div class=\"wp-block-stackable-icon stk-block-icon stk-block stk-514d4fa\" data-block-id=\"514d4fa\"><style>.stk-514d4fa .stk--svg-wrapper .stk--inner-svg svg:last-child{height:40px !important;width:40px !important;}.stk-514d4fa .stk--svg-wrapper .stk--inner-svg svg:last-child, .stk-514d4fa .stk--svg-wrapper .stk--inner-svg svg:last-child :is(g, path, rect, polygon, ellipse){fill:var(--theme-palette-color-1, #a8977b) !important;}<\/style><span class=\"stk--svg-wrapper\"><div class=\"stk--inner-svg\"><svg style=\"height:0;width:0\"><defs><linearGradient id=\"linear-gradient-514d4fa\" x1=\"0\" x2=\"100%\" y1=\"0\" y2=\"0\"><stop offset=\"0%\" style=\"stop-opacity:1;stop-color:var(--linear-gradient-514-d-4-fa-color-1)\"><\/stop><stop offset=\"100%\" style=\"stop-opacity:1;stop-color:var(--linear-gradient-514-d-4-fa-color-2)\"><\/stop><\/linearGradient><\/defs><\/svg><svg class=\"ugb-custom-icon\" xmlns=\"http:\/\/www.w3.org\/2000\/svg\" viewBox=\"0 0 40 40\" aria-hidden=\"true\" width=\"32\" height=\"32\">\n  <path d=\"M29.5 40c-4 0-10-2.2-18.7-10.8C5 23.3 1.5 18 .4 13.4c-1.2-5 .8-7.7 1.7-8.6L5.8 1c1.4-1.4 3.6-1.4 5 0 .2.1.2.2.3.3l5.5 7c1.1 1.4 1 3.4-.3 4.7l-2 2c-.2.3-.3.6-.2.9v.1c0 .9 1.7 3.8 3.8 6 2.1 2.1 5.1 3.8 6 3.8h.1c.3 0 .6 0 .9-.2l2-2c1.3-1.3 3.3-1.4 4.7-.3l7 5.4c1.5 1.2 1.8 3.5.6 5-.1.3-.2.4-.2.4l-3.8 3.8c-.6.6-2.4 2.1-5.7 2.1zM8.4 3.4h-.1L4.4 7.2c-.4.4-1.6 1.9-.8 5.4.7 2.8 2.9 7.5 9.6 14.2 6.7 6.7 11.4 8.9 14.2 9.6 3.5.8 5-.4 5.4-.8l3.8-3.8c.1-.1.1-.2 0-.3l-7-5.4c-.1-.1-.2-.1-.3 0l-2.1 2.1-.1.1c-1 .8-2.2 1.1-3.5 1-2.2-.2-5.9-2.5-8.1-4.8-2.2-2.2-4.6-5.9-4.8-8.1-.2-1.2.2-2.5 1-3.5l.1-.1 2.1-2.1c.1-.1.1-.2 0-.3l-5.5-7c.1 0 0 0 0 0zM3.2 6z\"><\/path>\n<\/svg><\/div><\/span><\/div>\n<\/div><\/div><\/div>\n\n\n\n<div class=\"wp-block-stackable-column stk-block-column stk-column stk-block stk-11a8507\" data-v=\"4\" data-block-id=\"11a8507\"><style>.stk-11a8507-container{margin-top:0px !important;margin-right:0px !important;margin-bottom:0px !important;margin-left:0px !important;}@media screen and (min-width:690px){.stk-11a8507 {flex:var(--stk-flex-grow, 1) 1 calc(85% - var(--stk-column-gap, 0px) * 1 \/ 2 ) !important;}}<\/style><div class=\"stk-column-wrapper stk-block-column__content stk-container stk-11a8507-container stk--no-background stk--no-padding\"><div class=\"stk-block-content stk-inner-blocks stk-11a8507-inner-blocks\">\n<div class=\"wp-block-stackable-heading stk-block-heading stk-block-heading--v2 stk-block stk-a4c2d2e\" id=\"telephone-portable\" data-block-id=\"a4c2d2e\"><style>.stk-a4c2d2e {margin-bottom:10px !important;}<\/style><h6 class=\"stk-block-heading__text\">T\u00e9l\u00e9phone portable<\/h6><\/div>\n\n\n\n<p>+33 6 22 92 31 86<br><\/p>\n<\/div><\/div><\/div>\n<\/div><\/div>\n<\/div><\/div><\/div>\n\n\n\n<div class=\"wp-block-stackable-column stk-block-column stk-column stk-block stk-a77da3a stk-block-background\" data-v=\"4\" data-block-id=\"a77da3a\"><style>.stk-a77da3a-container{margin-top:0px !important;margin-right:0px !important;margin-bottom:0px !important;margin-left:0px !important;padding-top:50px !important;padding-right:70px !important;padding-bottom:70px !important;padding-left:70px !important;}.stk-a77da3a {background-color:var(--theme-palette-color-8, #ffffff) !important;box-shadow:0px 10px 30px #0000000d !important;padding-top:0px !important;padding-right:0px !important;padding-bottom:0px !important;padding-left:0px !important;}.stk-a77da3a:before{background-color:var(--theme-palette-color-8, #ffffff) !important;}@media screen and (min-width:690px){.stk-a77da3a {flex:var(--stk-flex-grow, 1) 1 calc(60% - var(--stk-column-gap, 0px) * 1 \/ 2 ) !important;}}@media screen and (max-width:689px){.stk-a77da3a-container{padding-top:35px !important;padding-right:35px !important;padding-bottom:35px !important;padding-left:35px !important;}}<\/style><div class=\"stk-column-wrapper stk-block-column__content stk-container stk-a77da3a-container stk--no-background stk--no-padding\"><div class=\"stk-block-content stk-inner-blocks stk-a77da3a-inner-blocks\">\n<div class=\"wp-block-stackable-heading stk-block-heading stk-block-heading--v2 stk-block stk-98be702\" id=\"ecrivez-nous-votre-message\" data-block-id=\"98be702\"><style>.stk-98be702 {margin-bottom:35px !important;}.stk-98be702 .stk-block-heading__text{font-size:30px !important;}@media screen and (max-width:999px){.stk-98be702 .stk-block-heading__text{font-size:30px !important;}}@media screen and (max-width:689px){.stk-98be702 .stk-block-heading__text{font-size:25px !important;}}<\/style><h3 class=\"stk-block-heading__text\">\u00c9crivez nous votre message<\/h3><\/div>\n\n\n<div class=\"wp-block-jetpack-contact-form alignwide is-style-outlined ticss-82a0fa1f\"><a href=\"https:\/\/bellaryon.com\/index.php\/contact-us\/\" target=\"_blank\" rel=\"noopener noreferrer\">Soumettre un formulaire.<\/a><\/div><\/div><\/div><\/div>\n<\/div><\/div>\n\n\n\n<div class=\"wp-block-stackable-spacer stk-block-spacer stk--no-padding stk-block stk-173396b\" data-block-id=\"173396b\"><style>.stk-173396b {height:100px !important;}@media screen and (max-width:999px){.stk-173396b {height:80px !important;}}<\/style><\/div>\n","protected":false},"excerpt":{"rendered":"<p>Adresse physique Saint-Martin de Crau, 13310 Adresse e-mail bellaryonofficiel@gmail.com T\u00e9l\u00e9phone portable +33 6 22 92 31 86 \u00c9crivez nous votre message<\/p>\n","protected":false},"author":1,"featured_media":0,"parent":0,"menu_order":0,"comment_status":"closed","ping_status":"closed","template":"","meta":{"om_disable_all_campaigns":false,"_monsterinsights_skip_tracking":false,"_monsterinsights_sitenote_active":false,"_monsterinsights_sitenote_note":"","_monsterinsights_sitenote_category":0,"jetpack_post_was_ever_published":false,"footnotes":""},"class_list":["post-1790","page","type-page","status-publish","hentry"],"blocksy_meta":{"styles_descriptor":{"styles":{"desktop":"","tablet":"","mobile":""},"google_fonts":[],"version":6}},"aioseo_notices":[],"jetpack_sharing_enabled":true,"_links":{"self":[{"href":"https:\/\/bellaryon.com\/index.php\/wp-json\/wp\/v2\/pages\/1790","targetHints":{"allow":["GET"]}}],"collection":[{"href":"https:\/\/bellaryon.com\/index.php\/wp-json\/wp\/v2\/pages"}],"about":[{"href":"https:\/\/bellaryon.com\/index.php\/wp-json\/wp\/v2\/types\/page"}],"author":[{"embeddable":true,"href":"https:\/\/bellaryon.com\/index.php\/wp-json\/wp\/v2\/users\/1"}],"replies":[{"embeddable":true,"href":"https:\/\/bellaryon.com\/index.php\/wp-json\/wp\/v2\/comments?post=1790"}],"version-history":[{"count":22,"href":"https:\/\/bellaryon.com\/index.php\/wp-json\/wp\/v2\/pages\/1790\/revisions"}],"predecessor-version":[{"id":3217,"href":"https:\/\/bellaryon.com\/index.php\/wp-json\/wp\/v2\/pages\/1790\/revisions\/3217"}],"wp:attachment":[{"href":"https:\/\/bellaryon.com\/index.php\/wp-json\/wp\/v2\/media?parent=1790"}],"curies":[{"name":"wp","href":"https:\/\/api.w.org\/{rel}","templated":true}]}}