{"id":131,"date":"2023-06-03T18:26:01","date_gmt":"2023-06-03T16:26:01","guid":{"rendered":"https:\/\/bellaryon.com\/?page_id=131"},"modified":"2023-06-13T00:28:51","modified_gmt":"2023-06-12T22:28:51","slug":"politique-de-confidentialite","status":"publish","type":"page","link":"https:\/\/bellaryon.com\/index.php\/politique-de-confidentialite\/","title":{"rendered":"Politique de confidentialit\u00e9"},"content":{"rendered":"\n<p>POLITIQUE DE CONFIDENTIALIT\u00c9<\/p>\n\n\n\n<ol class=\"wp-block-list\">\n<li>COLLECTE DES INFORMATIONS<br>BELLARYON collecte vos coordonn\u00e9es afin de valider vos commandes et pouvoir assurer l\u2019envoie de vos colis. Vos noms, adresses, num\u00e9ro de t\u00e9l\u00e9phone et adresse mail ne serviront que pour l\u2019envoie de vos colis<\/li>\n\n\n\n<li>COMMENT VOS INFORMATIONS SONT-ELLES COLLECTEES ?<br>BELLARYON collecte vos informations lorsque vous passez une commande<br>uniquement.<br>Pour les transactions par carte bancaires, le lien est externe et une approbation est requise.<\/li>\n\n\n\n<li>QUI AURA ACCES A VOS INFORMATIONS ?<br>BELLARYON sera la seule autorit\u00e9 \u00e0 pouvoir utiliser vos informations, uniquement dans le but de traiter vos commandes<br>Les informations collect\u00e9es ne sont stock\u00e9es que le temps de la commande.<\/li>\n\n\n\n<li>CHANGEMENT DE POLITIQUE DE CONFIDENTIALITE<br>En cas de changement de politique de confidentialit\u00e9, BELLARYON s\u2019engage \u00e0 informer les utilisateurs par mail ou publication sur le site.<\/li>\n\n\n\n<li>CONTACT<br>Pour toutes questions concernant la politique de confidentialit\u00e9, le formulaire de contact est disponibles<\/li>\n\n\n\n<li>PROTECTIONS DES DONNEES<br>Les fichiers sont s\u00e9curis\u00e9s et contr\u00f4l\u00e9s par une personne physique<\/li>\n<\/ol>\n","protected":false},"excerpt":{"rendered":"<p>POLITIQUE DE CONFIDENTIALIT\u00c9<\/p>\n","protected":false},"author":1,"featured_media":0,"parent":0,"menu_order":0,"comment_status":"closed","ping_status":"closed","template":"","meta":{"om_disable_all_campaigns":false,"_monsterinsights_skip_tracking":false,"_monsterinsights_sitenote_active":false,"_monsterinsights_sitenote_note":"","_monsterinsights_sitenote_category":0,"jetpack_post_was_ever_published":false,"footnotes":""},"class_list":["post-131","page","type-page","status-publish","hentry"],"blocksy_meta":[],"aioseo_notices":[],"jetpack_sharing_enabled":true,"_links":{"self":[{"href":"https:\/\/bellaryon.com\/index.php\/wp-json\/wp\/v2\/pages\/131","targetHints":{"allow":["GET"]}}],"collection":[{"href":"https:\/\/bellaryon.com\/index.php\/wp-json\/wp\/v2\/pages"}],"about":[{"href":"https:\/\/bellaryon.com\/index.php\/wp-json\/wp\/v2\/types\/page"}],"author":[{"embeddable":true,"href":"https:\/\/bellaryon.com\/index.php\/wp-json\/wp\/v2\/users\/1"}],"replies":[{"embeddable":true,"href":"https:\/\/bellaryon.com\/index.php\/wp-json\/wp\/v2\/comments?post=131"}],"version-history":[{"count":2,"href":"https:\/\/bellaryon.com\/index.php\/wp-json\/wp\/v2\/pages\/131\/revisions"}],"predecessor-version":[{"id":470,"href":"https:\/\/bellaryon.com\/index.php\/wp-json\/wp\/v2\/pages\/131\/revisions\/470"}],"wp:attachment":[{"href":"https:\/\/bellaryon.com\/index.php\/wp-json\/wp\/v2\/media?parent=131"}],"curies":[{"name":"wp","href":"https:\/\/api.w.org\/{rel}","templated":true}]}}