{"id":129,"date":"2023-06-03T18:25:22","date_gmt":"2023-06-03T16:25:22","guid":{"rendered":"https:\/\/bellaryon.com\/?page_id=129"},"modified":"2023-06-13T00:29:59","modified_gmt":"2023-06-12T22:29:59","slug":"politique-de-retour","status":"publish","type":"page","link":"https:\/\/bellaryon.com\/index.php\/politique-de-retour\/","title":{"rendered":"Politique de retour"},"content":{"rendered":"\n<p>POLITIQUE DE RETOUR<br>ARTICLE 1 : RECU<br>En cas de retour ou d\u2019\u00e9change, le client doit fournir un re\u00e7u avec les produits achet\u00e9s r\u00e9pertori\u00e9s, les prix et les coordonn\u00e9es de BELLARYON<br>Les retours ou \u00e9changes sans re\u00e7us ne seront pas accept\u00e9s.<br>ARTICLE 2 : OFFRE<br>Le produit doit \u00eatre retourn\u00e9 dans son emballage d\u2019origine sous 7 jours. Au del\u00e0 de ce d\u00e9lais aucun retour ne sera accept\u00e9.<br>Le produit pourra \u00eatre \u00e9chang\u00e9, si erreur de commande, ou rembours\u00e9 sous forme d\u2019avoir, \u00e0 utiliser sous 30 jours.<br>ARTICLE 3 : RESTRICTIONS<br>Aucun retour ou remboursement ne sera accept\u00e9 pour les produits en promotion sur le site.<br>Les frais d\u2019exp\u00e9dition du produit sera \u00e0 la charge du client<\/p>\n","protected":false},"excerpt":{"rendered":"<p>POLITIQUE DE RETOURARTICLE 1 : RECUEn cas de retour ou d\u2019\u00e9change, le client doit fournir un re\u00e7u avec les produits achet\u00e9s r\u00e9pertori\u00e9s, les prix et les coordonn\u00e9es de BELLARYONLes retours ou \u00e9changes sans re\u00e7us ne seront pas accept\u00e9s.ARTICLE 2 : OFFRELe produit doit \u00eatre retourn\u00e9 dans son emballage d\u2019origine sous 7 jours. Au del\u00e0 de [&hellip;]<\/p>\n","protected":false},"author":1,"featured_media":0,"parent":0,"menu_order":0,"comment_status":"closed","ping_status":"closed","template":"","meta":{"om_disable_all_campaigns":false,"_monsterinsights_skip_tracking":false,"_monsterinsights_sitenote_active":false,"_monsterinsights_sitenote_note":"","_monsterinsights_sitenote_category":0,"jetpack_post_was_ever_published":false,"footnotes":""},"class_list":["post-129","page","type-page","status-publish","hentry"],"blocksy_meta":[],"aioseo_notices":[],"jetpack_sharing_enabled":true,"_links":{"self":[{"href":"https:\/\/bellaryon.com\/index.php\/wp-json\/wp\/v2\/pages\/129","targetHints":{"allow":["GET"]}}],"collection":[{"href":"https:\/\/bellaryon.com\/index.php\/wp-json\/wp\/v2\/pages"}],"about":[{"href":"https:\/\/bellaryon.com\/index.php\/wp-json\/wp\/v2\/types\/page"}],"author":[{"embeddable":true,"href":"https:\/\/bellaryon.com\/index.php\/wp-json\/wp\/v2\/users\/1"}],"replies":[{"embeddable":true,"href":"https:\/\/bellaryon.com\/index.php\/wp-json\/wp\/v2\/comments?post=129"}],"version-history":[{"count":2,"href":"https:\/\/bellaryon.com\/index.php\/wp-json\/wp\/v2\/pages\/129\/revisions"}],"predecessor-version":[{"id":471,"href":"https:\/\/bellaryon.com\/index.php\/wp-json\/wp\/v2\/pages\/129\/revisions\/471"}],"wp:attachment":[{"href":"https:\/\/bellaryon.com\/index.php\/wp-json\/wp\/v2\/media?parent=129"}],"curies":[{"name":"wp","href":"https:\/\/api.w.org\/{rel}","templated":true}]}}